{"id":16,"date":"2023-05-11T11:22:13","date_gmt":"2023-05-11T11:22:13","guid":{"rendered":"http:\/\/scholl-international.com\/?page_id=16"},"modified":"2023-05-11T13:44:10","modified_gmt":"2023-05-11T13:44:10","slug":"home","status":"publish","type":"page","link":"https:\/\/scholl-international.com\/en\/","title":{"rendered":"Home"},"content":{"rendered":"<p>[et_pb_section fb_built=&#8220;1&#8243; _builder_version=&#8220;4.16&#8243; _module_preset=&#8220;default&#8220; custom_margin=&#8220;||||false|false&#8220; custom_padding=&#8220;0px||0px||true|false&#8220; global_colors_info=&#8220;{}&#8220;][et_pb_row _builder_version=&#8220;4.16&#8243; _module_preset=&#8220;default&#8220; custom_padding=&#8220;0px||0px||true|false&#8220; global_colors_info=&#8220;{}&#8220;][et_pb_column type=&#8220;4_4&#8243; _builder_version=&#8220;4.16&#8243; _module_preset=&#8220;default&#8220; global_colors_info=&#8220;{}&#8220;][et_pb_nextend_smart_slider_3 slider=&#8220;2&#8243; _builder_version=&#8220;4.19.5&#8243; _module_preset=&#8220;default&#8220; global_colors_info=&#8220;{}&#8220;][\/et_pb_nextend_smart_slider_3][\/et_pb_column][\/et_pb_row][\/et_pb_section][et_pb_section fb_built=&#8220;1&#8243; _builder_version=&#8220;4.20.4&#8243; _module_preset=&#8220;default&#8220; background_color=&#8220;#000000&#8243; custom_padding=&#8220;0px||0px||true|false&#8220; global_colors_info=&#8220;{}&#8220;][et_pb_row _builder_version=&#8220;4.20.4&#8243; _module_preset=&#8220;default&#8220; custom_padding=&#8220;0px||0px||true|false&#8220; global_colors_info=&#8220;{}&#8220;][et_pb_column type=&#8220;4_4&#8243; _builder_version=&#8220;4.19.5&#8243; _module_preset=&#8220;default&#8220; global_colors_info=&#8220;{}&#8220;][et_pb_text _builder_version=&#8220;4.21.0&#8243; _module_preset=&#8220;default&#8220; header_font=&#8220;futuralc||||||||&#8220; header_text_align=&#8220;center&#8220; header_text_color=&#8220;#FFFFFF&#8220; header_font_size=&#8220;84px&#8220; animation_style=&#8220;bounce&#8220; animation_direction=&#8220;left&#8220; animation_duration=&#8220;1500ms&#8220; animation_delay=&#8220;500ms&#8220; animation_speed_curve=&#8220;ease-out&#8220; hover_enabled=&#8220;0&#8243; header_font_size_tablet=&#8220;59px&#8220; header_font_size_phone=&#8220;32px&#8220; header_font_size_last_edited=&#8220;on|tablet&#8220; header_text_shadow_style=&#8220;preset2&#8243; header_text_shadow_horizontal_length=&#8220;0.02em&#8220; header_text_shadow_vertical_length=&#8220;0.04em&#8220; header_text_shadow_blur_strength=&#8220;0.06em&#8220; header_text_shadow_color=&#8220;#FFFFFF&#8220; global_colors_info=&#8220;{}&#8220; text_font=&#8220;||||||||&#8220; sticky_enabled=&#8220;0&#8243;]<\/p>\n<div class=\"cms-block  pos-0 cms-block-headline\">\n<div class=\"cms-block-container\">\n<div class=\"cms-block-container-responsive\">\n<div class=\"cms-block-container-row row cms-row\">\n<div class=\"col-12\" data-cms-element-id=\"f705469998cb4f3fbf58fee3636b3f97\">\n<div class=\"eightworks-cms-element-headline eightworks-cms-element-headline-h2\">\n<h1><span>60 YEARS SCHOLL CONCEPTS<\/span><\/h1>\n<\/div>\n<\/div>\n<\/div>\n<\/div>\n<\/div>\n<\/div>\n<div class=\"cms-block  pos-1 cms-block-text-two-column\">\n<div class=\"cms-block-container\">\n<div class=\"cms-block-container-responsive\">\n<div class=\"cms-block-container-row row cms-row\">\n<div class=\"col-md-6\" data-cms-element-id=\"9e93b5d0c4e949d7b66765c651aebdb4\">\n<div class=\"cms-element-text\"><\/div>\n<\/div>\n<\/div>\n<\/div>\n<\/div>\n<\/div>\n<p>[\/et_pb_text][\/et_pb_column][\/et_pb_row][et_pb_row _builder_version=&#8220;4.20.4&#8243; _module_preset=&#8220;default&#8220; width_tablet=&#8220;&#8220; width_phone=&#8220;90%&#8220; width_last_edited=&#8220;on|phone&#8220; animation_style=&#8220;zoom&#8220; animation_direction=&#8220;top&#8220; animation_duration=&#8220;1500ms&#8220; animation_delay=&#8220;500ms&#8220; border_width_top=&#8220;1px&#8220; border_style_top=&#8220;outset&#8220; border_width_bottom=&#8220;1px&#8220; border_style_bottom=&#8220;inset&#8220; global_colors_info=&#8220;{}&#8220;][et_pb_column type=&#8220;4_4&#8243; _builder_version=&#8220;4.20.4&#8243; _module_preset=&#8220;default&#8220; global_colors_info=&#8220;{}&#8220;][et_pb_text _builder_version=&#8220;4.21.0&#8243; _module_preset=&#8220;default&#8220; text_font=&#8220;futuralc||||||||&#8220; text_text_color=&#8220;#FFFFFF&#8220; text_font_size=&#8220;22px&#8220; hover_enabled=&#8220;0&#8243; global_colors_info=&#8220;{}&#8220; sticky_enabled=&#8220;0&#8243;]<\/p>\n<div class=\"col-md-6\" data-cms-element-id=\"9e93b5d0c4e949d7b66765c651aebdb4\">\n<div class=\"cms-element-text\">\n<p>Headquartered in Remseck, Germany, SCHOLL Concepts GmbH has been catering to the requirements of the car care industry for more than 60 years by providing premium, innovative car care and maintenance systems for the automotive repair and paint industry. Our commitment and passion to create the perfect paint finish has made us one of the global leaders in innovative and customised solutions and the leading experts for comprehensive paint finish solutions.<\/p>\n<\/div>\n<\/div>\n<div class=\"col-md-6\" data-cms-element-id=\"e11e0af567364ee191c5a671c27b68ce\">\n<div class=\"cms-element-text\">\n<p>Our customers across the globe include commercial bodyshops, demanding detailers, car enthusiasts, well known manufacturers in the automotive industry  as well as yacht builders and luxury boat owners in the marine sector . To cater to their demands, high-grade products developed by SCHOLL Concepts are customised to meet the specific requirements of each individual customer segment.<\/p>\n<\/div>\n<\/div>\n<p>[\/et_pb_text][\/et_pb_column][\/et_pb_row][\/et_pb_section][et_pb_section fb_built=&#8220;1&#8243; custom_padding_last_edited=&#8220;on|phone&#8220; _builder_version=&#8220;4.20.4&#8243; _module_preset=&#8220;default&#8220; background_color=&#8220;#000000&#8243; custom_margin_tablet=&#8220;&#8220; custom_margin_phone=&#8220;0px||0px||true|false&#8220; custom_margin_last_edited=&#8220;on|phone&#8220; custom_padding_tablet=&#8220;&#8220; custom_padding_phone=&#8220;0px||0px||true|false&#8220; global_colors_info=&#8220;{}&#8220;][et_pb_row custom_padding_last_edited=&#8220;on|phone&#8220; _builder_version=&#8220;4.20.4&#8243; _module_preset=&#8220;default&#8220; width_tablet=&#8220;&#8220; width_phone=&#8220;100%&#8220; width_last_edited=&#8220;on|desktop&#8220; max_width=&#8220;90%&#8220; max_width_tablet=&#8220;&#8220; max_width_phone=&#8220;100%&#8220; max_width_last_edited=&#8220;on|phone&#8220; custom_padding=&#8220;0px||0px||true|false&#8220; custom_padding_tablet=&#8220;&#8220; custom_padding_phone=&#8220;0px||0px||true|false&#8220; global_colors_info=&#8220;{}&#8220;][et_pb_column type=&#8220;4_4&#8243; _builder_version=&#8220;4.20.4&#8243; _module_preset=&#8220;default&#8220; global_colors_info=&#8220;{}&#8220;][et_pb_image src=&#8220;https:\/\/scholl-international.com\/wp-content\/uploads\/2023\/05\/60-years.jpg&#8220; title_text=&#8220;60 years&#8220; _builder_version=&#8220;4.20.4&#8243; _module_preset=&#8220;default&#8220; global_colors_info=&#8220;{}&#8220;][\/et_pb_image][\/et_pb_column][\/et_pb_row][\/et_pb_section]<\/p>","protected":false},"excerpt":{"rendered":"<p>60 JAHRE SCHOLL CONCEPTS Die Firma SCHOLL Concepts GmbH mit Sitz in Remseck am Neckar bietet seit \u00fcber 60 Jahren innovative Lackfinish- sowie Autopflege-Konzepte auf h\u00f6chstem Niveau an. Der Drang zur perfekten Lackoberfl\u00e4che, Leidenschaft und hohes Engagement haben das Unternehmen weltweit zu einem der innovativsten, flexibelsten und kompetentesten Anbietern von ganzheitlichen Lackfinish-L\u00f6sungen gemacht. Zu unseren [&hellip;]<\/p>","protected":false},"author":1,"featured_media":0,"parent":0,"menu_order":0,"comment_status":"closed","ping_status":"closed","template":"","meta":{"_et_pb_use_builder":"on","_et_pb_old_content":"","_et_gb_content_width":""},"_links":{"self":[{"href":"https:\/\/scholl-international.com\/en\/wp-json\/wp\/v2\/pages\/16"}],"collection":[{"href":"https:\/\/scholl-international.com\/en\/wp-json\/wp\/v2\/pages"}],"about":[{"href":"https:\/\/scholl-international.com\/en\/wp-json\/wp\/v2\/types\/page"}],"author":[{"embeddable":true,"href":"https:\/\/scholl-international.com\/en\/wp-json\/wp\/v2\/users\/1"}],"replies":[{"embeddable":true,"href":"https:\/\/scholl-international.com\/en\/wp-json\/wp\/v2\/comments?post=16"}],"version-history":[{"count":4,"href":"https:\/\/scholl-international.com\/en\/wp-json\/wp\/v2\/pages\/16\/revisions"}],"predecessor-version":[{"id":404,"href":"https:\/\/scholl-international.com\/en\/wp-json\/wp\/v2\/pages\/16\/revisions\/404"}],"wp:attachment":[{"href":"https:\/\/scholl-international.com\/en\/wp-json\/wp\/v2\/media?parent=16"}],"curies":[{"name":"wp","href":"https:\/\/api.w.org\/{rel}","templated":true}]}}