{"id":301,"date":"2023-05-11T12:34:26","date_gmt":"2023-05-11T12:34:26","guid":{"rendered":"http:\/\/scholl-international.com\/?page_id=301"},"modified":"2023-06-22T09:01:16","modified_gmt":"2023-06-22T09:01:16","slug":"premium-autopflege","status":"publish","type":"page","link":"https:\/\/scholl-international.com\/en\/premium-autopflege\/","title":{"rendered":"Car Care"},"content":{"rendered":"<p>[et_pb_section fb_built=&#8220;1&#8243; fullwidth=&#8220;on&#8220; _builder_version=&#8220;4.17.4&#8243; _module_preset=&#8220;default&#8220; global_colors_info=&#8220;{}&#8220;][et_pb_fullwidth_header title=&#8220;PREMIUM AUTOPFLEGE&#8220; _builder_version=&#8220;4.21.0&#8243; _module_preset=&#8220;233818e6-7119-40ac-be8f-645388de4899&#8243; title_font=&#8220;||||||||&#8220; title_font_size=&#8220;100px&#8220; title_letter_spacing=&#8220;2px&#8220; background_enable_color=&#8220;off&#8220; background_image=&#8220;https:\/\/scholl-international.com\/wp-content\/uploads\/2023\/05\/Header_Cleaner_01_4000px_1920x1920.jpg&#8220; parallax=&#8220;on&#8220; hover_enabled=&#8220;0&#8243; title_font_size_tablet=&#8220;100px&#8220; title_font_size_phone=&#8220;40px&#8220; title_font_size_last_edited=&#8220;on|phone&#8220; title_text_shadow_style=&#8220;preset5&#8243; global_colors_info=&#8220;{}&#8220; sticky_enabled=&#8220;0&#8243;][\/et_pb_fullwidth_header][\/et_pb_section][et_pb_section fb_built=&#8220;1&#8243; custom_padding_last_edited=&#8220;on|phone&#8220; admin_label=&#8220;Tour Timeline &#8211; Diana&#8220; _builder_version=&#8220;4.17.4&#8243; _module_preset=&#8220;default&#8220; background_image=&#8220;https:\/\/scholl-international.com\/wp-content\/uploads\/2023\/05\/Ultimate-Ceramic-Coating-Background-scaled-1.jpeg&#8220; parallax=&#8220;on&#8220; parallax_method=&#8220;off&#8220; background_enable_mask_style=&#8220;on&#8220; background_mask_style=&#8220;blades&#8220; custom_padding=&#8220;103px||162px&#8220; custom_padding_tablet=&#8220;40px||40px&#8220; custom_padding_phone=&#8220;60px||&#8220; background_last_edited=&#8220;on|phone&#8220; background_enable_image_tablet=&#8220;off&#8220; background_enable_image_phone=&#8220;off&#8220; background_enable_mask_style_tablet=&#8220;off&#8220; background_enable_mask_style_phone=&#8220;off&#8220; locked=&#8220;off&#8220; global_colors_info=&#8220;{}&#8220;][et_pb_row column_structure=&#8220;3_5,2_5&#8243; make_equal=&#8220;on&#8220; custom_padding_last_edited=&#8220;on|tablet&#8220; _builder_version=&#8220;4.17.4&#8243; _module_preset=&#8220;default&#8220; width=&#8220;90%&#8220; max_width=&#8220;100%&#8220; custom_padding=&#8220;100px||100px||true|false&#8220; custom_padding_tablet=&#8220;0px||0px||false|false&#8220; custom_padding_phone=&#8220;0px||0px||true|false&#8220; use_custom_width=&#8220;on&#8220; custom_width_px=&#8220;1400px&#8220; global_colors_info=&#8220;{}&#8220;][et_pb_column type=&#8220;3_5&#8243; _builder_version=&#8220;4.17.4&#8243; _module_preset=&#8220;default&#8220; custom_padding=&#8220;|||&#8220; global_colors_info=&#8220;{}&#8220; custom_padding__hover=&#8220;|||&#8220;][et_pb_image src=&#8220;https:\/\/scholl-international.com\/wp-content\/uploads\/2023\/05\/reiniger_autopflege_konzepte.jpg&#8220; title_text=&#8220;reiniger_autopflege_konzepte&#8220; force_fullwidth=&#8220;on&#8220; align_tablet=&#8220;center&#8220; align_phone=&#8220;center&#8220; align_last_edited=&#8220;on|desktop&#8220; admin_label=&#8220;Tour Timeline &#8211; Diana &#8211; Image&#8220; _builder_version=&#8220;4.17.4&#8243; _module_preset=&#8220;default&#8220; transform_scale_linked=&#8220;off&#8220; custom_margin=&#8220;||0px&#8220; custom_padding=&#8220;||10px||false|false&#8220; custom_padding_tablet=&#8220;||10px||false|false&#8220; custom_padding_phone=&#8220;||10px||false|false&#8220; custom_padding_last_edited=&#8220;on|tablet&#8220; filter_saturate=&#8220;138%&#8220; animation_style=&#8220;slide&#8220; animation_direction=&#8220;left&#8220; box_shadow_style=&#8220;preset2&#8243; box_shadow_horizontal=&#8220;-5px&#8220; box_shadow_vertical=&#8220;5px&#8220; box_shadow_blur=&#8220;5px&#8220; box_shadow_color=&#8220;#000000&#8243; box_shadow_horizontal_tablet=&#8220;-5px&#8220; box_shadow_horizontal_phone=&#8220;-5px&#8220; box_shadow_horizontal_last_edited=&#8220;on|phone&#8220; global_colors_info=&#8220;{}&#8220;][\/et_pb_image][\/et_pb_column][et_pb_column type=&#8220;2_5&#8243; _builder_version=&#8220;4.17.4&#8243; _module_preset=&#8220;default&#8220; background_color=&#8220;rgba(255,255,255,0.86)&#8220; background_enable_pattern_style=&#8220;on&#8220; background_pattern_style=&#8220;tufted&#8220; custom_padding=&#8220;3%|3%|3%|3%|true|true&#8220; custom_padding_tablet=&#8220;3%|3%|3%|3%|true|true&#8220; custom_padding_phone=&#8220;0%|0%|0%|0%|true|true&#8220; custom_padding_last_edited=&#8220;on|desktop&#8220; box_shadow_style=&#8220;preset1&#8243; box_shadow_color_tablet=&#8220;&#8220; box_shadow_color_phone=&#8220;RGBA(255,255,255,0)&#8220; box_shadow_color_last_edited=&#8220;on|phone&#8220; global_colors_info=&#8220;{}&#8220; custom_padding__hover=&#8220;|||&#8220;][et_pb_cta title=&#8220;VISION\u00c4RE AUTOPFLEGEKONZEPTE&#8220; admin_label=&#8220;Tour Timeline &#8211; Diana &#8211; What is it worth?&#8220; _builder_version=&#8220;4.19.5&#8243; _module_preset=&#8220;default&#8220; header_level=&#8220;h1&#8243; header_font=&#8220;|700||on|||||&#8220; header_text_color=&#8220;#000000&#8243; header_font_size=&#8220;36px&#8220; body_font=&#8220;|600|||||||&#8220; body_text_color=&#8220;#000000&#8243; body_line_height=&#8220;180%&#8220; use_background_color=&#8220;off&#8220; text_orientation=&#8220;justified&#8220; custom_padding_tablet=&#8220;&#8220; custom_padding_phone=&#8220;10px||||false|false&#8220; custom_padding_last_edited=&#8220;on|phone&#8220; animation_style=&#8220;slide&#8220; animation_direction=&#8220;right&#8220; header_font_size_tablet=&#8220;22px&#8220; header_font_size_phone=&#8220;20px&#8220; header_font_size_last_edited=&#8220;on|phone&#8220; text_orientation_tablet=&#8220;justified&#8220; text_orientation_phone=&#8220;left&#8220; text_orientation_last_edited=&#8220;on|phone&#8220; custom_css_promo_description=&#8220;font-weight: 400 !important;&#8220; custom_css_promo_title=&#8220;font-weight: 400 !important;||padding-bottom: 19px;&#8220; header_text_shadow_style=&#8220;preset1&#8243; global_colors_info=&#8220;{}&#8220;]<\/p>\n<article class=\"article\">\n<div class=\"row\">\n<div class=\"col-24 col-m-12\">\n<div class=\"text exception\">\n<p>While developing our chemical detailing range, our main goal was to express the innovative potential of our products. At the same time, our focus was on creating visionary and universal products that offer added value to our customers. Combined with easy-to-use foam applicator hand pads, our innovative car care chemicals produce amazing results. Moreover, through all stages of development, we ensure that we strictly adhere to California\u2019s stringent VOC requirements.<\/p>\n<\/div>\n<\/div>\n<\/div>\n<\/article>\n<article class=\"article\"><\/article>\n<p>[\/et_pb_cta][\/et_pb_column][\/et_pb_row][et_pb_row column_structure=&#8220;2_5,3_5&#8243; make_equal=&#8220;on&#8220; custom_padding_last_edited=&#8220;on|tablet&#8220; module_class=&#8220;image_right&#8220; _builder_version=&#8220;4.17.4&#8243; _module_preset=&#8220;default&#8220; width=&#8220;90%&#8220; max_width=&#8220;100%&#8220; custom_padding=&#8220;100px||100px||true|false&#8220; custom_padding_tablet=&#8220;0px||0px||false|false&#8220; custom_padding_phone=&#8220;0px||0px||true|false&#8220; custom_css_main_element=&#8220;display: flex;||flex-wrap: wrap;&#8220; use_custom_width=&#8220;on&#8220; custom_width_px=&#8220;1400px&#8220; global_colors_info=&#8220;{}&#8220; custom_css_main_element_last_edited=&#8220;on|phone&#8220; custom_css_main_element_tablet=&#8220;display: flex;||flex-wrap: wrap;&#8220; custom_css_main_element_phone=&#8220;display: flex;||flex-wrap: wrap;&#8220;][et_pb_column type=&#8220;2_5&#8243; _builder_version=&#8220;4.17.4&#8243; _module_preset=&#8220;default&#8220; background_enable_pattern_style=&#8220;on&#8220; background_pattern_style=&#8220;tufted&#8220; custom_padding=&#8220;3%|3%|3%|3%|true|true&#8220; custom_padding_tablet=&#8220;3%|3%|3%|3%|true|true&#8220; custom_padding_phone=&#8220;0%|0%|0%|0%|true|true&#8220; custom_padding_last_edited=&#8220;on|desktop&#8220; box_shadow_style=&#8220;preset1&#8243; box_shadow_color_tablet=&#8220;&#8220; box_shadow_color_phone=&#8220;RGBA(255,255,255,0)&#8220; box_shadow_color_last_edited=&#8220;on|phone&#8220; global_colors_info=&#8220;{}&#8220; custom_padding__hover=&#8220;|||&#8220; custom_css_main_element_last_edited=&#8220;on|tablet&#8220; custom_css_main_element_phone=&#8220;order:2;&#8220; custom_css_main_element_tablet=&#8220;order:2;&#8220;][et_pb_cta title=&#8220;NACHHALTIGE &#038; QUALITATIV HOCHWERTIGE AUTOPFLEGE-CHEMIE&#8220; admin_label=&#8220;Tour Timeline &#8211; Diana &#8211; What is it worth?&#8220; _builder_version=&#8220;4.19.5&#8243; _module_preset=&#8220;default&#8220; header_level=&#8220;h1&#8243; header_font=&#8220;|700||on|||||&#8220; header_text_align=&#8220;left&#8220; header_text_color=&#8220;#000000&#8243; header_font_size=&#8220;36px&#8220; body_font=&#8220;|600|||||||&#8220; body_text_color=&#8220;#000000&#8243; body_line_height=&#8220;180%&#8220; use_background_color=&#8220;off&#8220; text_orientation=&#8220;justified&#8220; custom_padding=&#8220;||||false|false&#8220; custom_padding_tablet=&#8220;||||false|false&#8220; custom_padding_phone=&#8220;10px||||false|false&#8220; custom_padding_last_edited=&#8220;on|phone&#8220; animation_style=&#8220;slide&#8220; animation_direction=&#8220;right&#8220; header_font_size_tablet=&#8220;22px&#8220; header_font_size_phone=&#8220;20px&#8220; header_font_size_last_edited=&#8220;on|phone&#8220; text_orientation_tablet=&#8220;justified&#8220; text_orientation_phone=&#8220;left&#8220; text_orientation_last_edited=&#8220;on|phone&#8220; custom_css_promo_description=&#8220;font-weight: 400 !important;&#8220; custom_css_promo_title=&#8220;font-weight: 400 !important;||padding-bottom: 19px;&#8220; header_text_shadow_style=&#8220;preset1&#8243; global_colors_info=&#8220;{}&#8220;]<\/p>\n<article class=\"article\">\n<div class=\"row\">\n<div class=\"col-24 col-m-12\">\n<div class=\"text exception\">\n<p>The limited durability of many plastic and car care products can often be rather discouraging. For instance, we painstakingly apply dressings on vinyl, mouldings, trims and plastic components, yet the gloss seems to vanish immediately after the next car wash or rain shower. Thanks to their wide range of applications and amazing durability, our premium products provide impressive results. Exceptional cleaners such as our RIM7 gel with colour change formula, the all-purpose cleaner SPAM and our universal polymer protection NEO set new standards within the detailing world.<\/p>\n<\/div>\n<\/div>\n<\/div>\n<\/article>\n<article class=\"article\"><\/article>\n<p>[\/et_pb_cta][\/et_pb_column][et_pb_column type=&#8220;3_5&#8243; _builder_version=&#8220;4.17.4&#8243; _module_preset=&#8220;default&#8220; custom_padding=&#8220;|||&#8220; global_colors_info=&#8220;{}&#8220; custom_padding__hover=&#8220;|||&#8220;][et_pb_image src=&#8220;https:\/\/scholl-international.com\/wp-content\/uploads\/2023\/05\/reiniger_autopflege_chemie.jpg&#8220; title_text=&#8220;reiniger_autopflege_chemie&#8220; force_fullwidth=&#8220;on&#8220; align_tablet=&#8220;center&#8220; align_phone=&#8220;center&#8220; align_last_edited=&#8220;on|desktop&#8220; admin_label=&#8220;Tour Timeline &#8211; Diana &#8211; Image&#8220; _builder_version=&#8220;4.17.4&#8243; _module_preset=&#8220;default&#8220; custom_margin=&#8220;||0px&#8220; custom_padding_tablet=&#8220;10px||10px||true|false&#8220; custom_padding_phone=&#8220;10px||10px||true|false&#8220; custom_padding_last_edited=&#8220;on|phone&#8220; filter_saturate=&#8220;139%&#8220; animation_style=&#8220;slide&#8220; animation_direction=&#8220;right&#8220; box_shadow_style=&#8220;preset2&#8243; box_shadow_horizontal=&#8220;5px&#8220; box_shadow_vertical=&#8220;5px&#8220; box_shadow_blur=&#8220;5px&#8220; box_shadow_color=&#8220;#000000&#8243; global_colors_info=&#8220;{}&#8220;][\/et_pb_image][\/et_pb_column][\/et_pb_row][et_pb_row column_structure=&#8220;3_5,2_5&#8243; make_equal=&#8220;on&#8220; custom_padding_last_edited=&#8220;on|tablet&#8220; _builder_version=&#8220;4.17.4&#8243; _module_preset=&#8220;default&#8220; width=&#8220;90%&#8220; max_width=&#8220;100%&#8220; custom_padding=&#8220;100px||100px||true|false&#8220; custom_padding_tablet=&#8220;0px||0px||false|false&#8220; custom_padding_phone=&#8220;0px||0px||true|false&#8220; use_custom_width=&#8220;on&#8220; custom_width_px=&#8220;1400px&#8220; locked=&#8220;off&#8220; global_colors_info=&#8220;{}&#8220;][et_pb_column type=&#8220;3_5&#8243; _builder_version=&#8220;4.17.4&#8243; _module_preset=&#8220;default&#8220; custom_padding=&#8220;|||&#8220; global_colors_info=&#8220;{}&#8220; custom_padding__hover=&#8220;|||&#8220;][et_pb_image src=&#8220;https:\/\/scholl-international.com\/wp-content\/uploads\/2023\/05\/reiniger_modular.jpg&#8220; title_text=&#8220;reiniger_modular&#8220; force_fullwidth=&#8220;on&#8220; align_tablet=&#8220;center&#8220; align_phone=&#8220;center&#8220; align_last_edited=&#8220;on|desktop&#8220; admin_label=&#8220;Tour Timeline &#8211; Diana &#8211; Image&#8220; _builder_version=&#8220;4.17.4&#8243; _module_preset=&#8220;default&#8220; transform_scale_linked=&#8220;off&#8220; custom_margin=&#8220;||0px&#8220; custom_padding=&#8220;10px||10px||true|false&#8220; custom_padding_tablet=&#8220;10px||10px||true|false&#8220; custom_padding_phone=&#8220;10px||10px||true|false&#8220; custom_padding_last_edited=&#8220;on|tablet&#8220; filter_saturate=&#8220;138%&#8220; animation_style=&#8220;slide&#8220; animation_direction=&#8220;left&#8220; box_shadow_style=&#8220;preset2&#8243; box_shadow_horizontal=&#8220;-5px&#8220; box_shadow_vertical=&#8220;5px&#8220; box_shadow_blur=&#8220;5px&#8220; box_shadow_color=&#8220;#000000&#8243; box_shadow_horizontal_tablet=&#8220;-5px&#8220; box_shadow_horizontal_phone=&#8220;-5px&#8220; box_shadow_horizontal_last_edited=&#8220;on|phone&#8220; global_colors_info=&#8220;{}&#8220;][\/et_pb_image][\/et_pb_column][et_pb_column type=&#8220;2_5&#8243; _builder_version=&#8220;4.17.4&#8243; _module_preset=&#8220;default&#8220; background_color=&#8220;rgba(255,255,255,0.86)&#8220; background_enable_pattern_style=&#8220;on&#8220; background_pattern_style=&#8220;tufted&#8220; custom_padding=&#8220;3%|3%|3%|3%|true|true&#8220; custom_padding_tablet=&#8220;3%|3%|3%|3%|true|true&#8220; custom_padding_phone=&#8220;0%|0%|0%|0%|true|true&#8220; custom_padding_last_edited=&#8220;on|desktop&#8220; box_shadow_style=&#8220;preset1&#8243; box_shadow_color_tablet=&#8220;&#8220; box_shadow_color_phone=&#8220;RGBA(255,255,255,0)&#8220; box_shadow_color_last_edited=&#8220;on|phone&#8220; global_colors_info=&#8220;{}&#8220; custom_padding__hover=&#8220;|||&#8220;][et_pb_cta title=&#8220;MODULARES FERTIGUNGSVERFAHREN&#8220; admin_label=&#8220;Tour Timeline &#8211; Diana &#8211; What is it worth?&#8220; _builder_version=&#8220;4.19.5&#8243; _module_preset=&#8220;default&#8220; header_level=&#8220;h1&#8243; header_font=&#8220;|700||on|||||&#8220; header_text_color=&#8220;#000000&#8243; header_font_size=&#8220;36px&#8220; body_font=&#8220;|600|||||||&#8220; body_text_color=&#8220;#000000&#8243; body_line_height=&#8220;180%&#8220; use_background_color=&#8220;off&#8220; text_orientation=&#8220;justified&#8220; custom_padding_tablet=&#8220;&#8220; custom_padding_phone=&#8220;10px||||false|false&#8220; custom_padding_last_edited=&#8220;on|phone&#8220; animation_style=&#8220;slide&#8220; animation_direction=&#8220;right&#8220; header_font_size_tablet=&#8220;22px&#8220; header_font_size_phone=&#8220;20px&#8220; header_font_size_last_edited=&#8220;on|phone&#8220; text_orientation_tablet=&#8220;justified&#8220; text_orientation_phone=&#8220;left&#8220; text_orientation_last_edited=&#8220;on|phone&#8220; custom_css_promo_description=&#8220;font-weight: 400 !important;&#8220; custom_css_promo_title=&#8220;font-weight: 400 !important;||padding-bottom: 19px;&#8220; header_text_shadow_style=&#8220;preset1&#8243; locked=&#8220;off&#8220; global_colors_info=&#8220;{}&#8220;]<\/p>\n<article class=\"article\">\n<div class=\"row\">\n<div class=\"col-24 col-m-12\">\n<div class=\"text exception\">\n<p><span>The innovativeness of our formulas is reflected in our chemical production facilities. An unconventional, modular manufacturing concept and a fully automated gravimetric process control system ensure cost-effective and efficient production. A brand new, high-capacity filling line manages the complex filling process of our products into small and large bottles and containers.<\/span><\/p>\n<\/div>\n<\/div>\n<\/div>\n<\/article>\n<article class=\"article\"><\/article>\n<p>[\/et_pb_cta][\/et_pb_column][\/et_pb_row][\/et_pb_section][et_pb_section fb_built=&#8220;1&#8243; custom_padding_last_edited=&#8220;on|phone&#8220; _builder_version=&#8220;4.19.5&#8243; _module_preset=&#8220;default&#8220; background_image=&#8220;https:\/\/scholl-international.com\/wp-content\/uploads\/2023\/05\/Ultimate-Ceramic-Coating-Background-scaled-1.jpeg&#8220; parallax=&#8220;on&#8220; parallax_method=&#8220;off&#8220; custom_padding_tablet=&#8220;&#8220; custom_padding_phone=&#8220;0px||0px||true|false&#8220; background_last_edited=&#8220;on|phone&#8220; global_colors_info=&#8220;{}&#8220;][et_pb_row _builder_version=&#8220;4.20.4&#8243; _module_preset=&#8220;default&#8220; background_image=&#8220;https:\/\/scholl-international.com\/wp-content\/uploads\/2023\/05\/butcher-image-11.png&#8220; background_size=&#8220;initial&#8220; background_repeat=&#8220;repeat-x&#8220; width=&#8220;100%&#8220; custom_padding=&#8220;40px|0px|40px|0px|false|false&#8220; use_custom_width=&#8220;on&#8220; width_unit=&#8220;off&#8220; custom_width_percent=&#8220;100%&#8220; locked=&#8220;off&#8220; global_colors_info=&#8220;{}&#8220; background_color_gradient_start__hover=&#8220;#2b87da&#8220; background_color_gradient_start__hover_enabled=&#8220;#2b87da&#8220; background_color_gradient_end__hover=&#8220;#29c4a9&#8243; background_color_gradient_end__hover_enabled=&#8220;#29c4a9&#8243; use_background_color_gradient__hover=&#8220;off&#8220; use_background_color_gradient__hover_enabled=&#8220;off&#8220; background_color_gradient_type__hover=&#8220;linear&#8220; background_color_gradient_type__hover_enabled=&#8220;linear&#8220; background_color_gradient_direction__hover=&#8220;180deg&#8220; background_color_gradient_direction__hover_enabled=&#8220;180deg&#8220; background_color_gradient_direction_radial__hover=&#8220;center&#8220; background_color_gradient_direction_radial__hover_enabled=&#8220;center&#8220; background_color_gradient_start_position__hover=&#8220;0%&#8220; background_color_gradient_start_position__hover_enabled=&#8220;0%&#8220; background_color_gradient_end_position__hover=&#8220;100%&#8220; background_color_gradient_end_position__hover_enabled=&#8220;100%&#8220; background_color_gradient_overlays_image__hover=&#8220;off&#8220; background_color_gradient_overlays_image__hover_enabled=&#8220;off&#8220; background_color_gradient_stops__hover=&#8220;#2b87da 0%|#29c4a9 100%&#8220;][et_pb_column type=&#8220;4_4&#8243; _builder_version=&#8220;4.17.4&#8243; _module_preset=&#8220;default&#8220; custom_padding=&#8220;|||&#8220; global_colors_info=&#8220;{}&#8220; custom_padding__hover=&#8220;|||&#8220;][et_pb_text _builder_version=&#8220;4.19.5&#8243; _module_preset=&#8220;7eebc5e2-98df-4e44-a001-c1cd7385b932&#8243; text_font=&#8220;||||||||&#8220; header_2_font=&#8220;|||on|||||&#8220; header_2_font_size=&#8220;60px&#8220; header_2_line_height=&#8220;1.4em&#8220; background_enable_color=&#8220;off&#8220; background_image=&#8220;https:\/\/scholl-international.com\/wp-content\/uploads\/2023\/05\/Ultimate-Ceramic-Coating-Background-scaled-1.jpeg&#8220; parallax=&#8220;on&#8220; parallax_method=&#8220;off&#8220; text_orientation=&#8220;center&#8220; background_layout=&#8220;dark&#8220; max_width=&#8220;600px&#8220; max_width_tablet=&#8220;600px&#8220; max_width_phone=&#8220;72%&#8220; max_width_last_edited=&#8220;on|phone&#8220; module_alignment=&#8220;center&#8220; header_2_font_size_tablet=&#8220;35px&#8220; header_2_font_size_phone=&#8220;25px&#8220; header_2_font_size_last_edited=&#8220;on|phone&#8220; header_3_font_size_tablet=&#8220;48px&#8220; background_last_edited=&#8220;on|phone&#8220; global_colors_info=&#8220;{}&#8220; header_font_size__hover=&#8220;30px&#8220; header_font_size__hover_enabled=&#8220;30px&#8220; header_letter_spacing__hover=&#8220;0px&#8220; header_letter_spacing__hover_enabled=&#8220;0px&#8220; header_text_shadow_style__hover=&#8220;none&#8220; header_text_shadow_style__hover_enabled=&#8220;none&#8220; header_text_shadow_color__hover=&#8220;rgba(0,0,0,0.4)&#8220; header_text_shadow_color__hover_enabled=&#8220;rgba(0,0,0,0.4)&#8220; text_font_size__hover=&#8220;14px&#8220; text_font_size__hover_enabled=&#8220;14px&#8220; text_letter_spacing__hover=&#8220;0px&#8220; text_letter_spacing__hover_enabled=&#8220;0px&#8220; text_line_height__hover=&#8220;1.7em&#8220; text_line_height__hover_enabled=&#8220;1.7em&#8220; text_text_shadow_style__hover=&#8220;none&#8220; text_text_shadow_style__hover_enabled=&#8220;none&#8220; text_text_shadow_color__hover=&#8220;rgba(0,0,0,0.4)&#8220; text_text_shadow_color__hover_enabled=&#8220;rgba(0,0,0,0.4)&#8220; link_font_size__hover=&#8220;14px&#8220; link_font_size__hover_enabled=&#8220;14px&#8220; link_letter_spacing__hover=&#8220;0px&#8220; link_letter_spacing__hover_enabled=&#8220;0px&#8220; link_line_height__hover=&#8220;1em&#8220; link_line_height__hover_enabled=&#8220;1em&#8220; link_text_shadow_style__hover=&#8220;none&#8220; link_text_shadow_style__hover_enabled=&#8220;none&#8220; link_text_shadow_color__hover=&#8220;rgba(0,0,0,0.4)&#8220; link_text_shadow_color__hover_enabled=&#8220;rgba(0,0,0,0.4)&#8220; ul_font_size__hover=&#8220;14px&#8220; ul_font_size__hover_enabled=&#8220;14px&#8220; ul_letter_spacing__hover=&#8220;0px&#8220; ul_letter_spacing__hover_enabled=&#8220;0px&#8220; ul_line_height__hover=&#8220;1em&#8220; ul_line_height__hover_enabled=&#8220;1em&#8220; ul_text_shadow_style__hover=&#8220;none&#8220; ul_text_shadow_style__hover_enabled=&#8220;none&#8220; ul_text_shadow_color__hover=&#8220;rgba(0,0,0,0.4)&#8220; ul_text_shadow_color__hover_enabled=&#8220;rgba(0,0,0,0.4)&#8220; ol_font_size__hover=&#8220;14px&#8220; ol_font_size__hover_enabled=&#8220;14px&#8220; ol_letter_spacing__hover=&#8220;0px&#8220; ol_letter_spacing__hover_enabled=&#8220;0px&#8220; ol_line_height__hover=&#8220;1em&#8220; ol_line_height__hover_enabled=&#8220;1em&#8220; ol_text_shadow_style__hover=&#8220;none&#8220; ol_text_shadow_style__hover_enabled=&#8220;none&#8220; ol_text_shadow_color__hover=&#8220;rgba(0,0,0,0.4)&#8220; ol_text_shadow_color__hover_enabled=&#8220;rgba(0,0,0,0.4)&#8220; quote_font_size__hover=&#8220;14px&#8220; quote_font_size__hover_enabled=&#8220;14px&#8220; quote_letter_spacing__hover=&#8220;0px&#8220; quote_letter_spacing__hover_enabled=&#8220;0px&#8220; quote_line_height__hover=&#8220;1em&#8220; quote_line_height__hover_enabled=&#8220;1em&#8220; quote_text_shadow_style__hover=&#8220;none&#8220; quote_text_shadow_style__hover_enabled=&#8220;none&#8220; quote_text_shadow_color__hover=&#8220;rgba(0,0,0,0.4)&#8220; quote_text_shadow_color__hover_enabled=&#8220;rgba(0,0,0,0.4)&#8220; text_orientation__hover=&#8220;left&#8220; text_orientation__hover_enabled=&#8220;left&#8220; background_layout__hover=&#8220;light&#8220; background_layout__hover_enabled=&#8220;light&#8220;]<\/p>\n<h2>\u00a0PRODUCTS<\/h2>\n<p>[\/et_pb_text][\/et_pb_column][\/et_pb_row][et_pb_row custom_padding_last_edited=&#8220;on|phone&#8220; _builder_version=&#8220;4.17.4&#8243; _module_preset=&#8220;default&#8220; custom_padding_tablet=&#8220;&#8220; custom_padding_phone=&#8220;0px||0px||true|false&#8220; global_colors_info=&#8220;{}&#8220;][et_pb_column type=&#8220;4_4&#8243; _builder_version=&#8220;4.17.4&#8243; _module_preset=&#8220;default&#8220; global_colors_info=&#8220;{}&#8220;][et_pb_shop type=&#8220;product_category&#8220; include_categories=&#8220;24&#8243; columns_number=&#8220;5&#8243; _builder_version=&#8220;4.21.0&#8243; _module_preset=&#8220;default&#8220; title_font=&#8220;|600|||||||&#8220; title_text_align=&#8220;center&#8220; title_text_color=&#8220;#FFFFFF&#8220; global_colors_info=&#8220;{}&#8220;][\/et_pb_shop][\/et_pb_column][\/et_pb_row][\/et_pb_section][et_pb_section fb_built=&#8220;1&#8243; _builder_version=&#8220;4.17.4&#8243; _module_preset=&#8220;default&#8220; background_image=&#8220;https:\/\/scholl-international.com\/wp-content\/uploads\/2023\/05\/Ultimate-Ceramic-Coating-Background-scaled-1.jpeg&#8220; parallax=&#8220;on&#8220; parallax_method=&#8220;off&#8220; background_enable_mask_style=&#8220;on&#8220; background_mask_style=&#8220;blades&#8220; background_mask_color=&#8220;#FFFFFF&#8220; background_mask_transform=&#8220;invert|flip_horizontal&#8220; locked=&#8220;off&#8220; global_colors_info=&#8220;{}&#8220;][et_pb_row custom_padding_last_edited=&#8220;on|tablet&#8220; _builder_version=&#8220;4.17.4&#8243; _module_preset=&#8220;default&#8220; custom_padding=&#8220;0px||0px||true|false&#8220; custom_padding_tablet=&#8220;0px||0px||true|false&#8220; custom_padding_phone=&#8220;0px||0px||true|false&#8220; global_colors_info=&#8220;{}&#8220;][et_pb_column type=&#8220;4_4&#8243; _builder_version=&#8220;4.17.4&#8243; _module_preset=&#8220;default&#8220; global_colors_info=&#8220;{}&#8220;][et_pb_image src=&#8220;https:\/\/scholl-international.com\/wp-content\/uploads\/2023\/05\/carcare_guide-2-scaled-1.jpg&#8220; title_text=&#8220;carcare_guide (2)&#8220; _builder_version=&#8220;4.17.4&#8243; _module_preset=&#8220;default&#8220; global_colors_info=&#8220;{}&#8220;][\/et_pb_image][\/et_pb_column][\/et_pb_row][\/et_pb_section]<\/p>","protected":false},"excerpt":{"rendered":"<p>Bei der Entwicklung unseres Detailing-Sortiments war die ausgepr\u00e4gte Innovationskraft der Produkte das prim\u00e4re Ziel. Zudem wollten wir vision\u00e4re und universelle Produkte entwickeln, die dem Kunden bei der Verarbeitung einen gewissen Zusatznutzen vermitteln. Durch den Einsatz unserer innovativen Autopflege-Produkte, gepaart mit den handlichen Schaumstoff-Applikatoren, lassen sich au\u00dfergew\u00f6hnliche Pflegeergebnisse erzielen. Bei der Entwicklung haben wir zudem konsequent [&hellip;]<\/p>","protected":false},"author":1,"featured_media":0,"parent":0,"menu_order":0,"comment_status":"closed","ping_status":"closed","template":"","meta":{"_et_pb_use_builder":"on","_et_pb_old_content":"","_et_gb_content_width":""},"_links":{"self":[{"href":"https:\/\/scholl-international.com\/en\/wp-json\/wp\/v2\/pages\/301"}],"collection":[{"href":"https:\/\/scholl-international.com\/en\/wp-json\/wp\/v2\/pages"}],"about":[{"href":"https:\/\/scholl-international.com\/en\/wp-json\/wp\/v2\/types\/page"}],"author":[{"embeddable":true,"href":"https:\/\/scholl-international.com\/en\/wp-json\/wp\/v2\/users\/1"}],"replies":[{"embeddable":true,"href":"https:\/\/scholl-international.com\/en\/wp-json\/wp\/v2\/comments?post=301"}],"version-history":[{"count":6,"href":"https:\/\/scholl-international.com\/en\/wp-json\/wp\/v2\/pages\/301\/revisions"}],"predecessor-version":[{"id":528,"href":"https:\/\/scholl-international.com\/en\/wp-json\/wp\/v2\/pages\/301\/revisions\/528"}],"wp:attachment":[{"href":"https:\/\/scholl-international.com\/en\/wp-json\/wp\/v2\/media?parent=301"}],"curies":[{"name":"wp","href":"https:\/\/api.w.org\/{rel}","templated":true}]}}