{"id":55,"date":"2023-05-11T11:47:19","date_gmt":"2023-05-11T11:47:19","guid":{"rendered":"http:\/\/scholl-international.com\/?post_type=product&#038;p=55"},"modified":"2023-05-11T11:47:59","modified_gmt":"2023-05-11T11:47:59","slug":"s20-black-real-1-step-paste","status":"publish","type":"product","link":"https:\/\/scholl-international.com\/en\/product\/s20-black-real-1-step-paste\/","title":{"rendered":"S20 BLACK REAL 1-STEP COMPOUND"},"content":{"rendered":"<p>S20 Black ist eine vision\u00e4re und einzigartige 1-Step Hochleistungs-Paste mit einem \u00e4u\u00dferst breiten Leistungsspektrum auf allen bekannten Lacksystemen. Noch nie war das Aufbereiten von verwitterten und verkratzten Fahrzeuglacken so einfach! Durch die konsequente Weiterentwicklung unserer iPT-Pulvertechnologie k\u00f6nnen &#8211; unabh\u00e4ngig vom H\u00e4rtegrad des Lackes &#8211; selbst tiefe Kratzer und Gebrauchsspuren m\u00fchelos in nur einem Schritt entfernt werden. Trotz der enormen Abtragsleistung besticht die 1-Step Paste durch ihre \u00fcberragenden Glanzeigenschaften. So lassen sich selbst Hologramme auf dunklen Lacken m\u00fchelos und nachhaltig auspolieren.<\/p>\n<p>Using the correct S20 Black Polishing Pad, you will always achieve an excellent high-gloss finish in just one single step. Please refer to the application chart for details. The Real 1-Step Polish was designed for applications with rotary polishers. However, S20 Black can also be applied easily with a modern high-stroke dual action polisher.<\/p>","protected":false},"excerpt":{"rendered":"<p>S20 Black ist eine vision\u00e4re und einzigartige 1-Step Hochleistungs-Paste mit einem \u00e4u\u00dferst breiten Leistungsspektrum auf allen bekannten Lacksystemen. Noch nie war das Aufbereiten von verwitterten und verkratzten Fahrzeuglacken so einfach! Durch die konsequente Weiterentwicklung unserer iPT-Pulvertechnologie k\u00f6nnen &#8211; unabh\u00e4ngig vom H\u00e4rtegrad des Lackes &#8211; selbst tiefe Kratzer und Gebrauchsspuren m\u00fchelos in nur einem Schritt entfernt werden. Trotz der enormen Abtragsleistung besticht die 1-Step Paste durch ihre \u00fcberragenden Glanzeigenschaften. So lassen sich selbst Hologramme auf dunklen Lacken m\u00fchelos und nachhaltig auspolieren.<\/p>\n<p>Using the correct S20 Black Polishing Pad, you will always achieve an excellent high-gloss finish in just one single step. Please refer to the application chart for details. The Real 1-Step Polish was designed for applications with rotary polishers. However, S20 Black can also be applied easily with a modern high-stroke dual action polisher.<\/p>","protected":false},"featured_media":90,"comment_status":"open","ping_status":"closed","template":"","meta":{"_et_pb_use_builder":"","_et_pb_old_content":"","_et_gb_content_width":""},"product_cat":[21],"product_tag":[],"_links":{"self":[{"href":"https:\/\/scholl-international.com\/en\/wp-json\/wp\/v2\/product\/55"}],"collection":[{"href":"https:\/\/scholl-international.com\/en\/wp-json\/wp\/v2\/product"}],"about":[{"href":"https:\/\/scholl-international.com\/en\/wp-json\/wp\/v2\/types\/product"}],"replies":[{"embeddable":true,"href":"https:\/\/scholl-international.com\/en\/wp-json\/wp\/v2\/comments?post=55"}],"wp:featuredmedia":[{"embeddable":true,"href":"https:\/\/scholl-international.com\/en\/wp-json\/wp\/v2\/media\/90"}],"wp:attachment":[{"href":"https:\/\/scholl-international.com\/en\/wp-json\/wp\/v2\/media?parent=55"}],"wp:term":[{"taxonomy":"product_cat","embeddable":true,"href":"https:\/\/scholl-international.com\/en\/wp-json\/wp\/v2\/product_cat?post=55"},{"taxonomy":"product_tag","embeddable":true,"href":"https:\/\/scholl-international.com\/en\/wp-json\/wp\/v2\/product_tag?post=55"}],"curies":[{"name":"wp","href":"https:\/\/api.w.org\/{rel}","templated":true}]}}