{"id":66,"date":"2023-05-11T11:47:22","date_gmt":"2023-05-11T11:47:22","guid":{"rendered":"http:\/\/scholl-international.com\/?post_type=product&#038;p=66"},"modified":"2023-05-11T11:49:54","modified_gmt":"2023-05-11T11:49:54","slug":"w6-premium-lackversiegelung","status":"publish","type":"product","link":"https:\/\/scholl-international.com\/en\/product\/w6-premium-lackversiegelung\/","title":{"rendered":"W6+ PREMIUM GLAZE WAX"},"content":{"rendered":"<p>The Premium Car Wax W6+ is a particularly effective and unique paint protection. Natural Carnauba wax and high-end synthetic components will permanently protect the paint against the elements and leave a long lasting, bright and mirror-like gloss. The easy handling of the wax will convince you.<\/p>\n<p>Bei Lacken mit starken Gebrauchsspuren empfehlen wir eine Lackvorreinigung mit einer SCHOLL Schleifpaste (&#8222;heavy&#8220; oder &#8222;medium&#8220; cut). Wir empfehlen grunds\u00e4tzlich die manuelle Verarbeitung mit dem handlichen, schwarzen Applikations-Puck. Die Poliermittelr\u00fcckst\u00e4nde einfach mit dem saumfreien, roten MicroPLUS Finishtuch abwischen. Bei der maschinellen Verarbeitung mit rotierenden oder exzentrischen Poliermaschinen sollte die Premium Versiegelung W6+ mit dem orangefarbenen SCHOLL Polierpad aufgetragen werden.<\/p>","protected":false},"excerpt":{"rendered":"<p>The Premium Car Wax W6+ is a particularly effective and unique paint protection. Natural Carnauba wax and high-end synthetic components will permanently protect the paint against the elements and leave a long lasting, bright and mirror-like gloss. The easy handling of the wax will convince you.<\/p>\n<p>Bei Lacken mit starken Gebrauchsspuren empfehlen wir eine Lackvorreinigung mit einer SCHOLL Schleifpaste (&#8222;heavy&#8220; oder &#8222;medium&#8220; cut). Wir empfehlen grunds\u00e4tzlich die manuelle Verarbeitung mit dem handlichen, schwarzen Applikations-Puck. Die Poliermittelr\u00fcckst\u00e4nde einfach mit dem saumfreien, roten MicroPLUS Finishtuch abwischen. Bei der maschinellen Verarbeitung mit rotierenden oder exzentrischen Poliermaschinen sollte die Premium Versiegelung W6+ mit dem orangefarbenen SCHOLL Polierpad aufgetragen werden.<\/p>","protected":false},"featured_media":112,"comment_status":"open","ping_status":"closed","template":"","meta":{"_et_pb_use_builder":"","_et_pb_old_content":"","_et_gb_content_width":""},"product_cat":[22],"product_tag":[],"_links":{"self":[{"href":"https:\/\/scholl-international.com\/en\/wp-json\/wp\/v2\/product\/66"}],"collection":[{"href":"https:\/\/scholl-international.com\/en\/wp-json\/wp\/v2\/product"}],"about":[{"href":"https:\/\/scholl-international.com\/en\/wp-json\/wp\/v2\/types\/product"}],"replies":[{"embeddable":true,"href":"https:\/\/scholl-international.com\/en\/wp-json\/wp\/v2\/comments?post=66"}],"wp:featuredmedia":[{"embeddable":true,"href":"https:\/\/scholl-international.com\/en\/wp-json\/wp\/v2\/media\/112"}],"wp:attachment":[{"href":"https:\/\/scholl-international.com\/en\/wp-json\/wp\/v2\/media?parent=66"}],"wp:term":[{"taxonomy":"product_cat","embeddable":true,"href":"https:\/\/scholl-international.com\/en\/wp-json\/wp\/v2\/product_cat?post=66"},{"taxonomy":"product_tag","embeddable":true,"href":"https:\/\/scholl-international.com\/en\/wp-json\/wp\/v2\/product_tag?post=66"}],"curies":[{"name":"wp","href":"https:\/\/api.w.org\/{rel}","templated":true}]}}