{"id":68,"date":"2023-05-11T11:47:22","date_gmt":"2023-05-11T11:47:22","guid":{"rendered":"http:\/\/scholl-international.com\/?post_type=product&#038;p=68"},"modified":"2023-05-11T11:50:04","modified_gmt":"2023-05-11T11:50:04","slug":"ice-glas-wasserfleckenreiniger-gel","status":"publish","type":"product","link":"https:\/\/scholl-international.com\/en\/product\/ice-glas-wasserfleckenreiniger-gel\/","title":{"rendered":"ICE GLASS &amp; WATERSPOT CLEANER GEL"},"content":{"rendered":"<p>Das innovative ICE Glas- und Wasserflecken-Reinigungs-Gel ist eine einzigartige, hochwirksame und hochviskose Gel-Formulierung zur effektiven Reinigung von Glas- und Lack-Oberfl\u00e4chen. Ein unverwechselbares Merkmal des Reinigungs-Gels ist sein integrierter &#8222;Ablauf-Stopp&#8220;. Beim Aufspr\u00fchen des Reinigers kann dieser auf senkrechten Glas- und Lackfl\u00e4chen nicht mehr ablaufen, was zu einer noch effizienteren und sehr sparsamen Glasreinigung beitr\u00e4gt. ICE ist bestens geeignet, um Oberfl\u00e4chen in Sekunden von hartn\u00e4ckigen Kalk- und Wasserflecken zu befreien. Ein Muss f\u00fcr jeden Autoliebhaber und eine clevere Reinigungsl\u00f6sung nach der Autow\u00e4sche.<\/p>\n<p>APPLICATION ON GLASS: Just spray ICE Cleaner Gel onto the glass surfaces and rub it in with a clean paper towel in a circular motion. Evaporates quickly and leaves behind streak-free glass surfaces.<\/p>\n<p>APPLICATION ON PAINT AND OTHER SMOOTH SURFACES: Apply ICE Cleaner Gel and wipe it off with our soft, red MicroPLUS Finishing Cloth \u2013 done! Well suited for chrome surfaces.<\/p>","protected":false},"excerpt":{"rendered":"<p>Das innovative ICE Glas- und Wasserflecken-Reinigungs-Gel ist eine einzigartige, hochwirksame und hochviskose Gel-Formulierung zur effektiven Reinigung von Glas- und Lack-Oberfl\u00e4chen. Ein unverwechselbares Merkmal des Reinigungs-Gels ist sein integrierter &#8222;Ablauf-Stopp&#8220;. Beim Aufspr\u00fchen des Reinigers kann dieser auf senkrechten Glas- und Lackfl\u00e4chen nicht mehr ablaufen, was zu einer noch effizienteren und sehr sparsamen Glasreinigung beitr\u00e4gt. ICE ist bestens geeignet, um Oberfl\u00e4chen in Sekunden von hartn\u00e4ckigen Kalk- und Wasserflecken zu befreien. Ein Muss f\u00fcr jeden Autoliebhaber und eine clevere Reinigungsl\u00f6sung nach der Autow\u00e4sche.<\/p>\n<p>APPLICATION ON GLASS: Just spray ICE Cleaner Gel onto the glass surfaces and rub it in with a clean paper towel in a circular motion. Evaporates quickly and leaves behind streak-free glass surfaces.<\/p>\n<p>APPLICATION ON PAINT AND OTHER SMOOTH SURFACES: Apply ICE Cleaner Gel and wipe it off with our soft, red MicroPLUS Finishing Cloth \u2013 done! Well suited for chrome surfaces.<\/p>","protected":false},"featured_media":115,"comment_status":"open","ping_status":"closed","template":"","meta":{"_et_pb_use_builder":"","_et_pb_old_content":"","_et_gb_content_width":""},"product_cat":[24],"product_tag":[],"_links":{"self":[{"href":"https:\/\/scholl-international.com\/en\/wp-json\/wp\/v2\/product\/68"}],"collection":[{"href":"https:\/\/scholl-international.com\/en\/wp-json\/wp\/v2\/product"}],"about":[{"href":"https:\/\/scholl-international.com\/en\/wp-json\/wp\/v2\/types\/product"}],"replies":[{"embeddable":true,"href":"https:\/\/scholl-international.com\/en\/wp-json\/wp\/v2\/comments?post=68"}],"wp:featuredmedia":[{"embeddable":true,"href":"https:\/\/scholl-international.com\/en\/wp-json\/wp\/v2\/media\/115"}],"wp:attachment":[{"href":"https:\/\/scholl-international.com\/en\/wp-json\/wp\/v2\/media?parent=68"}],"wp:term":[{"taxonomy":"product_cat","embeddable":true,"href":"https:\/\/scholl-international.com\/en\/wp-json\/wp\/v2\/product_cat?post=68"},{"taxonomy":"product_tag","embeddable":true,"href":"https:\/\/scholl-international.com\/en\/wp-json\/wp\/v2\/product_tag?post=68"}],"curies":[{"name":"wp","href":"https:\/\/api.w.org\/{rel}","templated":true}]}}