{"id":69,"date":"2023-05-11T11:47:23","date_gmt":"2023-05-11T11:47:23","guid":{"rendered":"http:\/\/scholl-international.com\/?post_type=product&#038;p=69"},"modified":"2023-05-11T11:50:10","modified_gmt":"2023-05-11T11:50:10","slug":"purple-vinypflege-liquid","status":"publish","type":"product","link":"https:\/\/scholl-international.com\/en\/product\/purple-vinypflege-liquid\/","title":{"rendered":"PURPLE VINYLCARE LIQUID"},"content":{"rendered":"<p>PURPLE ist eine speziell f\u00fcr den Fahrzeuginnenraum entwickelte Kunststoffpflege auf Basis moderner Polymertechnologie. So lassen sich verstaubte und ausgebleichte Oberfl\u00e4chen wie Armaturenbrett, T\u00fcrverkleidung, Vinylfl\u00e4chen etc. m\u00fchelos und dauerhaft pflegen. PURPLE aufspr\u00fchen und mit dem handlichen schwarzen Applikations-Puck kreisf\u00f6rmig verteilen, kurz antrocknen lassen &#8211; fertig! Die behandelten Fl\u00e4chen erhalten so einen sehr nat\u00fcrlichen und seidenmatten Glanz. Fettige, rutschige und kitschig gl\u00e4nzende Innenr\u00e4ume geh\u00f6ren dank PURPLE der Vergangenheit an. Starke Verschmutzungen im Innenraum sollten vor der Behandlung mit dem Universalreiniger SPAM und dem lila SCHOLL Spider-Reinigungspuck gereinigt werden. Nun PURPLE auf die zu behandelnde Fl\u00e4che aufspr\u00fchen, mit dem schwarzen Puck kreisf\u00f6rmig verteilen und kurz trocknen lassen.<\/p>","protected":false},"excerpt":{"rendered":"<p>PURPLE ist eine speziell f\u00fcr den Fahrzeuginnenraum entwickelte Kunststoffpflege auf Basis moderner Polymertechnologie. So lassen sich verstaubte und ausgebleichte Oberfl\u00e4chen wie Armaturenbrett, T\u00fcrverkleidung, Vinylfl\u00e4chen etc. m\u00fchelos und dauerhaft pflegen. PURPLE aufspr\u00fchen und mit dem handlichen schwarzen Applikations-Puck kreisf\u00f6rmig verteilen, kurz antrocknen lassen &#8211; fertig! Die behandelten Fl\u00e4chen erhalten so einen sehr nat\u00fcrlichen und seidenmatten Glanz. Fettige, rutschige und kitschig gl\u00e4nzende Innenr\u00e4ume geh\u00f6ren dank PURPLE der Vergangenheit an. Starke Verschmutzungen im Innenraum sollten vor der Behandlung mit dem Universalreiniger SPAM und dem lila SCHOLL Spider-Reinigungspuck gereinigt werden. Nun PURPLE auf die zu behandelnde Fl\u00e4che aufspr\u00fchen, mit dem schwarzen Puck kreisf\u00f6rmig verteilen und kurz trocknen lassen.<\/p>","protected":false},"featured_media":116,"comment_status":"open","ping_status":"closed","template":"","meta":{"_et_pb_use_builder":"","_et_pb_old_content":"","_et_gb_content_width":""},"product_cat":[24],"product_tag":[],"_links":{"self":[{"href":"https:\/\/scholl-international.com\/en\/wp-json\/wp\/v2\/product\/69"}],"collection":[{"href":"https:\/\/scholl-international.com\/en\/wp-json\/wp\/v2\/product"}],"about":[{"href":"https:\/\/scholl-international.com\/en\/wp-json\/wp\/v2\/types\/product"}],"replies":[{"embeddable":true,"href":"https:\/\/scholl-international.com\/en\/wp-json\/wp\/v2\/comments?post=69"}],"wp:featuredmedia":[{"embeddable":true,"href":"https:\/\/scholl-international.com\/en\/wp-json\/wp\/v2\/media\/116"}],"wp:attachment":[{"href":"https:\/\/scholl-international.com\/en\/wp-json\/wp\/v2\/media?parent=69"}],"wp:term":[{"taxonomy":"product_cat","embeddable":true,"href":"https:\/\/scholl-international.com\/en\/wp-json\/wp\/v2\/product_cat?post=69"},{"taxonomy":"product_tag","embeddable":true,"href":"https:\/\/scholl-international.com\/en\/wp-json\/wp\/v2\/product_tag?post=69"}],"curies":[{"name":"wp","href":"https:\/\/api.w.org\/{rel}","templated":true}]}}