{"id":21,"date":"2023-05-11T11:39:46","date_gmt":"2023-05-11T11:39:46","guid":{"rendered":"http:\/\/scholl-international.com\/?page_id=21"},"modified":"2023-06-22T07:17:22","modified_gmt":"2023-06-22T07:17:22","slug":"ueber-uns","status":"publish","type":"page","link":"https:\/\/scholl-international.com\/hr\/ueber-uns\/","title":{"rendered":"O NAMA"},"content":{"rendered":"<p>[et_pb_section fb_built=&#8220;1&#8243; fullwidth=&#8220;on&#8220; _builder_version=&#8220;4.19.5&#8243; _module_preset=&#8220;default&#8220; transform_scale_tablet=&#8220;&#8220; transform_scale_phone=&#8220;&#8220; transform_scale_last_edited=&#8220;on|phone&#8220; transform_translate_tablet=&#8220;&#8220; transform_translate_phone=&#8220;&#8220; transform_translate_last_edited=&#8220;on|desktop&#8220; transform_rotate_tablet=&#8220;&#8220; transform_rotate_phone=&#8220;&#8220; transform_rotate_last_edited=&#8220;on|desktop&#8220; transform_skew_tablet=&#8220;&#8220; transform_skew_phone=&#8220;&#8220; transform_skew_last_edited=&#8220;on|desktop&#8220; transform_origin_tablet=&#8220;&#8220; transform_origin_phone=&#8220;&#8220; transform_origin_last_edited=&#8220;on|desktop&#8220; transform_styles_last_edited=&#8220;on|phone&#8220; transform_styles_tablet=&#8220;&#8220; transform_styles_phone=&#8220;&#8220; global_colors_info=&#8220;{}&#8220;][et_pb_fullwidth_header content_max_width_tablet=&#8220;&#8220; content_max_width_phone=&#8220;100%&#8220; content_max_width_last_edited=&#8220;on|phone&#8220; _builder_version=&#8220;4.21.0&#8243; _module_preset=&#8220;12cc174d-3650-4172-89de-4c667441fbc2&#8243; background_enable_color=&#8220;off&#8220; background_enable_image=&#8220;off&#8220; parallax=&#8220;on&#8220; background_video_mp4=&#8220;https:\/\/scholl-international.com\/wp-content\/uploads\/2023\/05\/scholl-teaser-website2022-desktop.mp4&#8243; transform_scale_tablet=&#8220;&#8220; transform_scale_phone=&#8220;&#8220; transform_scale_last_edited=&#8220;on|phone&#8220; transform_translate_tablet=&#8220;&#8220; transform_translate_phone=&#8220;&#8220; transform_translate_last_edited=&#8220;on|phone&#8220; transform_rotate_tablet=&#8220;&#8220; transform_rotate_phone=&#8220;&#8220; transform_rotate_last_edited=&#8220;on|phone&#8220; transform_skew_tablet=&#8220;&#8220; transform_skew_phone=&#8220;&#8220; transform_skew_last_edited=&#8220;on|phone&#8220; transform_origin_tablet=&#8220;&#8220; transform_origin_phone=&#8220;&#8220; transform_origin_last_edited=&#8220;on|phone&#8220; transform_styles_last_edited=&#8220;on|phone&#8220; width=&#8220;100%&#8220; background_last_edited=&#8220;on|phone&#8220; parallax_phone=&#8220;on&#8220; parallax_method_phone=&#8220;on&#8220; background_video_mp4_phone=&#8220;https:\/\/scholl-international.com\/wp-content\/uploads\/2023\/05\/scholl-teaser-website2022-mobile.mp4&#8243; background_enable_video_mp4_phone=&#8220;on&#8220; transform_styles_tablet=&#8220;&#8220; transform_styles_phone=&#8220;&#8220; global_colors_info=&#8220;{}&#8220;][\/et_pb_fullwidth_header][\/et_pb_section][et_pb_section fb_built=&#8220;1&#8243; admin_label=&#8220;Projects&#8220; _builder_version=&#8220;4.17.4&#8243; _module_preset=&#8220;default&#8220; use_background_color_gradient=&#8220;on&#8220; background_color_gradient_stops=&#8220;#ffffff 0%|rgba(255,255,255,0.66) 100%&#8220; background_color_gradient_start=&#8220;#ffffff&#8220; background_color_gradient_end=&#8220;rgba(255,255,255,0.66)&#8220; background_image=&#8220;https:\/\/scholl-international.com\/wp-content\/uploads\/2023\/05\/electrician_19.png&#8220; parallax=&#8220;on&#8220; parallax_method=&#8220;off&#8220; custom_padding=&#8220;|||&#8220; locked=&#8220;off&#8220; global_colors_info=&#8220;{}&#8220;][et_pb_row column_structure=&#8220;1_2,1_2&#8243; _builder_version=&#8220;4.21.0&#8243; _module_preset=&#8220;default&#8220; width=&#8220;100%&#8220; max_width=&#8220;80%&#8220; max_width_tablet=&#8220;80%&#8220; max_width_phone=&#8220;93%&#8220; max_width_last_edited=&#8220;on|phone&#8220; custom_margin_tablet=&#8220;&#8220; custom_margin_phone=&#8220;&#8220; custom_margin_last_edited=&#8220;on|tablet&#8220; global_colors_info=&#8220;{}&#8220;][et_pb_column type=&#8220;1_2&#8243; _builder_version=&#8220;4.21.0&#8243; _module_preset=&#8220;default&#8220; custom_padding=&#8220;|||&#8220; global_colors_info=&#8220;{}&#8220; custom_padding__hover=&#8220;|||&#8220; custom_css_main_element_last_edited=&#8220;on|phone&#8220;][et_pb_image src=&#8220;https:\/\/scholl-international.com\/wp-content\/uploads\/2023\/05\/electrician_10.png&#8220; _builder_version=&#8220;4.17.4&#8243; _module_preset=&#8220;default&#8220; custom_margin=&#8220;||4px|&#8220; filter_brightness=&#8220;0%&#8220; animation_style=&#8220;fold&#8220; animation_direction=&#8220;top&#8220; always_center_on_mobile=&#8220;off&#8220; locked=&#8220;off&#8220; global_colors_info=&#8220;{}&#8220;][\/et_pb_image][et_pb_text _builder_version=&#8220;4.19.5&#8243; _module_preset=&#8220;e218f98c-4597-4be6-917c-78a7d2518e73&#8243; text_font=&#8220;||||||||&#8220; header_font=&#8220;|700|||||||&#8220; header_2_font=&#8220;Oswald||||||||&#8220; header_6_font=&#8220;Oswald|700|||||||&#8220; header_6_font_size=&#8220;20px&#8220; header_6_line_height=&#8220;1.8em&#8220; custom_margin=&#8220;|||&#8220; animation_style=&#8220;zoom&#8220; animation_direction=&#8220;right&#8220; animation_duration=&#8220;1500ms&#8220; header_3_font_size_tablet=&#8220;48px&#8220; header_text_shadow_style=&#8220;preset1&#8243; border_color_all=&#8220;#0a0000&#8243; border_width_bottom=&#8220;2px&#8220; locked=&#8220;off&#8220; global_colors_info=&#8220;{}&#8220;]<\/p>\n<h1>Tvrtka<\/h1>\n<p>[\/et_pb_text][et_pb_text _builder_version=&#8220;4.19.5&#8243; _module_preset=&#8220;e218f98c-4597-4be6-917c-78a7d2518e73&#8243; text_font=&#8220;|600|||||||&#8220; text_text_color=&#8220;#0a0a0a&#8220; text_line_height=&#8220;1.8em&#8220; header_font=&#8220;Libre Franklin|600|||||||&#8220; header_font_size=&#8220;60px&#8220; header_line_height=&#8220;1.4em&#8220; text_orientation=&#8220;justified&#8220; max_width=&#8220;600px&#8220; header_font_size_tablet=&#8220;&#8220; header_font_size_phone=&#8220;32px&#8220; header_font_size_last_edited=&#8220;on|phone&#8220; header_3_font_size_tablet=&#8220;48px&#8220; locked=&#8220;off&#8220; global_colors_info=&#8220;{}&#8220;]<\/p>\n<p><span>Sa sjedi\u0161tem u Remsecku, Njema\u010dkoj, Scholl Concepts GmbH zadovoljava potrebe industrije dorade boja i lakova ve\u0107 preko 60 godina pru\u017eaju\u0107i vrhunske, inovativne sustave i proizvode za poliranje i odr\u017eavanje na sektoru automobilske industrije, te industrije boja i lakova u procesu profesionalnog sustava za poliranje. Na\u0161a posve\u0107enost i strast za savr\u0161enstvom u\u010dinili su nas jednim od svjetskih lidera za inovativna i prilago\u0111ena rje\u0161enja te vode\u0107im stru\u010dnjacima u tehnologiji poliranja i dorade i ispravka defekta na lakiranim povr\u0161inama<\/span><\/p>\n<p>[\/et_pb_text][\/et_pb_column][et_pb_column type=&#8220;1_2&#8243; _builder_version=&#8220;4.21.0&#8243; _module_preset=&#8220;default&#8220; custom_padding=&#8220;|||&#8220; global_colors_info=&#8220;{}&#8220; custom_padding__hover=&#8220;|||&#8220;][et_pb_image src=&#8220;https:\/\/scholl-international.com\/wp-content\/uploads\/2023\/05\/firma.jpg&#8220; title_text=&#8220;firma&#8220; _builder_version=&#8220;4.21.0&#8243; _module_preset=&#8220;default&#8220; use_background_color_gradient=&#8220;on&#8220; background_color_gradient_direction=&#8220;-45deg&#8220; background_color_gradient_stops=&#8220;#0a0000 30%|#004ffe 30%|rgba(0,0,0,0) 30%&#8220; background_color_gradient_start=&#8220;#004ffe&#8220; background_color_gradient_start_position=&#8220;30%&#8220; background_color_gradient_end=&#8220;rgba(0,0,0,0)&#8220; background_color_gradient_end_position=&#8220;30%&#8220; custom_padding=&#8220;|30px|30px|||false&#8220; custom_padding_tablet=&#8220;|30px|30px|||false&#8220; custom_padding_phone=&#8220;|30px|30px|||false&#8220; custom_padding_last_edited=&#8220;on|tablet&#8220; animation_style=&#8220;slide&#8220; animation_direction=&#8220;right&#8220; animation_duration=&#8220;1500ms&#8220; box_shadow_style=&#8220;preset1&#8243; box_shadow_vertical=&#8220;50px&#8220; box_shadow_blur=&#8220;100px&#8220; always_center_on_mobile=&#8220;off&#8220; global_colors_info=&#8220;{}&#8220;][\/et_pb_image][\/et_pb_column][\/et_pb_row][et_pb_row column_structure=&#8220;1_3,2_3&#8243; custom_padding_last_edited=&#8220;on|tablet&#8220; _builder_version=&#8220;4.21.0&#8243; _module_preset=&#8220;default&#8220; width=&#8220;100%&#8220; width_tablet=&#8220;100%&#8220; width_phone=&#8220;100%&#8220; width_last_edited=&#8220;on|tablet&#8220; max_width=&#8220;85%&#8220; max_width_tablet=&#8220;80%&#8220; max_width_phone=&#8220;93%&#8220; max_width_last_edited=&#8220;on|desktop&#8220; module_alignment=&#8220;right&#8220; custom_padding=&#8220;|||100px|false|false&#8220; custom_padding_tablet=&#8220;|||0px&#8220; custom_padding_phone=&#8220;&#8220; hover_enabled=&#8220;0&#8243; module_alignment_tablet=&#8220;center&#8220; module_alignment_phone=&#8220;center&#8220; module_alignment_last_edited=&#8220;on|phone&#8220; custom_css_main_element=&#8220;display: flex;||flex-wrap: wrap;&#8220; global_colors_info=&#8220;{}&#8220; custom_css_main_element_last_edited=&#8220;on|desktop&#8220; custom_css_main_element_tablet=&#8220;display: flex;||flex-wrap: wrap;&#8220; custom_css_main_element_phone=&#8220;display: flex;||flex-wrap: wrap;&#8220; sticky_enabled=&#8220;0&#8243;][et_pb_column type=&#8220;1_3&#8243; _builder_version=&#8220;4.21.0&#8243; _module_preset=&#8220;default&#8220; transform_scale_tablet=&#8220;&#8220; transform_scale_phone=&#8220;&#8220; transform_scale_last_edited=&#8220;on|tablet&#8220; transform_translate_tablet=&#8220;&#8220; transform_translate_phone=&#8220;&#8220; transform_translate_last_edited=&#8220;on|tablet&#8220; transform_rotate_tablet=&#8220;&#8220; transform_rotate_phone=&#8220;&#8220; transform_rotate_last_edited=&#8220;on|tablet&#8220; transform_skew_tablet=&#8220;&#8220; transform_skew_phone=&#8220;&#8220; transform_skew_last_edited=&#8220;on|tablet&#8220; transform_origin_tablet=&#8220;&#8220; transform_origin_phone=&#8220;&#8220; transform_origin_last_edited=&#8220;on|tablet&#8220; transform_styles_last_edited=&#8220;on|tablet&#8220; custom_padding=&#8220;||||false|true&#8220; custom_padding_tablet=&#8220;|63px||63px|false|true&#8220; custom_padding_phone=&#8220;|0px||0px|false|true&#8220; custom_padding_last_edited=&#8220;on|phone&#8220; hover_enabled=&#8220;0&#8243; transform_styles_tablet=&#8220;&#8220; transform_styles_phone=&#8220;&#8220; global_colors_info=&#8220;{}&#8220; custom_padding__hover=&#8220;|||&#8220; custom_css_main_element_last_edited=&#8220;on|tablet&#8220; custom_css_main_element_phone=&#8220;order: 2;&#8220; custom_css_main_element_tablet=&#8220;order: 2;&#8220; sticky_enabled=&#8220;0&#8243;][et_pb_image src=&#8220;https:\/\/scholl-international.com\/wp-content\/uploads\/2023\/05\/firma7.jpg&#8220; title_text=&#8220;firma7&#8243; show_bottom_space_tablet=&#8220;on&#8220; show_bottom_space_phone=&#8220;on&#8220; show_bottom_space_last_edited=&#8220;on|tablet&#8220; _builder_version=&#8220;4.21.0&#8243; _module_preset=&#8220;default&#8220; use_background_color_gradient=&#8220;on&#8220; background_color_gradient_direction=&#8220;45deg&#8220; background_color_gradient_stops=&#8220;#0a0000 26%|rgba(0,0,0,0) 26%&#8220; background_color_gradient_start=&#8220;#004ffe&#8220; background_color_gradient_start_position=&#8220;30%&#8220; background_color_gradient_end=&#8220;rgba(0,0,0,0)&#8220; background_color_gradient_end_position=&#8220;30%&#8220; transform_scale=&#8220;126%|126%&#8220; transform_scale_tablet=&#8220;126%|126%&#8220; transform_scale_phone=&#8220;100%|100%&#8220; transform_scale_last_edited=&#8220;on|phone&#8220; transform_translate_tablet=&#8220;&#8220; transform_translate_phone=&#8220;&#8220; transform_translate_last_edited=&#8220;on|phone&#8220; transform_rotate_tablet=&#8220;&#8220; transform_rotate_phone=&#8220;&#8220; transform_rotate_last_edited=&#8220;on|phone&#8220; transform_skew_tablet=&#8220;&#8220; transform_skew_phone=&#8220;&#8220; transform_skew_last_edited=&#8220;on|phone&#8220; transform_origin_tablet=&#8220;&#8220; transform_origin_phone=&#8220;&#8220; transform_origin_last_edited=&#8220;on|phone&#8220; transform_styles_last_edited=&#8220;on|phone&#8220; custom_margin_tablet=&#8220;||||false|false&#8220; custom_margin_phone=&#8220;||||false|false&#8220; custom_margin_last_edited=&#8220;on|tablet&#8220; custom_padding=&#8220;||30px|30px|false|false&#8220; custom_padding_tablet=&#8220;50px||30px||false|true&#8220; custom_padding_phone=&#8220;30px||30px|30px|true|false&#8220; custom_padding_last_edited=&#8220;on|tablet&#8220; animation_style=&#8220;slide&#8220; animation_direction=&#8220;left&#8220; animation_duration=&#8220;1500ms&#8220; transform_styles_tablet=&#8220;&#8220; transform_styles_phone=&#8220;&#8220; box_shadow_style=&#8220;preset1&#8243; box_shadow_vertical=&#8220;50px&#8220; box_shadow_blur=&#8220;100px&#8220; always_center_on_mobile=&#8220;off&#8220; global_colors_info=&#8220;{}&#8220;][\/et_pb_image][\/et_pb_column][et_pb_column type=&#8220;2_3&#8243; _builder_version=&#8220;4.21.0&#8243; _module_preset=&#8220;default&#8220; transform_scale_tablet=&#8220;&#8220; transform_scale_phone=&#8220;&#8220; transform_scale_last_edited=&#8220;on|tablet&#8220; transform_translate_tablet=&#8220;&#8220; transform_translate_phone=&#8220;&#8220; transform_translate_last_edited=&#8220;on|tablet&#8220; transform_rotate_tablet=&#8220;&#8220; transform_rotate_phone=&#8220;&#8220; transform_rotate_last_edited=&#8220;on|tablet&#8220; transform_skew_tablet=&#8220;&#8220; transform_skew_phone=&#8220;&#8220; transform_skew_last_edited=&#8220;on|tablet&#8220; transform_origin_tablet=&#8220;&#8220; transform_origin_phone=&#8220;&#8220; transform_origin_last_edited=&#8220;on|tablet&#8220; transform_styles_last_edited=&#8220;on|tablet&#8220; custom_padding=&#8220;||||false|false&#8220; custom_padding_tablet=&#8220;||||false|false&#8220; custom_padding_phone=&#8220;||||false|false&#8220; custom_padding_last_edited=&#8220;on|tablet&#8220; transform_styles_tablet=&#8220;&#8220; transform_styles_phone=&#8220;&#8220; global_colors_info=&#8220;{}&#8220; custom_padding__hover=&#8220;|||&#8220; custom_css_main_element_last_edited=&#8220;on|phone&#8220; custom_css_main_element_phone=&#8220;order: 1;&#8220;][et_pb_image src=&#8220;https:\/\/scholl-international.com\/wp-content\/uploads\/2023\/05\/electrician_10.png&#8220; _builder_version=&#8220;4.17.4&#8243; _module_preset=&#8220;default&#8220; custom_margin=&#8220;||4px|&#8220; filter_brightness=&#8220;0%&#8220; animation_style=&#8220;fold&#8220; animation_direction=&#8220;top&#8220; always_center_on_mobile=&#8220;off&#8220; locked=&#8220;off&#8220; global_colors_info=&#8220;{}&#8220;][\/et_pb_image][et_pb_text _builder_version=&#8220;4.21.0&#8243; _module_preset=&#8220;e218f98c-4597-4be6-917c-78a7d2518e73&#8243; text_font=&#8220;Oswald||||||||&#8220; header_font=&#8220;|700|||||||&#8220; header_2_font=&#8220;Oswald||||||||&#8220; header_6_font=&#8220;Oswald|700|||||||&#8220; header_6_font_size=&#8220;20px&#8220; header_6_line_height=&#8220;1.8em&#8220; custom_margin=&#8220;|||&#8220; animation_style=&#8220;zoom&#8220; animation_direction=&#8220;right&#8220; animation_duration=&#8220;1500ms&#8220; header_3_font_size_tablet=&#8220;48px&#8220; header_text_shadow_style=&#8220;preset1&#8243; border_color_all=&#8220;#0a0000&#8243; border_width_bottom=&#8220;2px&#8220; locked=&#8220;off&#8220; global_colors_info=&#8220;{}&#8220;]<\/p>\n<h1>60 GODINA ISKUSTVA<\/h1>\n<p>[\/et_pb_text][et_pb_text _builder_version=&#8220;4.19.5&#8243; _module_preset=&#8220;e218f98c-4597-4be6-917c-78a7d2518e73&#8243; text_font=&#8220;|600|||||||&#8220; text_text_color=&#8220;#0a0a0a&#8220; text_line_height=&#8220;1.8em&#8220; header_font=&#8220;Libre Franklin|600|||||||&#8220; header_font_size=&#8220;60px&#8220; header_line_height=&#8220;1.4em&#8220; text_orientation=&#8220;justified&#8220; max_width=&#8220;600px&#8220; header_font_size_tablet=&#8220;&#8220; header_font_size_phone=&#8220;32px&#8220; header_font_size_last_edited=&#8220;on|phone&#8220; header_3_font_size_tablet=&#8220;48px&#8220; locked=&#8220;off&#8220; global_colors_info=&#8220;{}&#8220;]<\/p>\n<p><span>Tvrtka u tijeku vremena, tako biste mogli opisati povijest tvrtke SCHOLL Concepts.Tvrtku koju je prije 60 godina osnovao Roland Scholl, sada je u rukama druge generacije, a na \u010delu je Frank Scholl. Vi\u0161e od pet desetlje\u0107a stru\u010dnosti i izvrsnosti, potpomognuti karakteristi\u010dnom njema\u010dkom marljivo\u0161\u0107u, postavili su temelje za stvaranje jedinstvenih i inovativnih proizvoda koji su klju\u010dni u konsolidaciji na\u0161e pozicije globalnog lidera na tr\u017ei\u0161tu zavr\u0161ne obrade laka.<\/span><\/p>\n<p>[\/et_pb_text][\/et_pb_column][\/et_pb_row][et_pb_row column_structure=&#8220;1_2,1_2&#8243; _builder_version=&#8220;4.17.4&#8243; _module_preset=&#8220;default&#8220; width=&#8220;100%&#8220; max_width=&#8220;80%&#8220; max_width_tablet=&#8220;80%&#8220; max_width_phone=&#8220;93%&#8220; max_width_last_edited=&#8220;on|phone&#8220; locked=&#8220;off&#8220; global_colors_info=&#8220;{}&#8220;][et_pb_column type=&#8220;1_2&#8243; _builder_version=&#8220;4.16&#8243; _module_preset=&#8220;default&#8220; custom_padding=&#8220;|||&#8220; global_colors_info=&#8220;{}&#8220; custom_padding__hover=&#8220;|||&#8220;][et_pb_image src=&#8220;https:\/\/scholl-international.com\/wp-content\/uploads\/2023\/05\/electrician_10.png&#8220; _builder_version=&#8220;4.17.4&#8243; _module_preset=&#8220;default&#8220; custom_margin=&#8220;||4px|&#8220; filter_brightness=&#8220;0%&#8220; animation_style=&#8220;fold&#8220; animation_direction=&#8220;top&#8220; always_center_on_mobile=&#8220;off&#8220; locked=&#8220;off&#8220; global_colors_info=&#8220;{}&#8220;][\/et_pb_image][et_pb_text _builder_version=&#8220;4.19.5&#8243; _module_preset=&#8220;e218f98c-4597-4be6-917c-78a7d2518e73&#8243; text_font=&#8220;Oswald||||||||&#8220; header_font=&#8220;|700|||||||&#8220; header_2_font=&#8220;Oswald||||||||&#8220; header_6_font=&#8220;Oswald|700|||||||&#8220; header_6_font_size=&#8220;20px&#8220; header_6_line_height=&#8220;1.8em&#8220; custom_margin=&#8220;|||&#8220; animation_style=&#8220;zoom&#8220; animation_direction=&#8220;right&#8220; animation_duration=&#8220;1500ms&#8220; header_3_font_size_tablet=&#8220;48px&#8220; header_text_shadow_style=&#8220;preset1&#8243; border_color_all=&#8220;#0a0000&#8243; border_width_bottom=&#8220;2px&#8220; locked=&#8220;off&#8220; global_colors_info=&#8220;{}&#8220;]<\/p>\n<h1>PREMIUM PROIZVODI<\/h1>\n<p>[\/et_pb_text][et_pb_text _builder_version=&#8220;4.19.5&#8243; _module_preset=&#8220;e218f98c-4597-4be6-917c-78a7d2518e73&#8243; text_font=&#8220;|600|||||||&#8220; text_text_color=&#8220;#0a0a0a&#8220; text_line_height=&#8220;1.8em&#8220; header_font=&#8220;Libre Franklin|600|||||||&#8220; header_font_size=&#8220;60px&#8220; header_line_height=&#8220;1.4em&#8220; text_orientation=&#8220;justified&#8220; max_width=&#8220;600px&#8220; header_font_size_tablet=&#8220;&#8220; header_font_size_phone=&#8220;32px&#8220; header_font_size_last_edited=&#8220;on|phone&#8220; header_3_font_size_tablet=&#8220;48px&#8220; locked=&#8220;off&#8220; global_colors_info=&#8220;{}&#8220;]<\/p>\n<p><span>Na\u0161a korporativna kultura usmjerena je na pru\u017eanje vrhunskih proizvoda i usluga. Za provedbu ove strategije slijedimo integrirani pristup. Visokokvalitetni, inovativni i jedinstveni proizvodi i ideje mogu se razviti samo ako je ova filozofija sastavni dio na\u0161e korporativne kulture i kada su svi procesi, objekti i oprema usmjereni na ispunjavanje zahtjeva najvi\u0161e kvalitete. Zahvaljuju\u0107i prepoznatljivim imenima robnih marki, me\u0111u ostalim zna\u010dajkama, na\u0161i premium proizvodi se lako prepoznaju i u\u017eivaju visoku razinu svijesti.<\/span><\/p>\n<p>[\/et_pb_text][\/et_pb_column][et_pb_column type=&#8220;1_2&#8243; _builder_version=&#8220;4.16&#8243; _module_preset=&#8220;default&#8220; custom_padding=&#8220;|||&#8220; global_colors_info=&#8220;{}&#8220; custom_padding__hover=&#8220;|||&#8220;][et_pb_image src=&#8220;https:\/\/scholl-international.com\/wp-content\/uploads\/2023\/05\/Header_Polierpasten_01_4000px_1920x1920.jpg&#8220; title_text=&#8220;Header_Polierpasten_01_4000px_1920x1920&#8243; _builder_version=&#8220;4.21.0&#8243; _module_preset=&#8220;default&#8220; use_background_color_gradient=&#8220;on&#8220; background_color_gradient_direction=&#8220;-45deg&#8220; background_color_gradient_stops=&#8220;#0a0000 30%|#004ffe 30%|rgba(0,0,0,0) 30%&#8220; background_color_gradient_start=&#8220;#004ffe&#8220; background_color_gradient_start_position=&#8220;30%&#8220; background_color_gradient_end=&#8220;rgba(0,0,0,0)&#8220; background_color_gradient_end_position=&#8220;30%&#8220; custom_padding=&#8220;|30px|30px|||false&#8220; animation_style=&#8220;slide&#8220; animation_direction=&#8220;right&#8220; animation_duration=&#8220;1500ms&#8220; box_shadow_style=&#8220;preset1&#8243; box_shadow_vertical=&#8220;50px&#8220; box_shadow_blur=&#8220;100px&#8220; always_center_on_mobile=&#8220;off&#8220; global_colors_info=&#8220;{}&#8220;][\/et_pb_image][\/et_pb_column][\/et_pb_row][\/et_pb_section][et_pb_section fb_built=&#8220;1&#8243; custom_padding_last_edited=&#8220;on|phone&#8220; _builder_version=&#8220;4.17.4&#8243; _module_preset=&#8220;default&#8220; custom_padding=&#8220;0px||0px||true|false&#8220; custom_padding_tablet=&#8220;0px||0px||true|false&#8220; custom_padding_phone=&#8220;0px|0px|0px|0px|true|true&#8220; global_colors_info=&#8220;{}&#8220;][et_pb_row custom_padding_last_edited=&#8220;on|phone&#8220; _builder_version=&#8220;4.17.4&#8243; _module_preset=&#8220;default&#8220; width=&#8220;93%&#8220; max_width_tablet=&#8220;&#8220; max_width_phone=&#8220;100%&#8220; max_width_last_edited=&#8220;on|phone&#8220; custom_padding_tablet=&#8220;&#8220; custom_padding_phone=&#8220;0px||0px||true|false&#8220; global_colors_info=&#8220;{}&#8220;][et_pb_column type=&#8220;4_4&#8243; _builder_version=&#8220;4.16&#8243; _module_preset=&#8220;default&#8220; global_colors_info=&#8220;{}&#8220;][et_pb_nextend_smart_slider_3 slider=&#8220;3&#8243; _builder_version=&#8220;4.19.5&#8243; _module_preset=&#8220;default&#8220; global_colors_info=&#8220;{}&#8220;][\/et_pb_nextend_smart_slider_3][\/et_pb_column][\/et_pb_row][et_pb_row _builder_version=&#8220;4.16&#8243; _module_preset=&#8220;default&#8220; width_tablet=&#8220;&#8220; width_phone=&#8220;93%&#8220; width_last_edited=&#8220;on|phone&#8220; global_colors_info=&#8220;{}&#8220;][et_pb_column type=&#8220;4_4&#8243; _builder_version=&#8220;4.16&#8243; _module_preset=&#8220;default&#8220; global_colors_info=&#8220;{}&#8220;][et_pb_text _builder_version=&#8220;4.21.0&#8243; _module_preset=&#8220;e218f98c-4597-4be6-917c-78a7d2518e73&#8243; text_font=&#8220;|600|||||||&#8220; text_text_color=&#8220;#000000&#8243; header_3_font_size_tablet=&#8220;48px&#8220; global_colors_info=&#8220;{}&#8220;]<\/p>\n<p><span>Na\u0161i kupci \u0161irom svijeta uklju\u010duju radnje za lakiranje automobila (B), zahtjevne detailere (D), entuzijasti\u010dne ljubitelje automobila (E), poznate proizvo\u0111a\u010de automobila (I), kao i brodogradili\u0161ta i vlasnike brodova (M). Na\u0161i visokokvalitetni proizvodi prilago\u0111eni su specifi\u010dnim zahtjevima svake pojedine skupine kupaca.\u00a0<\/span><\/p>\n<p>[\/et_pb_text][\/et_pb_column][\/et_pb_row][et_pb_row _builder_version=&#8220;4.17.4&#8243; _module_preset=&#8220;default&#8220; background_color=&#8220;#000000&#8243; background_enable_image=&#8220;off&#8220; background_size=&#8220;contain&#8220; background_position=&#8220;top_center&#8220; background_vertical_offset=&#8220;37%&#8220; width=&#8220;100%&#8220; max_width=&#8220;100%&#8220; custom_padding=&#8220;0px||0px||true|false&#8220; custom_css_main_element=&#8220;clip-path: polygon(100% 100%, 49.96% 100%, 0% 100%, 0% 0%, 49.96% 7.2%, 100% 0%);||background-color: #000000&#8243; global_colors_info=&#8220;{}&#8220;][et_pb_column type=&#8220;4_4&#8243; _builder_version=&#8220;4.16&#8243; _module_preset=&#8220;default&#8220; global_colors_info=&#8220;{}&#8220;][et_pb_nextend_smart_slider_3 slider=&#8220;4&#8243; _builder_version=&#8220;4.19.5&#8243; _module_preset=&#8220;default&#8220; global_colors_info=&#8220;{}&#8220;][\/et_pb_nextend_smart_slider_3][\/et_pb_column][\/et_pb_row][\/et_pb_section]<\/p>","protected":false},"excerpt":{"rendered":"<p>DAS UNTERNHEHMENDie Firma SCHOLL Concepts GmbH mit Sitz in Remseck am Neckar bietet seit 60 Jahren innovative Lackfinish- sowie Autopflege-Konzepte auf h\u00f6chstem Niveau an. Der Drang zur perfekten Lackoberfl\u00e4che, Leidenschaft und hohes Engagement haben das Unternehmen weltweit zu einem der innovativsten, flexibelsten und kompetentesten Anbietern von ganzheitlichen Lackfinish-L\u00f6sungen gemacht.60 JAHRE ERFAHRUNGEin Unternehmen im Wandel der [&hellip;]<\/p>","protected":false},"author":1,"featured_media":0,"parent":0,"menu_order":0,"comment_status":"closed","ping_status":"closed","template":"","meta":{"_et_pb_use_builder":"on","_et_pb_old_content":"","_et_gb_content_width":""},"_links":{"self":[{"href":"https:\/\/scholl-international.com\/hr\/wp-json\/wp\/v2\/pages\/21"}],"collection":[{"href":"https:\/\/scholl-international.com\/hr\/wp-json\/wp\/v2\/pages"}],"about":[{"href":"https:\/\/scholl-international.com\/hr\/wp-json\/wp\/v2\/types\/page"}],"author":[{"embeddable":true,"href":"https:\/\/scholl-international.com\/hr\/wp-json\/wp\/v2\/users\/1"}],"replies":[{"embeddable":true,"href":"https:\/\/scholl-international.com\/hr\/wp-json\/wp\/v2\/comments?post=21"}],"version-history":[{"count":9,"href":"https:\/\/scholl-international.com\/hr\/wp-json\/wp\/v2\/pages\/21\/revisions"}],"predecessor-version":[{"id":490,"href":"https:\/\/scholl-international.com\/hr\/wp-json\/wp\/v2\/pages\/21\/revisions\/490"}],"wp:attachment":[{"href":"https:\/\/scholl-international.com\/hr\/wp-json\/wp\/v2\/media?parent=21"}],"curies":[{"name":"wp","href":"https:\/\/api.w.org\/{rel}","templated":true}]}}