{"id":242,"date":"2023-05-12T07:50:11","date_gmt":"2023-05-12T07:50:11","guid":{"rendered":"http:\/\/scholl-international.com\/?page_id=242"},"modified":"2023-05-25T06:17:36","modified_gmt":"2023-05-25T06:17:36","slug":"datenschutzerklaerung","status":"publish","type":"page","link":"https:\/\/scholl-international.com\/hr\/datenschutzerklaerung\/","title":{"rendered":"Datenschutzerkl\u00e4rung"},"content":{"rendered":"<p>[et_pb_section fb_built=&#8220;1&#8243; _builder_version=&#8220;4.19.5&#8243; _module_preset=&#8220;default&#8220; global_colors_info=&#8220;{}&#8220;][et_pb_row _builder_version=&#8220;4.19.5&#8243; _module_preset=&#8220;default&#8220; global_colors_info=&#8220;{}&#8220;][et_pb_column type=&#8220;4_4&#8243; _builder_version=&#8220;4.19.5&#8243; _module_preset=&#8220;default&#8220; global_colors_info=&#8220;{}&#8220;][et_pb_text _builder_version=&#8220;4.19.5&#8243; _module_preset=&#8220;default&#8220; global_colors_info=&#8220;{}&#8220;]<\/p>\n<h1><strong>Datenschutzerkl\u00e4rung<\/strong><\/h1>\n<p><strong>Einleitung<\/strong><\/p>\n<p>Mit der folgenden Datenschutzerkl\u00e4rung m\u00f6chten wir Sie dar\u00fcber aufkl\u00e4ren, welche Arten Ihrer personenbezogenen Daten (nachfolgend auch kurz als &#8222;Daten\u201c bezeichnet) wir zu welchen Zwecken und in welchem Umfang verarbeiten. Die Datenschutzerkl\u00e4rung gilt f\u00fcr alle von uns durchgef\u00fchrten Verarbeitungen personenbezogener Daten, sowohl im Rahmen der Erbringung unserer Leistungen als auch insbesondere auf unseren Webseiten, in mobilen Applikationen sowie innerhalb externer Onlinepr\u00e4senzen, wie z.B. unserer Social-Media-Profile (nachfolgend zusammenfassend bezeichnet als &#8222;Onlineangebot\u201c).<\/p>\n<p>Die verwendeten Begriffe sind nicht geschlechtsspezifisch.<\/p>\n<p>Stand: 25.5. 2023<\/p>\n<p><strong>Inhalts\u00fcbersicht<\/strong><\/p>\n<ul>\n<li><a href=\"https:\/\/datenschutz-generator.de\/#m716\">Einleitung<\/a><\/li>\n<li><a href=\"https:\/\/datenschutz-generator.de\/#m3\">Verantwortlicher<\/a><\/li>\n<li><a href=\"https:\/\/datenschutz-generator.de\/#mOverview\">\u00dcbersicht der Verarbeitungen<\/a><\/li>\n<li><a href=\"https:\/\/datenschutz-generator.de\/#m13\">Ma\u00dfgebliche Rechtsgrundlagen<\/a><\/li>\n<li><a href=\"https:\/\/datenschutz-generator.de\/#m27\">Sicherheitsma\u00dfnahmen<\/a><\/li>\n<li><a href=\"https:\/\/datenschutz-generator.de\/#m25\">\u00dcbermittlung von personenbezogenen Daten<\/a><\/li>\n<li><a href=\"https:\/\/datenschutz-generator.de\/#m24\">Datenverarbeitung in Drittl\u00e4ndern<\/a><\/li>\n<li><a href=\"https:\/\/datenschutz-generator.de\/#m12\">L\u00f6schung von Daten<\/a><\/li>\n<li><a href=\"https:\/\/datenschutz-generator.de\/#m225\">Bereitstellung des Onlineangebotes und Webhosting<\/a><\/li>\n<li><a href=\"https:\/\/datenschutz-generator.de\/#m182\">Kontakt- und Anfragenverwaltung<\/a><\/li>\n<li><a href=\"https:\/\/datenschutz-generator.de\/#m15\">\u00c4nderung und Aktualisierung der Datenschutzerkl\u00e4rung<\/a><\/li>\n<li><a href=\"https:\/\/datenschutz-generator.de\/#m10\">Rechte der betroffenen Personen<\/a><\/li>\n<li><a href=\"https:\/\/datenschutz-generator.de\/#m42\">Begriffsdefinitionen<\/a><\/li>\n<\/ul>\n<p><strong>Verantwortlicher<\/strong><\/p>\n<p>Scholl Concepts Fulfillment\/Marine<br \/>Untere Kanalstra\u00dfe 32<br \/>74081 Heilbronn<br \/>Deutschland<\/p>\n<p>Vertretungsberechtigte Personen:<\/p>\n<p>Dominik Domitrovic<\/p>\n<p>E-Mail-Adresse:<\/p>\n<p>dominik@schollconcepts-fulfillment.com<\/p>\n<p>Telefon:<\/p>\n<p>+49 7131 20 31 829<\/p>\n<p>Impressum:<\/p>\n<p>www.scholl-international.com\/impressum<\/p>\n<p><strong>\u00dcbersicht der Verarbeitungen<\/strong><\/p>\n<p>Die nachfolgende \u00dcbersicht fasst die Arten der verarbeiteten Daten und die Zwecke ihrer Verarbeitung zusammen und verweist auf die betroffenen Personen.<\/p>\n<p><strong>Arten der verarbeiteten Daten<\/strong><\/p>\n<ul>\n<li>Kontaktdaten<\/li>\n<li>Inhaltsdaten<\/li>\n<li>Nutzungsdaten<\/li>\n<li>Meta-, Kommunikations- und Verfahrensdaten.<\/li>\n<\/ul>\n<p><strong>Kategorien betroffener Personen<\/strong><\/p>\n<ul>\n<li>Kommunikationspartner<\/li>\n<li>Nutzer<\/li>\n<\/ul>\n<p><strong>Zwecke der Verarbeitung<\/strong><\/p>\n<ul>\n<li>Kontaktanfragen und Kommunikation.<\/li>\n<li>Sicherheitsma\u00dfnahmen.<\/li>\n<li>Verwaltung und Beantwortung von Anfragen.<\/li>\n<li>Feedback<\/li>\n<li>Bereitstellung unseres Onlineangebotes und Nutzerfreundlichkeit.<\/li>\n<li>Informationstechnische Infrastruktur.<\/li>\n<\/ul>\n<p><strong>Ma\u00dfgebliche Rechtsgrundlagen<\/strong><\/p>\n<p>Im Folgenden erhalten Sie eine \u00dcbersicht der Rechtsgrundlagen der DSGVO, auf deren Basis wir personenbezogene Daten verarbeiten. Bitte nehmen Sie zur Kenntnis, dass neben den Regelungen der DSGVO nationale Datenschutzvorgaben in Ihrem bzw. unserem Wohn- oder Sitzland gelten k\u00f6nnen. Sollten ferner im Einzelfall speziellere Rechtsgrundlagen ma\u00dfgeblich sein, teilen wir Ihnen diese in der Datenschutzerkl\u00e4rung mit.<\/p>\n<ul>\n<li><strong>Vertragserf\u00fcllung und vorvertragliche Anfragen (Art. 6 Abs. 1 S. 1 lit. b) DSGVO)<\/strong>&#8211; Die Verarbeitung ist f\u00fcr die Erf\u00fcllung eines Vertrags, dessen Vertragspartei die betroffene Person ist, oder zur Durchf\u00fchrung vorvertraglicher Ma\u00dfnahmen erforderlich, die auf Anfrage der betroffenen Person erfolgen.<\/li>\n<li><strong>Berechtigte Interessen (Art. 6 Abs. 1 S. 1 lit. f) DSGVO)<\/strong>&#8211; Die Verarbeitung ist zur Wahrung der berechtigten Interessen des Verantwortlichen oder eines Dritten erforderlich, sofern nicht die Interessen oder Grundrechte und Grundfreiheiten der betroffenen Person, die den Schutz personenbezogener Daten erfordern, \u00fcberwiegen.<\/li>\n<\/ul>\n<p>Zus\u00e4tzlich zu den Datenschutzregelungen der DSGVO gelten nationale Regelungen zum Datenschutz in Deutschland. Hierzu geh\u00f6rt insbesondere das Gesetz zum Schutz vor Missbrauch personenbezogener Daten bei der Datenverarbeitung (Bundesdatenschutzgesetz \u2013 BDSG). Das BDSG enth\u00e4lt insbesondere Spezialregelungen zum Recht auf Auskunft, zum Recht auf L\u00f6schung, zum Widerspruchsrecht, zur Verarbeitung besonderer Kategorien personenbezogener Daten, zur Verarbeitung f\u00fcr andere Zwecke und zur \u00dcbermittlung sowie automatisierten Entscheidungsfindung im Einzelfall einschlie\u00dflich Profiling. Des Weiteren regelt es die Datenverarbeitung f\u00fcr Zwecke des Besch\u00e4ftigungsverh\u00e4ltnisses (\u00a7 26 BDSG), insbesondere im Hinblick auf die Begr\u00fcndung, Durchf\u00fchrung oder Beendigung von Besch\u00e4ftigungsverh\u00e4ltnissen sowie die Einwilligung von Besch\u00e4ftigten. Ferner k\u00f6nnen Landesdatenschutzgesetze der einzelnen Bundesl\u00e4nder zur Anwendung gelangen.<\/p>\n<p><strong>Sicherheitsma\u00dfnahmen<\/strong><\/p>\n<p>Wir treffen nach Ma\u00dfgabe der gesetzlichen Vorgaben unter Ber\u00fccksichtigung des Stands der Technik, der Implementierungskosten und der Art, des Umfangs, der Umst\u00e4nde und der Zwecke der Verarbeitung sowie der unterschiedlichen Eintrittswahrscheinlichkeiten und des Ausma\u00dfes der Bedrohung der Rechte und Freiheiten nat\u00fcrlicher Personen geeignete technische und organisatorische Ma\u00dfnahmen, um ein dem Risiko angemessenes Schutzniveau zu gew\u00e4hrleisten.<\/p>\n<p>Zu den Ma\u00dfnahmen geh\u00f6ren insbesondere die Sicherung der Vertraulichkeit, Integrit\u00e4t und Verf\u00fcgbarkeit von Daten durch Kontrolle des physischen und elektronischen Zugangs zu den Daten als auch des sie betreffenden Zugriffs, der Eingabe, der Weitergabe, der Sicherung der Verf\u00fcgbarkeit und ihrer Trennung. Des Weiteren haben wir Verfahren eingerichtet, die eine Wahrnehmung von Betroffenenrechten, die L\u00f6schung von Daten und Reaktionen auf die Gef\u00e4hrdung der Daten gew\u00e4hrleisten. Ferner ber\u00fccksichtigen wir den Schutz personenbezogener Daten bereits bei der Entwicklung bzw. Auswahl von Hardware, Software sowie Verfahren entsprechend dem Prinzip des Datenschutzes, durch Technikgestaltung und durch datenschutzfreundliche Voreinstellungen.<\/p>\n<p>TLS-Verschl\u00fcsselung (https): Um Ihre via unserem Online-Angebot \u00fcbermittelten Daten zu sch\u00fctzen, nutzen wir eine TLS-Verschl\u00fcsselung. Sie erkennen derart verschl\u00fcsselte Verbindungen an dem Pr\u00e4fix https:\/\/ in der Adresszeile Ihres Browsers.<\/p>\n<p><strong>\u00dcbermittlung von personenbezogenen Daten<\/strong><\/p>\n<p>Im Rahmen unserer Verarbeitung von personenbezogenen Daten kommt es vor, dass die Daten an andere Stellen, Unternehmen, rechtlich selbstst\u00e4ndige Organisationseinheiten oder Personen \u00fcbermittelt oder sie ihnen gegen\u00fcber offengelegt werden. Zu den Empf\u00e4ngern dieser Daten k\u00f6nnen z.B. mit IT-Aufgaben beauftragte Dienstleister oder Anbieter von Diensten und Inhalten, die in eine Webseite eingebunden werden, geh\u00f6ren. In solchen F\u00e4llen beachten wir die gesetzlichen Vorgaben und schlie\u00dfen insbesondere entsprechende Vertr\u00e4ge bzw. Vereinbarungen, die dem Schutz Ihrer Daten dienen, mit den Empf\u00e4ngern Ihrer Daten ab.<\/p>\n<p><strong>Datenverarbeitung in Drittl\u00e4ndern<\/strong><\/p>\n<p>Sofern wir Daten in einem Drittland (d.h., au\u00dferhalb der Europ\u00e4ischen Union (EU), des Europ\u00e4ischen Wirtschaftsraums (EWR)) verarbeiten oder die Verarbeitung im Rahmen der Inanspruchnahme von Diensten Dritter oder der Offenlegung bzw. \u00dcbermittlung von Daten an andere Personen, Stellen oder Unternehmen stattfindet, erfolgt dies nur im Einklang mit den gesetzlichen Vorgaben.<\/p>\n<p>Vorbehaltlich ausdr\u00fccklicher Einwilligung oder vertraglich oder gesetzlich erforderlicher \u00dcbermittlung verarbeiten oder lassen wir die Daten nur in Drittl\u00e4ndern mit einem anerkannten Datenschutzniveau, vertraglichen Verpflichtung durch sogenannte Standardschutzklauseln der EU-Kommission, beim Vorliegen von Zertifizierungen oder verbindlicher internen Datenschutzvorschriften verarbeiten (Art. 44 bis 49 DSGVO, Informationsseite der EU-Kommission:\u00a0<a href=\"https:\/\/ec.europa.eu\/info\/law\/law-topic\/data-protection\/international-dimension-data-protection_de\">https:\/\/ec.europa.eu\/info\/law\/law-topic\/data-protection\/international-dimension-data-protection_de<\/a>).<\/p>\n<p>&nbsp;<\/p>\n<p><strong>L\u00f6schung von Daten<\/strong><\/p>\n<p>Die von uns verarbeiteten Daten werden nach Ma\u00dfgabe der gesetzlichen Vorgaben gel\u00f6scht, sobald deren zur Verarbeitung erlaubten Einwilligungen widerrufen werden oder sonstige Erlaubnisse entfallen (z.B. wenn der Zweck der Verarbeitung dieser Daten entfallen ist oder sie f\u00fcr den Zweck nicht erforderlich sind). Sofern die Daten nicht gel\u00f6scht werden, weil sie f\u00fcr andere und gesetzlich zul\u00e4ssige Zwecke erforderlich sind, wird deren Verarbeitung auf diese Zwecke beschr\u00e4nkt. D.h., die Daten werden gesperrt und nicht f\u00fcr andere Zwecke verarbeitet. Das gilt z.B. f\u00fcr Daten, die aus handels- oder steuerrechtlichen Gr\u00fcnden aufbewahrt werden m\u00fcssen oder deren Speicherung zur Geltendmachung, Aus\u00fcbung oder Verteidigung von Rechtsanspr\u00fcchen oder zum Schutz der Rechte einer anderen nat\u00fcrlichen oder juristischen Person erforderlich ist.<\/p>\n<p>Unsere Datenschutzhinweise k\u00f6nnen ferner weitere Angaben zu der Aufbewahrung und L\u00f6schung von Daten beinhalten, die f\u00fcr die jeweiligen Verarbeitungen vorrangig gelten.<\/p>\n<p><strong>Bereitstellung des Onlineangebotes und Webhosting<\/strong><\/p>\n<p>Wir verarbeiten die Daten der Nutzer, um ihnen unsere Online-Dienste zur Verf\u00fcgung stellen zu k\u00f6nnen. Zu diesem Zweck verarbeiten wir die IP-Adresse des Nutzers, die notwendig ist, um die Inhalte und Funktionen unserer Online-Dienste an den Browser oder das Endger\u00e4t der Nutzer zu \u00fcbermitteln.<\/p>\n<ul>\n<li><strong>Verarbeitete Datenarten:<\/strong>Nutzungsdaten (z.B. besuchte Webseiten, Interesse an Inhalten, Zugriffszeiten); Meta-, Kommunikations- und Verfahrensdaten (z. B. IP-Adressen, Zeitangaben, Identifikationsnummern, Einwilligungsstatus).<\/li>\n<li><strong>Betroffene Personen:<\/strong>Nutzer (z.B. Webseitenbesucher, Nutzer von Onlinediensten).<\/li>\n<li><strong>Zwecke der Verarbeitung:<\/strong>Bereitstellung unseres Onlineangebotes und Nutzerfreundlichkeit; Informationstechnische Infrastruktur (Betrieb und Bereitstellung von Informationssystemen und technischen Ger\u00e4ten (Computer, Server etc.).); Sicherheitsma\u00dfnahmen.<\/li>\n<li><strong>Rechtsgrundlagen:<\/strong>Berechtigte Interessen (Art. 6 Abs. 1 S. 1 lit. f) DSGVO).<\/li>\n<\/ul>\n<p><strong>Weitere Hinweise zu Verarbeitungsprozessen, Verfahren und Diensten:<\/strong><\/p>\n<ul>\n<li><strong>Bereitstellung Onlineangebot auf gemietetem Speicherplatz:\u00a0<\/strong>F\u00fcr die Bereitstellung unseres Onlineangebotes nutzen wir Speicherplatz, Rechenkapazit\u00e4t und Software, die wir von einem entsprechenden Serveranbieter (auch &#8222;Webhoster&#8220; genannt) mieten oder anderweitig beziehen;\u00a0<strong>Rechtsgrundlagen:<\/strong>Berechtigte Interessen (Art. 6 Abs. 1 S. 1 lit. f) DSGVO).<\/li>\n<li><strong>Erhebung von Zugriffsdaten und Logfiles:\u00a0<\/strong>Der Zugriff auf unser Onlineangebot wird in Form von so genannten &#8222;Server-Logfiles&#8220; protokolliert. Zu den Serverlogfiles k\u00f6nnen die Adresse und Name der abgerufenen Webseiten und Dateien, Datum und Uhrzeit des Abrufs, \u00fcbertragene Datenmengen, Meldung \u00fcber erfolgreichen Abruf, Browsertyp nebst Version, das Betriebssystem des Nutzers, Referrer URL (die zuvor besuchte Seite) und im Regelfall IP-Adressen und der anfragende Provider geh\u00f6ren. Die Serverlogfiles k\u00f6nnen zum einen zu Zwecken der Sicherheit eingesetzt werden, z.B., um eine \u00dcberlastung der Server zu vermeiden (insbesondere im Fall von missbr\u00e4uchlichen Angriffen, sogenannten DDoS-Attacken) und zum anderen, um die Auslastung der Server und ihre Stabilit\u00e4t sicherzustellen;\u00a0<strong>Rechtsgrundlagen:<\/strong>Berechtigte Interessen (Art. 6 Abs. 1 S. 1 lit. f) DSGVO);\u00a0<strong>L\u00f6schung von Daten:<\/strong>Logfile-Informationen werden f\u00fcr die Dauer von maximal 30 Tagen gespeichert und danach gel\u00f6scht oder anonymisiert. Daten, deren weitere Aufbewahrung zu Beweiszwecken erforderlich ist, sind bis zur endg\u00fcltigen Kl\u00e4rung des jeweiligen Vorfalls von der L\u00f6schung ausgenommen.<\/li>\n<\/ul>\n<p><strong>Kontakt- und Anfragenverwaltung<\/strong><\/p>\n<p>Bei der Kontaktaufnahme mit uns (z.B. per Post, Kontaktformular, E-Mail, Telefon oder via soziale Medien) sowie im Rahmen bestehender Nutzer- und Gesch\u00e4ftsbeziehungen werden die Angaben der anfragenden Personen verarbeitet soweit dies zur Beantwortung der Kontaktanfragen und etwaiger angefragter Ma\u00dfnahmen erforderlich ist.<\/p>\n<ul>\n<li><strong>Verarbeitete Datenarten:<\/strong>Kontaktdaten (z.B. E-Mail, Telefonnummern); Inhaltsdaten (z.B. Eingaben in Onlineformularen); Nutzungsdaten (z.B. besuchte Webseiten, Interesse an Inhalten, Zugriffszeiten); Meta-, Kommunikations- und Verfahrensdaten (z. B. IP-Adressen, Zeitangaben, Identifikationsnummern, Einwilligungsstatus).<\/li>\n<li><strong>Betroffene Personen:<\/strong><\/li>\n<li><strong>Zwecke der Verarbeitung:<\/strong>Kontaktanfragen und Kommunikation; Verwaltung und Beantwortung von Anfragen; Feedback (z.B. Sammeln von Feedback via Online-Formular); Bereitstellung unseres Onlineangebotes und Nutzerfreundlichkeit.<\/li>\n<li><strong>Rechtsgrundlagen:<\/strong>Berechtigte Interessen (Art. 6 Abs. 1 S. 1 lit. f) DSGVO); Vertragserf\u00fcllung und vorvertragliche Anfragen (Art. 6 Abs. 1 S. 1 lit. b) DSGVO).<\/li>\n<\/ul>\n<p><strong>Weitere Hinweise zu Verarbeitungsprozessen, Verfahren und Diensten:<\/strong><\/p>\n<ul>\n<li><strong>Kontaktformular:\u00a0<\/strong>Wenn Nutzer \u00fcber unser Kontaktformular, E-Mail oder andere Kommunikationswege mit uns in Kontakt treten, verarbeiten wir die uns in diesem Zusammenhang mitgeteilten Daten zur Bearbeitung des mitgeteilten Anliegens;\u00a0<strong>Rechtsgrundlagen:<\/strong>Vertragserf\u00fcllung und vorvertragliche Anfragen (Art. 6 Abs. 1 S. 1 lit. b) DSGVO), Berechtigte Interessen (Art. 6 Abs. 1 S. 1 lit. f) DSGVO).<\/li>\n<\/ul>\n<p><strong>\u00c4nderung und Aktualisierung der Datenschutzerkl\u00e4rung<\/strong><\/p>\n<p>Wir bitten Sie, sich regelm\u00e4\u00dfig \u00fcber den Inhalt unserer Datenschutzerkl\u00e4rung zu informieren. Wir passen die Datenschutzerkl\u00e4rung an, sobald die \u00c4nderungen der von uns durchgef\u00fchrten Datenverarbeitungen dies erforderlich machen. Wir informieren Sie, sobald durch die \u00c4nderungen eine Mitwirkungshandlung Ihrerseits (z.B. Einwilligung) oder eine sonstige individuelle Benachrichtigung erforderlich wird.<\/p>\n<p>Sofern wir in dieser Datenschutzerkl\u00e4rung Adressen und Kontaktinformationen von Unternehmen und Organisationen angeben, bitten wir zu beachten, dass die Adressen sich \u00fcber die Zeit \u00e4ndern k\u00f6nnen und bitten die Angaben vor Kontaktaufnahme zu pr\u00fcfen.<\/p>\n<p><strong>Rechte der betroffenen Personen<\/strong><\/p>\n<p>Ihnen stehen als Betroffene nach der DSGVO verschiedene Rechte zu, die sich insbesondere aus Art. 15 bis 21 DSGVO ergeben:<\/p>\n<ul>\n<li><strong>Widerspruchsrecht: Sie haben das Recht, aus Gr\u00fcnden, die sich aus Ihrer besonderen Situation ergeben, jederzeit gegen die Verarbeitung der Sie betreffenden personenbezogenen Daten, die aufgrund von Art. 6 Abs. 1 lit. e oder f DSGVO erfolgt, Widerspruch einzulegen; dies gilt auch f\u00fcr ein auf diese Bestimmungen gest\u00fctztes Profiling. Werden die Sie betreffenden personenbezogenen Daten verarbeitet, um Direktwerbung zu betreiben, haben Sie das Recht, jederzeit Widerspruch gegen die Verarbeitung der Sie betreffenden personenbezogenen Daten zum Zwecke derartiger Werbung einzulegen; dies gilt auch f\u00fcr das Profiling, soweit es mit solcher Direktwerbung in Verbindung steht.<\/strong><\/li>\n<li><strong>Widerrufsrecht bei Einwilligungen:<\/strong>Sie haben das Recht, erteilte Einwilligungen jederzeit zu widerrufen.<\/li>\n<li><strong>Auskunftsrecht:<\/strong>Sie haben das Recht, eine Best\u00e4tigung dar\u00fcber zu verlangen, ob betreffende Daten verarbeitet werden und auf Auskunft \u00fcber diese Daten sowie auf weitere Informationen und Kopie der Daten entsprechend den gesetzlichen Vorgaben.<\/li>\n<li><strong>Recht auf Berichtigung:<\/strong>Sie haben entsprechend den gesetzlichen Vorgaben das Recht, die Vervollst\u00e4ndigung der Sie betreffenden Daten oder die Berichtigung der Sie betreffenden unrichtigen Daten zu verlangen.<\/li>\n<li><strong>Recht auf L\u00f6schung und Einschr\u00e4nkung der Verarbeitung:<\/strong>Sie haben nach Ma\u00dfgabe der gesetzlichen Vorgaben das Recht, zu verlangen, dass Sie betreffende Daten unverz\u00fcglich gel\u00f6scht werden, bzw. alternativ nach Ma\u00dfgabe der gesetzlichen Vorgaben eine Einschr\u00e4nkung der Verarbeitung der Daten zu verlangen.<\/li>\n<li><strong>Recht auf Daten\u00fcbertragbarkeit:<\/strong>Sie haben das Recht, Sie betreffende Daten, die Sie uns bereitgestellt haben, nach Ma\u00dfgabe der gesetzlichen Vorgaben in einem strukturierten, g\u00e4ngigen und maschinenlesbaren Format zu erhalten oder deren \u00dcbermittlung an einen anderen Verantwortlichen zu fordern.<\/li>\n<li><strong>Beschwerde bei Aufsichtsbeh\u00f6rde:<\/strong>Sie haben unbeschadet eines anderweitigen verwaltungsrechtlichen oder gerichtlichen Rechtsbehelfs das Recht auf Beschwerde bei einer Aufsichtsbeh\u00f6rde, insbesondere in dem Mitgliedstaat ihres gew\u00f6hnlichen Aufenthaltsorts, ihres Arbeitsplatzes oder des Orts des mutma\u00dflichen Versto\u00dfes, wenn Sie der Ansicht sind, dass die Verarbeitung der Sie betreffenden personenbezogenen Daten gegen die Vorgaben der DSGVO verst\u00f6\u00dft.<\/li>\n<\/ul>\n<p><strong>Begriffsdefinitionen<\/strong><\/p>\n<p>In diesem Abschnitt erhalten Sie eine \u00dcbersicht \u00fcber die in dieser Datenschutzerkl\u00e4rung verwendeten Begrifflichkeiten. Viele der Begriffe sind dem Gesetz entnommen und vor allem im Art. 4 DSGVO definiert. Die gesetzlichen Definitionen sind verbindlich. Die nachfolgenden Erl\u00e4uterungen sollen dagegen vor allem dem Verst\u00e4ndnis dienen. Die Begriffe sind alphabetisch sortiert.<\/p>\n<ul>\n<li><strong>Personenbezogene Daten:<\/strong>&#8222;Personenbezogene Daten\u201c sind alle Informationen, die sich auf eine identifizierte oder identifizierbare nat\u00fcrliche Person (im Folgenden &#8222;betroffene Person\u201c) beziehen; als identifizierbar wird eine nat\u00fcrliche Person angesehen, die direkt oder indirekt, insbesondere mittels Zuordnung zu einer Kennung wie einem Namen, zu einer Kennnummer, zu Standortdaten, zu einer Online-Kennung (z.B. Cookie) oder zu einem oder mehreren besonderen Merkmalen identifiziert werden kann, die Ausdruck der physischen, physiologischen, genetischen, psychischen, wirtschaftlichen, kulturellen oder sozialen Identit\u00e4t dieser nat\u00fcrlichen Person sind.<\/li>\n<li><strong>Verantwortlicher:<\/strong>Als &#8222;Verantwortlicher\u201c wird die nat\u00fcrliche oder juristische Person, Beh\u00f6rde, Einrichtung oder andere Stelle, die allein oder gemeinsam mit anderen \u00fcber die Zwecke und Mittel der Verarbeitung von personenbezogenen Daten entscheidet, bezeichnet.<\/li>\n<li><strong>Verarbeitung:<\/strong>&#8222;Verarbeitung&#8220; ist jeder mit oder ohne Hilfe automatisierter Verfahren ausgef\u00fchrte Vorgang oder jede solche Vorgangsreihe im Zusammenhang mit personenbezogenen Daten. Der Begriff reicht weit und umfasst praktisch jeden Umgang mit Daten, sei es das Erheben, das Auswerten, das Speichern, das \u00dcbermitteln oder das L\u00f6schen.<\/li>\n<\/ul>\n<p>&nbsp;<\/p>\n<p>[\/et_pb_text][\/et_pb_column][\/et_pb_row][\/et_pb_section]<\/p>","protected":false},"excerpt":{"rendered":"<p>Datenschutzerkl\u00e4rung Einleitung Mit der folgenden Datenschutzerkl\u00e4rung m\u00f6chten wir Sie dar\u00fcber aufkl\u00e4ren, welche Arten Ihrer personenbezogenen Daten (nachfolgend auch kurz als &#8222;Daten\u201c bezeichnet) wir zu welchen Zwecken und in welchem Umfang verarbeiten. Die Datenschutzerkl\u00e4rung gilt f\u00fcr alle von uns durchgef\u00fchrten Verarbeitungen personenbezogener Daten, sowohl im Rahmen der Erbringung unserer Leistungen als auch insbesondere auf unseren Webseiten, [&hellip;]<\/p>","protected":false},"author":1,"featured_media":0,"parent":0,"menu_order":0,"comment_status":"closed","ping_status":"closed","template":"","meta":{"_et_pb_use_builder":"on","_et_pb_old_content":"","_et_gb_content_width":""},"_links":{"self":[{"href":"https:\/\/scholl-international.com\/hr\/wp-json\/wp\/v2\/pages\/242"}],"collection":[{"href":"https:\/\/scholl-international.com\/hr\/wp-json\/wp\/v2\/pages"}],"about":[{"href":"https:\/\/scholl-international.com\/hr\/wp-json\/wp\/v2\/types\/page"}],"author":[{"embeddable":true,"href":"https:\/\/scholl-international.com\/hr\/wp-json\/wp\/v2\/users\/1"}],"replies":[{"embeddable":true,"href":"https:\/\/scholl-international.com\/hr\/wp-json\/wp\/v2\/comments?post=242"}],"version-history":[{"count":4,"href":"https:\/\/scholl-international.com\/hr\/wp-json\/wp\/v2\/pages\/242\/revisions"}],"predecessor-version":[{"id":453,"href":"https:\/\/scholl-international.com\/hr\/wp-json\/wp\/v2\/pages\/242\/revisions\/453"}],"wp:attachment":[{"href":"https:\/\/scholl-international.com\/hr\/wp-json\/wp\/v2\/media?parent=242"}],"curies":[{"name":"wp","href":"https:\/\/api.w.org\/{rel}","templated":true}]}}