{"id":108,"date":"2023-05-11T11:48:42","date_gmt":"2023-05-11T11:48:42","guid":{"rendered":"http:\/\/scholl-international.com\/?post_type=product&#038;p=108"},"modified":"2023-05-11T11:52:23","modified_gmt":"2023-05-11T11:52:23","slug":"minipad-orange","status":"publish","type":"product","link":"https:\/\/scholl-international.com\/hr\/proizvod\/minipad-orange\/","title":{"rendered":"MINIPAD ORANGE"},"content":{"rendered":"<div class=\"col-12 col-lg-6 col-xl-7 col-2xl-8 mb-4\">\n<div class=\"product-detail-description-content background-overlay\">\n<div class=\"product-detail-description-text\">Univerzalna spu\u017eva za poliranje srednje tvrdo\u0107e. Fina stani\u010dna struktura pjene s otvorenim porama idealna je za zavr\u0161nu obradu i za\u0161titu.<\/div>\n<\/div>\n<\/div>","protected":false},"excerpt":{"rendered":"<div class=\"col-12 col-lg-6 col-xl-7 col-2xl-8 mb-4\">\n<div class=\"product-detail-description-content background-overlay\">\n<div class=\"product-detail-description-text\">Univerzalna spu\u017eva za poliranje srednje tvrdo\u0107e. Fina stani\u010dna struktura pjene s otvorenim porama idealna je za zavr\u0161nu obradu i za\u0161titu.<\/div>\n<\/div>\n<\/div>","protected":false},"featured_media":160,"comment_status":"open","ping_status":"closed","template":"","meta":{"_et_pb_use_builder":"","_et_pb_old_content":"","_et_gb_content_width":""},"product_cat":[25],"product_tag":[],"_links":{"self":[{"href":"https:\/\/scholl-international.com\/hr\/wp-json\/wp\/v2\/product\/108"}],"collection":[{"href":"https:\/\/scholl-international.com\/hr\/wp-json\/wp\/v2\/product"}],"about":[{"href":"https:\/\/scholl-international.com\/hr\/wp-json\/wp\/v2\/types\/product"}],"replies":[{"embeddable":true,"href":"https:\/\/scholl-international.com\/hr\/wp-json\/wp\/v2\/comments?post=108"}],"wp:featuredmedia":[{"embeddable":true,"href":"https:\/\/scholl-international.com\/hr\/wp-json\/wp\/v2\/media\/160"}],"wp:attachment":[{"href":"https:\/\/scholl-international.com\/hr\/wp-json\/wp\/v2\/media?parent=108"}],"wp:term":[{"taxonomy":"product_cat","embeddable":true,"href":"https:\/\/scholl-international.com\/hr\/wp-json\/wp\/v2\/product_cat?post=108"},{"taxonomy":"product_tag","embeddable":true,"href":"https:\/\/scholl-international.com\/hr\/wp-json\/wp\/v2\/product_tag?post=108"}],"curies":[{"name":"wp","href":"https:\/\/api.w.org\/{rel}","templated":true}]}}