{"id":109,"date":"2023-05-11T11:48:42","date_gmt":"2023-05-11T11:48:42","guid":{"rendered":"http:\/\/scholl-international.com\/?post_type=product&#038;p=109"},"modified":"2023-05-11T11:52:28","modified_gmt":"2023-05-11T11:52:28","slug":"spider-reinigungspuck-lila","status":"publish","type":"product","link":"https:\/\/scholl-international.com\/hr\/proizvod\/spider-reinigungspuck-lila\/","title":{"rendered":"SPIDER CLEANING PUCK PURPLE"},"content":{"rendered":"<p>Inteligentni pomo\u0107nik u \u010di\u0161\u0107enju izra\u0111en od pjene otporne na trganje. Kalibracija poput \u010detke bez napora uklanja nakupljenu prljav\u0161tinu bez grebanja.<\/p>","protected":false},"excerpt":{"rendered":"<p>Inteligentni pomo\u0107nik u \u010di\u0161\u0107enju izra\u0111en od pjene otporne na trganje. Kalibracija poput \u010detke bez napora uklanja nakupljenu prljav\u0161tinu bez grebanja.<\/p>","protected":false},"featured_media":166,"comment_status":"open","ping_status":"closed","template":"","meta":{"_et_pb_use_builder":"","_et_pb_old_content":"","_et_gb_content_width":""},"product_cat":[25],"product_tag":[],"_links":{"self":[{"href":"https:\/\/scholl-international.com\/hr\/wp-json\/wp\/v2\/product\/109"}],"collection":[{"href":"https:\/\/scholl-international.com\/hr\/wp-json\/wp\/v2\/product"}],"about":[{"href":"https:\/\/scholl-international.com\/hr\/wp-json\/wp\/v2\/types\/product"}],"replies":[{"embeddable":true,"href":"https:\/\/scholl-international.com\/hr\/wp-json\/wp\/v2\/comments?post=109"}],"wp:featuredmedia":[{"embeddable":true,"href":"https:\/\/scholl-international.com\/hr\/wp-json\/wp\/v2\/media\/166"}],"wp:attachment":[{"href":"https:\/\/scholl-international.com\/hr\/wp-json\/wp\/v2\/media?parent=109"}],"wp:term":[{"taxonomy":"product_cat","embeddable":true,"href":"https:\/\/scholl-international.com\/hr\/wp-json\/wp\/v2\/product_cat?post=109"},{"taxonomy":"product_tag","embeddable":true,"href":"https:\/\/scholl-international.com\/hr\/wp-json\/wp\/v2\/product_tag?post=109"}],"curies":[{"name":"wp","href":"https:\/\/api.w.org\/{rel}","templated":true}]}}