{"id":119,"date":"2023-05-11T11:50:17","date_gmt":"2023-05-11T11:50:17","guid":{"rendered":"http:\/\/scholl-international.com\/?post_type=product&#038;p=119"},"modified":"2023-05-11T11:53:07","modified_gmt":"2023-05-11T11:53:07","slug":"blade-wasserabziehlippe-35cm-blau","status":"publish","type":"product","link":"https:\/\/scholl-international.com\/hr\/proizvod\/blade-wasserabziehlippe-35cm-blau\/","title":{"rendered":"BRISA\u010c ZA SU\u0160ENJE AUTOMOBILA 35 CM PLAVI"},"content":{"rendered":"<p>Vrlo ekonomi\u010dno su\u0161enje povr\u0161ina. Njegova \u0161iroka i fleksibilna gumena usnica omogu\u0107uje savr\u0161en rezultat su\u0161enja \u010dak i na zavojima.<\/p>","protected":false},"excerpt":{"rendered":"<p>Vrlo ekonomi\u010dno su\u0161enje povr\u0161ina. Njegova \u0161iroka i fleksibilna gumena usnica omogu\u0107uje savr\u0161en rezultat su\u0161enja \u010dak i na zavojima.<\/p>","protected":false},"featured_media":174,"comment_status":"open","ping_status":"closed","template":"","meta":{"_et_pb_use_builder":"","_et_pb_old_content":"","_et_gb_content_width":""},"product_cat":[60],"product_tag":[],"_links":{"self":[{"href":"https:\/\/scholl-international.com\/hr\/wp-json\/wp\/v2\/product\/119"}],"collection":[{"href":"https:\/\/scholl-international.com\/hr\/wp-json\/wp\/v2\/product"}],"about":[{"href":"https:\/\/scholl-international.com\/hr\/wp-json\/wp\/v2\/types\/product"}],"replies":[{"embeddable":true,"href":"https:\/\/scholl-international.com\/hr\/wp-json\/wp\/v2\/comments?post=119"}],"wp:featuredmedia":[{"embeddable":true,"href":"https:\/\/scholl-international.com\/hr\/wp-json\/wp\/v2\/media\/174"}],"wp:attachment":[{"href":"https:\/\/scholl-international.com\/hr\/wp-json\/wp\/v2\/media?parent=119"}],"wp:term":[{"taxonomy":"product_cat","embeddable":true,"href":"https:\/\/scholl-international.com\/hr\/wp-json\/wp\/v2\/product_cat?post=119"},{"taxonomy":"product_tag","embeddable":true,"href":"https:\/\/scholl-international.com\/hr\/wp-json\/wp\/v2\/product_tag?post=119"}],"curies":[{"name":"wp","href":"https:\/\/api.w.org\/{rel}","templated":true}]}}