{"id":120,"date":"2023-05-11T11:50:18","date_gmt":"2023-05-11T11:50:18","guid":{"rendered":"http:\/\/scholl-international.com\/?post_type=product&#038;p=120"},"modified":"2023-05-11T11:53:09","modified_gmt":"2023-05-11T11:53:09","slug":"brush-anti-fusselbuerste","status":"publish","type":"product","link":"https:\/\/scholl-international.com\/hr\/proizvod\/brush-anti-fusselbuerste\/","title":{"rendered":"\u010cETKA PROTIV DLA\u010cICA"},"content":{"rendered":"<p>\u010cetka za uklanjanje dla\u010dica i dlaka sa sjedala, tepiha i tekstila.<\/p>","protected":false},"excerpt":{"rendered":"<p>\u010cetka za uklanjanje dla\u010dica i dlaka sa sjedala, tepiha i tekstila.<\/p>","protected":false},"featured_media":175,"comment_status":"open","ping_status":"closed","template":"","meta":{"_et_pb_use_builder":"","_et_pb_old_content":"","_et_gb_content_width":""},"product_cat":[60],"product_tag":[],"_links":{"self":[{"href":"https:\/\/scholl-international.com\/hr\/wp-json\/wp\/v2\/product\/120"}],"collection":[{"href":"https:\/\/scholl-international.com\/hr\/wp-json\/wp\/v2\/product"}],"about":[{"href":"https:\/\/scholl-international.com\/hr\/wp-json\/wp\/v2\/types\/product"}],"replies":[{"embeddable":true,"href":"https:\/\/scholl-international.com\/hr\/wp-json\/wp\/v2\/comments?post=120"}],"wp:featuredmedia":[{"embeddable":true,"href":"https:\/\/scholl-international.com\/hr\/wp-json\/wp\/v2\/media\/175"}],"wp:attachment":[{"href":"https:\/\/scholl-international.com\/hr\/wp-json\/wp\/v2\/media?parent=120"}],"wp:term":[{"taxonomy":"product_cat","embeddable":true,"href":"https:\/\/scholl-international.com\/hr\/wp-json\/wp\/v2\/product_cat?post=120"},{"taxonomy":"product_tag","embeddable":true,"href":"https:\/\/scholl-international.com\/hr\/wp-json\/wp\/v2\/product_tag?post=120"}],"curies":[{"name":"wp","href":"https:\/\/api.w.org\/{rel}","templated":true}]}}