{"id":127,"date":"2023-05-11T11:50:41","date_gmt":"2023-05-11T11:50:41","guid":{"rendered":"http:\/\/scholl-international.com\/?post_type=product&#038;p=127"},"modified":"2023-05-11T11:53:13","modified_gmt":"2023-05-11T11:53:13","slug":"brushpad-reinigungsbuerste","status":"publish","type":"product","link":"https:\/\/scholl-international.com\/hr\/proizvod\/brushpad-reinigungsbuerste\/","title":{"rendered":"\u010cETKA ZA \u010cI\u0160\u0106ENJE SPU\u017dVE"},"content":{"rendered":"<div class=\"col-12 col-lg-6 col-xl-7 col-2xl-8 mb-4\">\n<div class=\"product-detail-description-content background-overlay\">\n<div class=\"product-detail-description-text\">Provjerena i robusna drvena \u010detka za \u010di\u0161\u0107enje, uklanjanje pra\u0161ine i dla\u010dica sa spu\u017evi za poliranje od pjene i vune.<\/div>\n<\/div>\n<\/div>\n<div class=\"col-12 col-lg-6 col-xl-5 col-2xl-4 mb-4\"><\/div>","protected":false},"excerpt":{"rendered":"<div class=\"col-12 col-lg-6 col-xl-7 col-2xl-8 mb-4\">\n<div class=\"product-detail-description-content background-overlay\">\n<div class=\"product-detail-description-text\">Provjerena i robusna drvena \u010detka za \u010di\u0161\u0107enje, uklanjanje pra\u0161ine i dla\u010dica sa spu\u017evi za poliranje od pjene i vune.<\/div>\n<\/div>\n<\/div>\n<div class=\"col-12 col-lg-6 col-xl-5 col-2xl-4 mb-4\"><\/div>","protected":false},"featured_media":177,"comment_status":"open","ping_status":"closed","template":"","meta":{"_et_pb_use_builder":"","_et_pb_old_content":"","_et_gb_content_width":""},"product_cat":[60],"product_tag":[],"_links":{"self":[{"href":"https:\/\/scholl-international.com\/hr\/wp-json\/wp\/v2\/product\/127"}],"collection":[{"href":"https:\/\/scholl-international.com\/hr\/wp-json\/wp\/v2\/product"}],"about":[{"href":"https:\/\/scholl-international.com\/hr\/wp-json\/wp\/v2\/types\/product"}],"replies":[{"embeddable":true,"href":"https:\/\/scholl-international.com\/hr\/wp-json\/wp\/v2\/comments?post=127"}],"wp:featuredmedia":[{"embeddable":true,"href":"https:\/\/scholl-international.com\/hr\/wp-json\/wp\/v2\/media\/177"}],"wp:attachment":[{"href":"https:\/\/scholl-international.com\/hr\/wp-json\/wp\/v2\/media?parent=127"}],"wp:term":[{"taxonomy":"product_cat","embeddable":true,"href":"https:\/\/scholl-international.com\/hr\/wp-json\/wp\/v2\/product_cat?post=127"},{"taxonomy":"product_tag","embeddable":true,"href":"https:\/\/scholl-international.com\/hr\/wp-json\/wp\/v2\/product_tag?post=127"}],"curies":[{"name":"wp","href":"https:\/\/api.w.org\/{rel}","templated":true}]}}