{"id":130,"date":"2023-05-11T11:50:42","date_gmt":"2023-05-11T11:50:42","guid":{"rendered":"http:\/\/scholl-international.com\/?post_type=product&#038;p=130"},"modified":"2023-05-11T11:53:24","modified_gmt":"2023-05-11T11:53:24","slug":"glove-lammfell-handschuh-weiss","status":"publish","type":"product","link":"https:\/\/scholl-international.com\/hr\/proizvod\/glove-lammfell-handschuh-weiss\/","title":{"rendered":"RUKAVICA OV\u010cJA KO\u017dA BIJELA"},"content":{"rendered":"<p>Prakti\u010dna i mekana rukavica za \u010di\u0161\u0107enje izra\u0111ena od prave janje\u0107e vune za profesionalno vanjsko pranje vozila koja je nje\u017ena prema laku.<\/p>","protected":false},"excerpt":{"rendered":"<p>Prakti\u010dna i mekana rukavica za \u010di\u0161\u0107enje izra\u0111ena od prave janje\u0107e vune za profesionalno vanjsko pranje vozila koja je nje\u017ena prema laku.<\/p>","protected":false},"featured_media":180,"comment_status":"open","ping_status":"closed","template":"","meta":{"_et_pb_use_builder":"","_et_pb_old_content":"","_et_gb_content_width":""},"product_cat":[60],"product_tag":[],"_links":{"self":[{"href":"https:\/\/scholl-international.com\/hr\/wp-json\/wp\/v2\/product\/130"}],"collection":[{"href":"https:\/\/scholl-international.com\/hr\/wp-json\/wp\/v2\/product"}],"about":[{"href":"https:\/\/scholl-international.com\/hr\/wp-json\/wp\/v2\/types\/product"}],"replies":[{"embeddable":true,"href":"https:\/\/scholl-international.com\/hr\/wp-json\/wp\/v2\/comments?post=130"}],"wp:featuredmedia":[{"embeddable":true,"href":"https:\/\/scholl-international.com\/hr\/wp-json\/wp\/v2\/media\/180"}],"wp:attachment":[{"href":"https:\/\/scholl-international.com\/hr\/wp-json\/wp\/v2\/media?parent=130"}],"wp:term":[{"taxonomy":"product_cat","embeddable":true,"href":"https:\/\/scholl-international.com\/hr\/wp-json\/wp\/v2\/product_cat?post=130"},{"taxonomy":"product_tag","embeddable":true,"href":"https:\/\/scholl-international.com\/hr\/wp-json\/wp\/v2\/product_tag?post=130"}],"curies":[{"name":"wp","href":"https:\/\/api.w.org\/{rel}","templated":true}]}}