{"id":131,"date":"2023-05-11T11:50:42","date_gmt":"2023-05-11T11:50:42","guid":{"rendered":"http:\/\/scholl-international.com\/?post_type=product&#038;p=131"},"modified":"2023-05-11T11:53:27","modified_gmt":"2023-05-11T11:53:27","slug":"knetclean-knetmasse-blau-in-dose","status":"publish","type":"product","link":"https:\/\/scholl-international.com\/hr\/proizvod\/knetclean-knetmasse-blau-in-dose\/","title":{"rendered":"CLAY&amp;CLEAN GLINA PLAVA U DOZI"},"content":{"rendered":"<p>Visokokvalitetna industrijska glina za uklanjanje tvrdokorne prljav\u0161tine kao \u0161to su film hr\u0111e, sok drve\u0107a i magla od spreja.<\/p>","protected":false},"excerpt":{"rendered":"<p>Visokokvalitetna industrijska glina za uklanjanje tvrdokorne prljav\u0161tine kao \u0161to su film hr\u0111e, sok drve\u0107a i magla od spreja.<\/p>","protected":false},"featured_media":181,"comment_status":"open","ping_status":"closed","template":"","meta":{"_et_pb_use_builder":"","_et_pb_old_content":"","_et_gb_content_width":""},"product_cat":[60],"product_tag":[],"_links":{"self":[{"href":"https:\/\/scholl-international.com\/hr\/wp-json\/wp\/v2\/product\/131"}],"collection":[{"href":"https:\/\/scholl-international.com\/hr\/wp-json\/wp\/v2\/product"}],"about":[{"href":"https:\/\/scholl-international.com\/hr\/wp-json\/wp\/v2\/types\/product"}],"replies":[{"embeddable":true,"href":"https:\/\/scholl-international.com\/hr\/wp-json\/wp\/v2\/comments?post=131"}],"wp:featuredmedia":[{"embeddable":true,"href":"https:\/\/scholl-international.com\/hr\/wp-json\/wp\/v2\/media\/181"}],"wp:attachment":[{"href":"https:\/\/scholl-international.com\/hr\/wp-json\/wp\/v2\/media?parent=131"}],"wp:term":[{"taxonomy":"product_cat","embeddable":true,"href":"https:\/\/scholl-international.com\/hr\/wp-json\/wp\/v2\/product_cat?post=131"},{"taxonomy":"product_tag","embeddable":true,"href":"https:\/\/scholl-international.com\/hr\/wp-json\/wp\/v2\/product_tag?post=131"}],"curies":[{"name":"wp","href":"https:\/\/api.w.org\/{rel}","templated":true}]}}