{"id":136,"date":"2023-05-11T11:51:05","date_gmt":"2023-05-11T11:51:05","guid":{"rendered":"http:\/\/scholl-international.com\/?post_type=product&#038;p=136"},"modified":"2023-05-11T11:53:29","modified_gmt":"2023-05-11T11:53:29","slug":"microplus-finishtuch-40x40-blau","status":"publish","type":"product","link":"https:\/\/scholl-international.com\/hr\/proizvod\/microplus-finishtuch-40x40-blau\/","title":{"rendered":"MICROPLUS ZAVR\u0160NA KRPA 40X40 PLAVA"},"content":{"rendered":"<p>Robusna,  univerzalna krpa od mikrovlakana bez dla\u010dica za sve vrste \u010di\u0161\u0107enja i brisanja u detaljima vozila.<\/p>","protected":false},"excerpt":{"rendered":"<p>Robusna,  univerzalna krpa od mikrovlakana bez dla\u010dica za sve vrste \u010di\u0161\u0107enja i brisanja u detaljima vozila.<\/p>","protected":false},"featured_media":182,"comment_status":"open","ping_status":"closed","template":"","meta":{"_et_pb_use_builder":"","_et_pb_old_content":"","_et_gb_content_width":""},"product_cat":[60],"product_tag":[],"_links":{"self":[{"href":"https:\/\/scholl-international.com\/hr\/wp-json\/wp\/v2\/product\/136"}],"collection":[{"href":"https:\/\/scholl-international.com\/hr\/wp-json\/wp\/v2\/product"}],"about":[{"href":"https:\/\/scholl-international.com\/hr\/wp-json\/wp\/v2\/types\/product"}],"replies":[{"embeddable":true,"href":"https:\/\/scholl-international.com\/hr\/wp-json\/wp\/v2\/comments?post=136"}],"wp:featuredmedia":[{"embeddable":true,"href":"https:\/\/scholl-international.com\/hr\/wp-json\/wp\/v2\/media\/182"}],"wp:attachment":[{"href":"https:\/\/scholl-international.com\/hr\/wp-json\/wp\/v2\/media?parent=136"}],"wp:term":[{"taxonomy":"product_cat","embeddable":true,"href":"https:\/\/scholl-international.com\/hr\/wp-json\/wp\/v2\/product_cat?post=136"},{"taxonomy":"product_tag","embeddable":true,"href":"https:\/\/scholl-international.com\/hr\/wp-json\/wp\/v2\/product_tag?post=136"}],"curies":[{"name":"wp","href":"https:\/\/api.w.org\/{rel}","templated":true}]}}