{"id":137,"date":"2023-05-11T11:51:06","date_gmt":"2023-05-11T11:51:06","guid":{"rendered":"http:\/\/scholl-international.com\/?post_type=product&#038;p=137"},"modified":"2023-05-11T11:53:32","modified_gmt":"2023-05-11T11:53:32","slug":"microplus-poliertuch-40x40-cm-rot","status":"publish","type":"product","link":"https:\/\/scholl-international.com\/hr\/proizvod\/microplus-poliertuch-40x40-cm-rot\/","title":{"rendered":"MICROPLUS KRPA ZA POLIRANJE 40X40 CRVENA"},"content":{"rendered":"<p>Meka vrhunska krpa za \u010di\u0161\u0107enje osjetljivih povr\u0161ina i za u\u010dinkovito uklanjanje ostataka poliranja.<\/p>","protected":false},"excerpt":{"rendered":"<p>Meka vrhunska krpa za \u010di\u0161\u0107enje osjetljivih povr\u0161ina i za u\u010dinkovito uklanjanje ostataka poliranja.<\/p>","protected":false},"featured_media":183,"comment_status":"open","ping_status":"closed","template":"","meta":{"_et_pb_use_builder":"","_et_pb_old_content":"","_et_gb_content_width":""},"product_cat":[60],"product_tag":[],"_links":{"self":[{"href":"https:\/\/scholl-international.com\/hr\/wp-json\/wp\/v2\/product\/137"}],"collection":[{"href":"https:\/\/scholl-international.com\/hr\/wp-json\/wp\/v2\/product"}],"about":[{"href":"https:\/\/scholl-international.com\/hr\/wp-json\/wp\/v2\/types\/product"}],"replies":[{"embeddable":true,"href":"https:\/\/scholl-international.com\/hr\/wp-json\/wp\/v2\/comments?post=137"}],"wp:featuredmedia":[{"embeddable":true,"href":"https:\/\/scholl-international.com\/hr\/wp-json\/wp\/v2\/media\/183"}],"wp:attachment":[{"href":"https:\/\/scholl-international.com\/hr\/wp-json\/wp\/v2\/media?parent=137"}],"wp:term":[{"taxonomy":"product_cat","embeddable":true,"href":"https:\/\/scholl-international.com\/hr\/wp-json\/wp\/v2\/product_cat?post=137"},{"taxonomy":"product_tag","embeddable":true,"href":"https:\/\/scholl-international.com\/hr\/wp-json\/wp\/v2\/product_tag?post=137"}],"curies":[{"name":"wp","href":"https:\/\/api.w.org\/{rel}","templated":true}]}}