{"id":146,"date":"2023-05-11T11:51:32","date_gmt":"2023-05-11T11:51:32","guid":{"rendered":"http:\/\/scholl-international.com\/?post_type=product&#038;p=146"},"modified":"2023-06-19T09:49:21","modified_gmt":"2023-06-19T09:49:21","slug":"wandhalterung-metall-fuer-5-ltr-kanister","status":"publish","type":"product","link":"https:\/\/scholl-international.com\/hr\/proizvod\/wandhalterung-metall-fuer-5-ltr-kanister\/","title":{"rendered":"METALNI ZIDNI NOSA\u010c ZA 5 LTR. KANISTER"},"content":{"rendered":"<p>Dozator s vij\u010danim nastavkom i zidnim nosa\u010dem za kanister od 5 litara. Za jednostavno punjenje i doziranje paste za poliranje.<\/p>","protected":false},"excerpt":{"rendered":"<p>Dozator s vij\u010danim nastavkom i zidnim nosa\u010dem za kanister od 5 litara. Za jednostavno punjenje i doziranje paste za poliranje.<\/p>","protected":false},"featured_media":188,"comment_status":"open","ping_status":"closed","template":"","meta":{"_et_pb_use_builder":"","_et_pb_old_content":"","_et_gb_content_width":""},"product_cat":[60],"product_tag":[],"_links":{"self":[{"href":"https:\/\/scholl-international.com\/hr\/wp-json\/wp\/v2\/product\/146"}],"collection":[{"href":"https:\/\/scholl-international.com\/hr\/wp-json\/wp\/v2\/product"}],"about":[{"href":"https:\/\/scholl-international.com\/hr\/wp-json\/wp\/v2\/types\/product"}],"replies":[{"embeddable":true,"href":"https:\/\/scholl-international.com\/hr\/wp-json\/wp\/v2\/comments?post=146"}],"wp:featuredmedia":[{"embeddable":true,"href":"https:\/\/scholl-international.com\/hr\/wp-json\/wp\/v2\/media\/188"}],"wp:attachment":[{"href":"https:\/\/scholl-international.com\/hr\/wp-json\/wp\/v2\/media?parent=146"}],"wp:term":[{"taxonomy":"product_cat","embeddable":true,"href":"https:\/\/scholl-international.com\/hr\/wp-json\/wp\/v2\/product_cat?post=146"},{"taxonomy":"product_tag","embeddable":true,"href":"https:\/\/scholl-international.com\/hr\/wp-json\/wp\/v2\/product_tag?post=146"}],"curies":[{"name":"wp","href":"https:\/\/api.w.org\/{rel}","templated":true}]}}