{"id":152,"date":"2023-05-11T11:51:57","date_gmt":"2023-05-11T11:51:57","guid":{"rendered":"http:\/\/scholl-international.com\/?post_type=product&#038;p=152"},"modified":"2023-05-11T11:54:02","modified_gmt":"2023-05-11T11:54:02","slug":"iq-3-in-1-polierteller-76-150-mm-m14","status":"publish","type":"product","link":"https:\/\/scholl-international.com\/hr\/proizvod\/iq-3-in-1-polierteller-76-150-mm-m14\/","title":{"rendered":"IQ 3 IN 1 BACKING DISC 76-150 MM M14"},"content":{"rendered":"<p>SCHOLL iQ disk za poliranje 3u1 je inteligentan, univerzalno upotrebljiv disk za poliranje na \u010di\u010dak u veli\u010dinama S, M i L. Fleksibilan, ravan kosi rub diska osigurava izuzetno gladak rad \u010dak i pri velikim brzinama. U kombinaciji s odgovaraju\u0107im SCHOLL sredstvima za poliranje i SCHOLL spu\u017evama, spu\u017eva za poliranje poma\u017ee u postizanju savr\u0161eno polirane povr\u0161ine boje. Pretvorba va\u0161eg stroja za poliranje na ove diskove isplati se!<\/p>\n<p>Dostupno za M14 navoj. Za navoj 5\/8 na upit.<\/p>\n<p>Molimo naru\u010dite pripadaju\u0107e jastu\u010di\u0107e zasebno.<\/p>\n<p>S-\u00d876mm, M-\u00d8125mm, L-\u00d8150mm<\/p>","protected":false},"excerpt":{"rendered":"<p>SCHOLL iQ disk za poliranje 3u1 je inteligentan, univerzalno upotrebljiv disk za poliranje na \u010di\u010dak u veli\u010dinama S, M i L. Fleksibilan, ravan kosi rub diska osigurava izuzetno gladak rad \u010dak i pri velikim brzinama. U kombinaciji s odgovaraju\u0107im SCHOLL sredstvima za poliranje i SCHOLL spu\u017evama, spu\u017eva za poliranje poma\u017ee u postizanju savr\u0161eno polirane povr\u0161ine boje. Pretvorba va\u0161eg stroja za poliranje na ove diskove isplati se!<\/p>\n<p>Dostupno za M14 navoj. Za navoj 5\/8 na upit.<\/p>\n<p>Molimo naru\u010dite pripadaju\u0107e jastu\u010di\u0107e zasebno.<\/p>\n<p>S-\u00d876mm, M-\u00d8125mm, L-\u00d8150mm<\/p>","protected":false},"featured_media":190,"comment_status":"open","ping_status":"closed","template":"","meta":{"_et_pb_use_builder":"","_et_pb_old_content":"","_et_gb_content_width":""},"product_cat":[60],"product_tag":[],"_links":{"self":[{"href":"https:\/\/scholl-international.com\/hr\/wp-json\/wp\/v2\/product\/152"}],"collection":[{"href":"https:\/\/scholl-international.com\/hr\/wp-json\/wp\/v2\/product"}],"about":[{"href":"https:\/\/scholl-international.com\/hr\/wp-json\/wp\/v2\/types\/product"}],"replies":[{"embeddable":true,"href":"https:\/\/scholl-international.com\/hr\/wp-json\/wp\/v2\/comments?post=152"}],"wp:featuredmedia":[{"embeddable":true,"href":"https:\/\/scholl-international.com\/hr\/wp-json\/wp\/v2\/media\/190"}],"wp:attachment":[{"href":"https:\/\/scholl-international.com\/hr\/wp-json\/wp\/v2\/media?parent=152"}],"wp:term":[{"taxonomy":"product_cat","embeddable":true,"href":"https:\/\/scholl-international.com\/hr\/wp-json\/wp\/v2\/product_cat?post=152"},{"taxonomy":"product_tag","embeddable":true,"href":"https:\/\/scholl-international.com\/hr\/wp-json\/wp\/v2\/product_tag?post=152"}],"curies":[{"name":"wp","href":"https:\/\/api.w.org\/{rel}","templated":true}]}}