{"id":153,"date":"2023-05-11T11:51:57","date_gmt":"2023-05-11T11:51:57","guid":{"rendered":"http:\/\/scholl-international.com\/?post_type=product&#038;p=153"},"modified":"2023-05-11T11:54:05","modified_gmt":"2023-05-11T11:54:05","slug":"twist-polierteller-sml","status":"publish","type":"product","link":"https:\/\/scholl-international.com\/hr\/proizvod\/twist-polierteller-sml\/","title":{"rendered":"TWIST DISK S, M, L"},"content":{"rendered":"<p>SCHOLL TWIST DISK za poliranje je inteligentan, univerzalno primjenjiv disk za poliranje na \u010di\u010dak veli\u010dine S\/M\/L. Fleksibilan, ravan kosi rub plo\u010de osigurava izuzetno glatko kretanje, \u010dak i pri velikim brzinama. U kombinaciji s odgovaraju\u0107im SCHOLL sredstvima za poliranje i SCHOLL spu\u017evama, spu\u017eva za poliranje poma\u017ee u postizanju savr\u0161eno polirane povr\u0161ine boje.<\/p>\n<div><\/div>\n<div>Das Umr\u00fcsten Ihrer Poliermaschine auf diese Teller lohnt sich!<\/div>\n<div><\/div>\n<div>Dostupno za M14 navoj. Za navoj 5\/8 na upit.<\/div>","protected":false},"excerpt":{"rendered":"<p>SCHOLL TWIST DISK za poliranje je inteligentan, univerzalno primjenjiv disk za poliranje na \u010di\u010dak veli\u010dine S\/M\/L. Fleksibilan, ravan kosi rub plo\u010de osigurava izuzetno glatko kretanje, \u010dak i pri velikim brzinama. U kombinaciji s odgovaraju\u0107im SCHOLL sredstvima za poliranje i SCHOLL spu\u017evama, spu\u017eva za poliranje poma\u017ee u postizanju savr\u0161eno polirane povr\u0161ine boje.<\/p>\n<div><\/div>\n<div>Das Umr\u00fcsten Ihrer Poliermaschine auf diese Teller lohnt sich!<\/div>\n<div><\/div>\n<div>Dostupno za M14 navoj. Za navoj 5\/8 na upit.<\/div>","protected":false},"featured_media":191,"comment_status":"open","ping_status":"closed","template":"","meta":{"_et_pb_use_builder":"","_et_pb_old_content":"","_et_gb_content_width":""},"product_cat":[60],"product_tag":[],"_links":{"self":[{"href":"https:\/\/scholl-international.com\/hr\/wp-json\/wp\/v2\/product\/153"}],"collection":[{"href":"https:\/\/scholl-international.com\/hr\/wp-json\/wp\/v2\/product"}],"about":[{"href":"https:\/\/scholl-international.com\/hr\/wp-json\/wp\/v2\/types\/product"}],"replies":[{"embeddable":true,"href":"https:\/\/scholl-international.com\/hr\/wp-json\/wp\/v2\/comments?post=153"}],"wp:featuredmedia":[{"embeddable":true,"href":"https:\/\/scholl-international.com\/hr\/wp-json\/wp\/v2\/media\/191"}],"wp:attachment":[{"href":"https:\/\/scholl-international.com\/hr\/wp-json\/wp\/v2\/media?parent=153"}],"wp:term":[{"taxonomy":"product_cat","embeddable":true,"href":"https:\/\/scholl-international.com\/hr\/wp-json\/wp\/v2\/product_cat?post=153"},{"taxonomy":"product_tag","embeddable":true,"href":"https:\/\/scholl-international.com\/hr\/wp-json\/wp\/v2\/product_tag?post=153"}],"curies":[{"name":"wp","href":"https:\/\/api.w.org\/{rel}","templated":true}]}}