{"id":154,"date":"2023-05-11T11:51:57","date_gmt":"2023-05-11T11:51:57","guid":{"rendered":"http:\/\/scholl-international.com\/?post_type=product&#038;p=154"},"modified":"2023-05-11T11:54:47","modified_gmt":"2023-05-11T11:54:47","slug":"e1200","status":"publish","type":"product","link":"https:\/\/scholl-international.com\/hr\/proizvod\/e1200\/","title":{"rendered":"E1200"},"content":{"rendered":"<p>E1200 visokou\u010dinkovita pasta posebno je razvijena za zavr\u0161ne radove na svje\u017eim lakiranim povr\u0161inama otpornim na ogrebotine i UV bojama. E1200 tako\u0111er uklanja ozbiljne iritacije laka kao \u0161to su \u010destice pra\u0161ine, tragovi boje, naran\u010dina kora i duboke ogrebotine. Pasta impresionira svojom vrlo dobrom brzinom uklanjanja (rezanjem) i jednostavnom obradom. U principu, E1200 se mo\u017ee obraditi s gotovo svim spu\u017evama za poliranje SCHOLL Concepts. Preporu\u010damo kori\u0161tenje grube, bijele spu\u017eve (ECO2343, ECO2347) ili na\u0161e podloge od janje\u0107e ko\u017ee (ECO2053, ECO2057) na svim povr\u0161inama. Preostali hologrami\/maglica od poliranja na tamnoj boji lako se mogu ukloniti na\u0161om pastom za poliranje E2000 ili E3000 u kombinaciji s univerzalnom naran\u010dastom spu\u017evom za poliranje.<\/p>","protected":false},"excerpt":{"rendered":"<p>E1200 visokou\u010dinkovita pasta posebno je razvijena za zavr\u0161ne radove na svje\u017eim lakiranim povr\u0161inama otpornim na ogrebotine i UV bojama. E1200 tako\u0111er uklanja ozbiljne iritacije laka kao \u0161to su \u010destice pra\u0161ine, tragovi boje, naran\u010dina kora i duboke ogrebotine. Pasta impresionira svojom vrlo dobrom brzinom uklanjanja (rezanjem) i jednostavnom obradom. U principu, E1200 se mo\u017ee obraditi s gotovo svim spu\u017evama za poliranje SCHOLL Concepts. Preporu\u010damo kori\u0161tenje grube, bijele spu\u017eve (ECO2343, ECO2347) ili na\u0161e podloge od janje\u0107e ko\u017ee (ECO2053, ECO2057) na svim povr\u0161inama. Preostali hologrami\/maglica od poliranja na tamnoj boji lako se mogu ukloniti na\u0161om pastom za poliranje E2000 ili E3000 u kombinaciji s univerzalnom naran\u010dastom spu\u017evom za poliranje.<\/p>","protected":false},"featured_media":192,"comment_status":"open","ping_status":"closed","template":"","meta":{"_et_pb_use_builder":"","_et_pb_old_content":"","_et_gb_content_width":""},"product_cat":[65,66],"product_tag":[],"_links":{"self":[{"href":"https:\/\/scholl-international.com\/hr\/wp-json\/wp\/v2\/product\/154"}],"collection":[{"href":"https:\/\/scholl-international.com\/hr\/wp-json\/wp\/v2\/product"}],"about":[{"href":"https:\/\/scholl-international.com\/hr\/wp-json\/wp\/v2\/types\/product"}],"replies":[{"embeddable":true,"href":"https:\/\/scholl-international.com\/hr\/wp-json\/wp\/v2\/comments?post=154"}],"wp:featuredmedia":[{"embeddable":true,"href":"https:\/\/scholl-international.com\/hr\/wp-json\/wp\/v2\/media\/192"}],"wp:attachment":[{"href":"https:\/\/scholl-international.com\/hr\/wp-json\/wp\/v2\/media?parent=154"}],"wp:term":[{"taxonomy":"product_cat","embeddable":true,"href":"https:\/\/scholl-international.com\/hr\/wp-json\/wp\/v2\/product_cat?post=154"},{"taxonomy":"product_tag","embeddable":true,"href":"https:\/\/scholl-international.com\/hr\/wp-json\/wp\/v2\/product_tag?post=154"}],"curies":[{"name":"wp","href":"https:\/\/api.w.org\/{rel}","templated":true}]}}