{"id":155,"date":"2023-05-11T11:51:58","date_gmt":"2023-05-11T11:51:58","guid":{"rendered":"http:\/\/scholl-international.com\/?post_type=product&#038;p=155"},"modified":"2023-05-11T11:55:27","modified_gmt":"2023-05-11T11:55:27","slug":"e1500","status":"publish","type":"product","link":"https:\/\/scholl-international.com\/hr\/proizvod\/e1500\/","title":{"rendered":"E1500"},"content":{"rendered":"<div class=\"col-12 col-lg-6 col-xl-7 col-2xl-8 mb-4\">\n<div class=\"product-detail-description-content background-overlay\">\n<div class=\"product-detail-description-text\">Gruba pasta E1500 mo\u017ee se koristiti za nano\u0161enje na rabljeni i istro\u0161eni lak. Jedinstvena tehnologija praha osigurava maksimalno uklanjanje i savr\u0161en visoki sjaj uz minimalno stvaranje pra\u0161ine. Ogrebotine i tragovi bru\u0161enja granulacije P1500 i finije mogu se lako ukloniti. Formulacija osigurava najbolja svojstva obrade na svim konvencionalnim sustavima laka otpornim na ogrebotine. Pasta za poliranje je posebno razvijena za regenerator. Za skupine kupaca (lakirer, krajnji korisnici) preporu\u010dujemo kori\u0161tenje na\u0161ih vrhunskih pasta. U principu, pasta se mo\u017ee obraditi s gotovo svim SCHOLL spu\u017evama za poliranje. Op\u0107enito, preporu\u010dujemo kori\u0161tenje univerzalne naran\u010daste spu\u017eve za poliranje ili grube bijele spu\u017eve. Pasta se mo\u017ee obra\u0111ivati \u200b\u200bi rotiraju\u0107i i ekscentri\u010dno.<\/div>\n<\/div>\n<\/div>","protected":false},"excerpt":{"rendered":"<div class=\"col-12 col-lg-6 col-xl-7 col-2xl-8 mb-4\">\n<div class=\"product-detail-description-content background-overlay\">\n<div class=\"product-detail-description-text\">Gruba pasta E1500 mo\u017ee se koristiti za nano\u0161enje na rabljeni i istro\u0161eni lak. Jedinstvena tehnologija praha osigurava maksimalno uklanjanje i savr\u0161en visoki sjaj uz minimalno stvaranje pra\u0161ine. Ogrebotine i tragovi bru\u0161enja granulacije P1500 i finije mogu se lako ukloniti. Formulacija osigurava najbolja svojstva obrade na svim konvencionalnim sustavima laka otpornim na ogrebotine. Pasta za poliranje je posebno razvijena za regenerator. Za skupine kupaca (lakirer, krajnji korisnici) preporu\u010dujemo kori\u0161tenje na\u0161ih vrhunskih pasta. U principu, pasta se mo\u017ee obraditi s gotovo svim SCHOLL spu\u017evama za poliranje. Op\u0107enito, preporu\u010dujemo kori\u0161tenje univerzalne naran\u010daste spu\u017eve za poliranje ili grube bijele spu\u017eve. Pasta se mo\u017ee obra\u0111ivati \u200b\u200bi rotiraju\u0107i i ekscentri\u010dno.<\/div>\n<\/div>\n<\/div>","protected":false},"featured_media":193,"comment_status":"open","ping_status":"closed","template":"","meta":{"_et_pb_use_builder":"","_et_pb_old_content":"","_et_gb_content_width":""},"product_cat":[65,66],"product_tag":[],"_links":{"self":[{"href":"https:\/\/scholl-international.com\/hr\/wp-json\/wp\/v2\/product\/155"}],"collection":[{"href":"https:\/\/scholl-international.com\/hr\/wp-json\/wp\/v2\/product"}],"about":[{"href":"https:\/\/scholl-international.com\/hr\/wp-json\/wp\/v2\/types\/product"}],"replies":[{"embeddable":true,"href":"https:\/\/scholl-international.com\/hr\/wp-json\/wp\/v2\/comments?post=155"}],"wp:featuredmedia":[{"embeddable":true,"href":"https:\/\/scholl-international.com\/hr\/wp-json\/wp\/v2\/media\/193"}],"wp:attachment":[{"href":"https:\/\/scholl-international.com\/hr\/wp-json\/wp\/v2\/media?parent=155"}],"wp:term":[{"taxonomy":"product_cat","embeddable":true,"href":"https:\/\/scholl-international.com\/hr\/wp-json\/wp\/v2\/product_cat?post=155"},{"taxonomy":"product_tag","embeddable":true,"href":"https:\/\/scholl-international.com\/hr\/wp-json\/wp\/v2\/product_tag?post=155"}],"curies":[{"name":"wp","href":"https:\/\/api.w.org\/{rel}","templated":true}]}}