{"id":161,"date":"2023-05-11T11:52:24","date_gmt":"2023-05-11T11:52:24","guid":{"rendered":"http:\/\/scholl-international.com\/?post_type=product&#038;p=161"},"modified":"2023-05-11T11:56:11","modified_gmt":"2023-05-11T11:56:11","slug":"e2000","status":"publish","type":"product","link":"https:\/\/scholl-international.com\/hr\/proizvod\/e2000\/","title":{"rendered":"E2000"},"content":{"rendered":"<div class=\"col-12 col-lg-6 col-xl-7 col-2xl-8 mb-4\">\n<div class=\"product-detail-description-content background-overlay\">\n<div class=\"product-detail-description-text\">E2000 pasta u 1 koraku za iznimno u\u010dinkovito uklanjanje ogrebotina, znakova istro\u0161enosti i holograma prilikom pripreme laka na svim poznatim sustavima boja. \u010cak i duboke ogrebotine i znakovi istro\u0161enosti mogu se lako ukloniti u samo jednom koraku. Unato\u010d ogromnoj stopi uklanjanja, 1-Step Paste uvjerava svojim svojstvima sjaja. \u010cak se i hologrami na tamnoj boji mogu lako i trajno ispolirati. Pasta za poliranje je posebno razvijena za regenerator. Za skupine kupaca (lakirer, krajnji korisnici) preporu\u010dujemo kori\u0161tenje na\u0161ih vrhunskih pasta. U principu, pasta se mo\u017ee obraditi s gotovo svim SCHOLL spu\u017evama za poliranje. Op\u0107enito, preporu\u010dujemo kori\u0161tenje univerzalne naran\u010daste spu\u017eve za poliranje ili grube bijele spu\u017eve. Pasta se mo\u017ee obra\u0111ivati \u200b\u200bi rotiraju\u0107i i ekscentri\u010dno.<\/div>\n<\/div>\n<\/div>","protected":false},"excerpt":{"rendered":"<div class=\"col-12 col-lg-6 col-xl-7 col-2xl-8 mb-4\">\n<div class=\"product-detail-description-content background-overlay\">\n<div class=\"product-detail-description-text\">E2000 pasta u 1 koraku za iznimno u\u010dinkovito uklanjanje ogrebotina, znakova istro\u0161enosti i holograma prilikom pripreme laka na svim poznatim sustavima boja. \u010cak i duboke ogrebotine i znakovi istro\u0161enosti mogu se lako ukloniti u samo jednom koraku. Unato\u010d ogromnoj stopi uklanjanja, 1-Step Paste uvjerava svojim svojstvima sjaja. \u010cak se i hologrami na tamnoj boji mogu lako i trajno ispolirati. Pasta za poliranje je posebno razvijena za regenerator. Za skupine kupaca (lakirer, krajnji korisnici) preporu\u010dujemo kori\u0161tenje na\u0161ih vrhunskih pasta. U principu, pasta se mo\u017ee obraditi s gotovo svim SCHOLL spu\u017evama za poliranje. Op\u0107enito, preporu\u010dujemo kori\u0161tenje univerzalne naran\u010daste spu\u017eve za poliranje ili grube bijele spu\u017eve. Pasta se mo\u017ee obra\u0111ivati \u200b\u200bi rotiraju\u0107i i ekscentri\u010dno.<\/div>\n<\/div>\n<\/div>","protected":false},"featured_media":194,"comment_status":"open","ping_status":"closed","template":"","meta":{"_et_pb_use_builder":"","_et_pb_old_content":"","_et_gb_content_width":""},"product_cat":[65,66],"product_tag":[],"_links":{"self":[{"href":"https:\/\/scholl-international.com\/hr\/wp-json\/wp\/v2\/product\/161"}],"collection":[{"href":"https:\/\/scholl-international.com\/hr\/wp-json\/wp\/v2\/product"}],"about":[{"href":"https:\/\/scholl-international.com\/hr\/wp-json\/wp\/v2\/types\/product"}],"replies":[{"embeddable":true,"href":"https:\/\/scholl-international.com\/hr\/wp-json\/wp\/v2\/comments?post=161"}],"wp:featuredmedia":[{"embeddable":true,"href":"https:\/\/scholl-international.com\/hr\/wp-json\/wp\/v2\/media\/194"}],"wp:attachment":[{"href":"https:\/\/scholl-international.com\/hr\/wp-json\/wp\/v2\/media?parent=161"}],"wp:term":[{"taxonomy":"product_cat","embeddable":true,"href":"https:\/\/scholl-international.com\/hr\/wp-json\/wp\/v2\/product_cat?post=161"},{"taxonomy":"product_tag","embeddable":true,"href":"https:\/\/scholl-international.com\/hr\/wp-json\/wp\/v2\/product_tag?post=161"}],"curies":[{"name":"wp","href":"https:\/\/api.w.org\/{rel}","templated":true}]}}