{"id":162,"date":"2023-05-11T11:52:24","date_gmt":"2023-05-11T11:52:24","guid":{"rendered":"http:\/\/scholl-international.com\/?post_type=product&#038;p=162"},"modified":"2023-05-11T11:56:55","modified_gmt":"2023-05-11T11:56:55","slug":"e3000","status":"publish","type":"product","link":"https:\/\/scholl-international.com\/hr\/proizvod\/e3000\/","title":{"rendered":"E3000"},"content":{"rendered":"<div class=\"col-12 col-lg-6 col-xl-7 col-2xl-8 mb-4\">\n<div class=\"product-detail-description-content background-overlay\">\n<div class=\"product-detail-description-text\">E3000 jam\u010di savr\u0161enu zavr\u0161nu obradu na tamnom laku automobila. Zahvaljuju\u0107i mikrofinom prahu aluminijevog oksida, mali znakovi istro\u0161enosti i ogrebotine na zavr\u0161nom sloju, kao i hologrami i velovi od prethodnih procesa poliranja mogu se jednostavno i trajno ukloniti u samo jednom koraku. Na\u0161a formulacija osigurava najbolja svojstva obrade na svim konvencionalnim sustavima blaka otpornim na ogrebotine. Pasta za poliranje je posebno razvijena za regenerator. Za skupine kupaca (lakirer, krajnji korisnici) preporu\u010dujemo kori\u0161tenje na\u0161ih vrhunskih pasta. U principu, pasta se mo\u017ee obraditi s gotovo svim SCHOLL spu\u017evama za poliranje. Op\u0107enito, preporu\u010dujemo kori\u0161tenje univerzalne naran\u010daste spu\u017eve za poliranje ili mekane crne spu\u017eve. Pasta se mo\u017ee obra\u0111ivati \u200b\u200bi rotiraju\u0107i i ekscentri\u010dno.<\/div>\n<\/div>\n<\/div>","protected":false},"excerpt":{"rendered":"<p>E3000 jam\u010di savr\u0161enu zavr\u0161nu obradu na tamnom laku automobila. Zahvaljuju\u0107i mikrofinom prahu aluminijevog oksida, mali znakovi istro\u0161enosti i ogrebotine na zavr\u0161nom sloju, kao i hologrami i velovi od prethodnih procesa poliranja mogu se jednostavno i trajno ukloniti u samo jednom koraku. Na\u0161a formulacija osigurava najbolja svojstva obrade na svim konvencionalnim sustavima blaka otpornim na ogrebotine. Pasta za poliranje je posebno razvijena za regenerator. Za skupine kupaca (lakirer, krajnji korisnici) preporu\u010dujemo kori\u0161tenje na\u0161ih vrhunskih pasta. U principu, pasta se mo\u017ee obraditi s gotovo svim SCHOLL spu\u017evama za poliranje. Op\u0107enito, preporu\u010dujemo kori\u0161tenje univerzalne naran\u010daste spu\u017eve za poliranje ili mekane crne spu\u017eve. Pasta se mo\u017ee obra\u0111ivati \u200b\u200bi rotiraju\u0107i i ekscentri\u010dno.<\/p>","protected":false},"featured_media":195,"comment_status":"open","ping_status":"closed","template":"","meta":{"_et_pb_use_builder":"","_et_pb_old_content":"","_et_gb_content_width":""},"product_cat":[65,66],"product_tag":[],"_links":{"self":[{"href":"https:\/\/scholl-international.com\/hr\/wp-json\/wp\/v2\/product\/162"}],"collection":[{"href":"https:\/\/scholl-international.com\/hr\/wp-json\/wp\/v2\/product"}],"about":[{"href":"https:\/\/scholl-international.com\/hr\/wp-json\/wp\/v2\/types\/product"}],"replies":[{"embeddable":true,"href":"https:\/\/scholl-international.com\/hr\/wp-json\/wp\/v2\/comments?post=162"}],"wp:featuredmedia":[{"embeddable":true,"href":"https:\/\/scholl-international.com\/hr\/wp-json\/wp\/v2\/media\/195"}],"wp:attachment":[{"href":"https:\/\/scholl-international.com\/hr\/wp-json\/wp\/v2\/media?parent=162"}],"wp:term":[{"taxonomy":"product_cat","embeddable":true,"href":"https:\/\/scholl-international.com\/hr\/wp-json\/wp\/v2\/product_cat?post=162"},{"taxonomy":"product_tag","embeddable":true,"href":"https:\/\/scholl-international.com\/hr\/wp-json\/wp\/v2\/product_tag?post=162"}],"curies":[{"name":"wp","href":"https:\/\/api.w.org\/{rel}","templated":true}]}}