{"id":163,"date":"2023-05-11T11:52:25","date_gmt":"2023-05-11T11:52:25","guid":{"rendered":"http:\/\/scholl-international.com\/?post_type=product&#038;p=163"},"modified":"2023-05-11T11:57:00","modified_gmt":"2023-05-11T11:57:00","slug":"e-allin1","status":"publish","type":"product","link":"https:\/\/scholl-international.com\/hr\/proizvod\/e-allin1\/","title":{"rendered":"E-ALLin1"},"content":{"rendered":"<div class=\"col-12 col-lg-6 col-xl-7 col-2xl-8 mb-4\">\n<div class=\"product-detail-description-content background-overlay\">\n<div class=\"product-detail-description-text\">E-ALLinONE razvijen je za profesionalnu pripremu laka rabljenih vozila. Abrazivna zrnca od aluminijevog oksida uklanjaju ogrebotine i znakove istro\u0161enosti na zavr\u0161nom sloju. Komponente sinteti\u010dkog i prirodnog voska trajno zatvaraju tretiranu boju mjesecima u jednom koraku. Pasta za poliranje posebno je razvijena za regenerator i nije odobrena za lakirere. Za to preporu\u010damo kori\u0161tenje na\u0161ih vrhunskih pasta! U principu, ova univerzalna pasta za poliranje mo\u017ee se obraditi sa skoro svim SCHOLL spu\u017evama za poliranje. Za jako istro\u0161en ili izgreban lak, preporu\u010dujemo kori\u0161tenje abrazivne TopWool spu\u017evice za poliranje. Bijela spu\u017eva za poliranje s grubim porama trebala bi se koristiti za umjereno jaku iritaciju laka. Koristiti mekanu crnu spu\u017evu za zavr\u0161ne radove.<\/div>\n<\/div>\n<\/div>","protected":false},"excerpt":{"rendered":"<div class=\"col-12 col-lg-6 col-xl-7 col-2xl-8 mb-4\">\n<div class=\"product-detail-description-content background-overlay\">\n<div class=\"product-detail-description-text\">E-ALLinONE razvijen je za profesionalnu pripremu laka rabljenih vozila. Abrazivna zrnca od aluminijevog oksida uklanjaju ogrebotine i znakove istro\u0161enosti na zavr\u0161nom sloju. Komponente sinteti\u010dkog i prirodnog voska trajno zatvaraju tretiranu boju mjesecima u jednom koraku. Pasta za poliranje posebno je razvijena za regenerator i nije odobrena za lakirere. Za to preporu\u010damo kori\u0161tenje na\u0161ih vrhunskih pasta! U principu, ova univerzalna pasta za poliranje mo\u017ee se obraditi sa skoro svim SCHOLL spu\u017evama za poliranje. Za jako istro\u0161en ili izgreban lak, preporu\u010dujemo kori\u0161tenje abrazivne TopWool spu\u017evice za poliranje. Bijela spu\u017eva za poliranje s grubim porama trebala bi se koristiti za umjereno jaku iritaciju laka. Koristiti mekanu crnu spu\u017evu za zavr\u0161ne radove.<\/div>\n<\/div>\n<\/div>","protected":false},"featured_media":196,"comment_status":"open","ping_status":"closed","template":"","meta":{"_et_pb_use_builder":"","_et_pb_old_content":"","_et_gb_content_width":""},"product_cat":[65,66],"product_tag":[],"_links":{"self":[{"href":"https:\/\/scholl-international.com\/hr\/wp-json\/wp\/v2\/product\/163"}],"collection":[{"href":"https:\/\/scholl-international.com\/hr\/wp-json\/wp\/v2\/product"}],"about":[{"href":"https:\/\/scholl-international.com\/hr\/wp-json\/wp\/v2\/types\/product"}],"replies":[{"embeddable":true,"href":"https:\/\/scholl-international.com\/hr\/wp-json\/wp\/v2\/comments?post=163"}],"wp:featuredmedia":[{"embeddable":true,"href":"https:\/\/scholl-international.com\/hr\/wp-json\/wp\/v2\/media\/196"}],"wp:attachment":[{"href":"https:\/\/scholl-international.com\/hr\/wp-json\/wp\/v2\/media?parent=163"}],"wp:term":[{"taxonomy":"product_cat","embeddable":true,"href":"https:\/\/scholl-international.com\/hr\/wp-json\/wp\/v2\/product_cat?post=163"},{"taxonomy":"product_tag","embeddable":true,"href":"https:\/\/scholl-international.com\/hr\/wp-json\/wp\/v2\/product_tag?post=163"}],"curies":[{"name":"wp","href":"https:\/\/api.w.org\/{rel}","templated":true}]}}