{"id":164,"date":"2023-05-11T11:52:25","date_gmt":"2023-05-11T11:52:25","guid":{"rendered":"http:\/\/scholl-international.com\/?post_type=product&#038;p=164"},"modified":"2023-05-11T11:57:42","modified_gmt":"2023-05-11T11:57:42","slug":"e-wax","status":"publish","type":"product","link":"https:\/\/scholl-international.com\/hr\/proizvod\/e-wax\/","title":{"rendered":"E-Wax"},"content":{"rendered":"<div class=\"col-12 col-lg-6 col-xl-7 col-2xl-8 mb-4\">\n<div class=\"product-detail-description-content background-overlay\">\n<div class=\"product-detail-description-text\">\n<div class=\"col-12 col-lg-6 col-xl-7 col-2xl-8 mb-4\">\n<div class=\"product-detail-description-content background-overlay\">\n<div class=\"product-detail-description-text\">E-Wax je u\u010dinkovito sredstvo za za\u0161titu laka koje se lako koristi. Prirodni karnauba vosak i sinteti\u010dke komponente trajno \u0161tite lak od vremenskih utjecaja i osiguravaju bogat i dugotrajan zrcalni zavr\u0161ni sloj. Jednostavno rukovanje \u0107e vas uvjeriti. Za lak s jakim znakovima istro\u0161enosti, preporu\u010dujemo prethodno \u010di\u0161\u0107enje laka pastom za poliranje (E1500 ili E2000). Uvijek preporu\u010dujemo ru\u010dnu obradu s prakti\u010dnim crnim aplikatorom za nano\u0161enje. Jednostavno obri\u0161ite ostatke poliranja crvenom krpom za zavr\u0161nu obradu MicroPLUS. Kod obrade rotiraju\u0107im ili ekscentri\u010dnim strojevima za poliranje, E-Wax treba nanositi crnom mekanom spu\u017evom.<\/div>\n<\/div>\n<\/div>\n<\/div>\n<\/div>\n<\/div>","protected":false},"excerpt":{"rendered":"<div class=\"col-12 col-lg-6 col-xl-7 col-2xl-8 mb-4\">\n<div class=\"product-detail-description-content background-overlay\">\n<div class=\"product-detail-description-text\">\n<div class=\"col-12 col-lg-6 col-xl-7 col-2xl-8 mb-4\">\n<div class=\"product-detail-description-content background-overlay\">\n<div class=\"product-detail-description-text\">E-Wax je u\u010dinkovito sredstvo za za\u0161titu laka koje se lako koristi. Prirodni karnauba vosak i sinteti\u010dke komponente trajno \u0161tite lak od vremenskih utjecaja i osiguravaju bogat i dugotrajan zrcalni zavr\u0161ni sloj. Jednostavno rukovanje \u0107e vas uvjeriti. Za lak s jakim znakovima istro\u0161enosti, preporu\u010dujemo prethodno \u010di\u0161\u0107enje laka pastom za poliranje (E1500 ili E2000). Uvijek preporu\u010dujemo ru\u010dnu obradu s prakti\u010dnim crnim aplikatorom za nano\u0161enje. Jednostavno obri\u0161ite ostatke poliranja crvenom krpom za zavr\u0161nu obradu MicroPLUS. Kod obrade rotiraju\u0107im ili ekscentri\u010dnim strojevima za poliranje, E-Wax treba nanositi crnom mekanom spu\u017evom.<\/div>\n<\/div>\n<\/div>\n<\/div>\n<\/div>\n<\/div>","protected":false},"featured_media":197,"comment_status":"open","ping_status":"closed","template":"","meta":{"_et_pb_use_builder":"","_et_pb_old_content":"","_et_gb_content_width":""},"product_cat":[65,66],"product_tag":[],"_links":{"self":[{"href":"https:\/\/scholl-international.com\/hr\/wp-json\/wp\/v2\/product\/164"}],"collection":[{"href":"https:\/\/scholl-international.com\/hr\/wp-json\/wp\/v2\/product"}],"about":[{"href":"https:\/\/scholl-international.com\/hr\/wp-json\/wp\/v2\/types\/product"}],"replies":[{"embeddable":true,"href":"https:\/\/scholl-international.com\/hr\/wp-json\/wp\/v2\/comments?post=164"}],"wp:featuredmedia":[{"embeddable":true,"href":"https:\/\/scholl-international.com\/hr\/wp-json\/wp\/v2\/media\/197"}],"wp:attachment":[{"href":"https:\/\/scholl-international.com\/hr\/wp-json\/wp\/v2\/media?parent=164"}],"wp:term":[{"taxonomy":"product_cat","embeddable":true,"href":"https:\/\/scholl-international.com\/hr\/wp-json\/wp\/v2\/product_cat?post=164"},{"taxonomy":"product_tag","embeddable":true,"href":"https:\/\/scholl-international.com\/hr\/wp-json\/wp\/v2\/product_tag?post=164"}],"curies":[{"name":"wp","href":"https:\/\/api.w.org\/{rel}","templated":true}]}}