{"id":170,"date":"2023-05-11T11:52:53","date_gmt":"2023-05-11T11:52:53","guid":{"rendered":"http:\/\/scholl-international.com\/?post_type=product&#038;p=170"},"modified":"2023-05-11T11:58:15","modified_gmt":"2023-05-11T11:58:15","slug":"ecofix-polierschwamm-orange","status":"publish","type":"product","link":"https:\/\/scholl-international.com\/hr\/proizvod\/ecofix-polierschwamm-orange\/","title":{"rendered":"ECOFIX POLISHING PAD ORANGE"},"content":{"rendered":"<div class=\"col-12 col-lg-6 col-xl-7 col-2xl-8 mb-4\">\n<div class=\"product-detail-description-content background-overlay\">\n<div class=\"product-detail-description-text\">\n<div class=\"col-12 col-lg-6 col-xl-7 col-2xl-8 mb-4\">\n<div class=\"product-detail-description-content background-overlay\">\n<div class=\"product-detail-description-text\">Univerzalna spu\u017eva za poliranje srednje tvrdo\u0107e za savr\u0161enu pripremu laka. Pjena sa zatvorenim porama otporna na trganje za maksimalni vijek trajanja.<\/div>\n<\/div>\n<\/div>\n<\/div>\n<\/div>\n<\/div>","protected":false},"excerpt":{"rendered":"<p>Univerzalna spu\u017eva za poliranje srednje tvrdo\u0107e za savr\u0161enu pripremu laka. Pjena sa zatvorenim porama otporna na trganje za maksimalni vijek trajanja.<\/p>","protected":false},"featured_media":199,"comment_status":"open","ping_status":"closed","template":"","meta":{"_et_pb_use_builder":"","_et_pb_old_content":"","_et_gb_content_width":""},"product_cat":[65,68],"product_tag":[],"_links":{"self":[{"href":"https:\/\/scholl-international.com\/hr\/wp-json\/wp\/v2\/product\/170"}],"collection":[{"href":"https:\/\/scholl-international.com\/hr\/wp-json\/wp\/v2\/product"}],"about":[{"href":"https:\/\/scholl-international.com\/hr\/wp-json\/wp\/v2\/types\/product"}],"replies":[{"embeddable":true,"href":"https:\/\/scholl-international.com\/hr\/wp-json\/wp\/v2\/comments?post=170"}],"wp:featuredmedia":[{"embeddable":true,"href":"https:\/\/scholl-international.com\/hr\/wp-json\/wp\/v2\/media\/199"}],"wp:attachment":[{"href":"https:\/\/scholl-international.com\/hr\/wp-json\/wp\/v2\/media?parent=170"}],"wp:term":[{"taxonomy":"product_cat","embeddable":true,"href":"https:\/\/scholl-international.com\/hr\/wp-json\/wp\/v2\/product_cat?post=170"},{"taxonomy":"product_tag","embeddable":true,"href":"https:\/\/scholl-international.com\/hr\/wp-json\/wp\/v2\/product_tag?post=170"}],"curies":[{"name":"wp","href":"https:\/\/api.w.org\/{rel}","templated":true}]}}