{"id":50,"date":"2023-05-11T11:47:17","date_gmt":"2023-05-11T11:47:17","guid":{"rendered":"http:\/\/scholl-international.com\/?post_type=product&#038;p=50"},"modified":"2023-05-11T11:47:30","modified_gmt":"2023-05-11T11:47:30","slug":"s0-mattierungspaste-extrem-grob","status":"publish","type":"product","link":"https:\/\/scholl-international.com\/hr\/proizvod\/s0-mattierungspaste-extrem-grob\/","title":{"rendered":"S0 MATTIERUNGSPASTE EXTREM GROB"},"content":{"rendered":"<p>S0 ist ein &#8222;fl\u00fcssiges Schleifpapier&#8220;. Die Paste eignet sich perfekt f\u00fcr Mattierungsarbeiten und zum Pr\u00e4parieren vor der Beilackierung. Zudem lassen sich extrem tiefe Kratzer und Lackirritationen (Orangenhaut) optimal ausschleifen.<\/p>\n<div>\n<p>Maschinell verarbeitet reduziert S0 die Rautiefen von zu grob angeschliffenen Lackpartien drastisch und macht den Einsatz von kostspieligen &#8222;Soft-Schleifscheiben&#8220; \u00fcberfl\u00fcssig. Bei maschineller Verarbeitung entsteht ein absolut gleichm\u00e4\u00dfiges Mattfinish, das anschlie\u00dfend in Sekunden mit der Heavy-Cut Schleifpaste S3 Gold auf Hochglanz poliert werden kann. Selbst tiefe Kratzer lassen sich ohne den Einsatz von Schleifpapier bzw. Soft-Schleifpads sicher beseitigen.<\/p>\n<p>Obradite S0 pastu ru\u010dno s bijelim SCHOLL aplikatorom. Za primjenu na velikim povr\u0161inama preporu\u010damo kori\u0161tenje konvencionalne ekscentri\u010dne ma\u0161ine (3-5 mm hoda) ili rotiraju\u0107eg stroja za poliranje s malom brzinom i naran\u010dastom spu\u017evom SCHOLL. Uklonite ostatke poliranja mekom MicroPLUS krpom za poliranje.<\/p>\n<\/div>","protected":false},"excerpt":{"rendered":"<p>S0 ist ein &#8222;fl\u00fcssiges Schleifpapier&#8220;. Die Paste eignet sich perfekt f\u00fcr Mattierungsarbeiten und zum Pr\u00e4parieren vor der Beilackierung. Zudem lassen sich extrem tiefe Kratzer und Lackirritationen (Orangenhaut) optimal ausschleifen.<\/p>\n<div>\n<p>Maschinell verarbeitet reduziert S0 die Rautiefen von zu grob angeschliffenen Lackpartien drastisch und macht den Einsatz von kostspieligen &#8222;Soft-Schleifscheiben&#8220; \u00fcberfl\u00fcssig. Bei maschineller Verarbeitung entsteht ein absolut gleichm\u00e4\u00dfiges Mattfinish, das anschlie\u00dfend in Sekunden mit der Heavy-Cut Schleifpaste S3 Gold auf Hochglanz poliert werden kann. Selbst tiefe Kratzer lassen sich ohne den Einsatz von Schleifpapier bzw. Soft-Schleifpads sicher beseitigen.<\/p>\n<p>Obradite S0 pastu ru\u010dno s bijelim SCHOLL aplikatorom. Za primjenu na velikim povr\u0161inama preporu\u010damo kori\u0161tenje konvencionalne ekscentri\u010dne ma\u0161ine (3-5 mm hoda) ili rotiraju\u0107eg stroja za poliranje s malom brzinom i naran\u010dastom spu\u017evom SCHOLL. Uklonite ostatke poliranja mekom MicroPLUS krpom za poliranje.<\/p>\n<\/div>","protected":false},"featured_media":80,"comment_status":"open","ping_status":"closed","template":"","meta":{"_et_pb_use_builder":"","_et_pb_old_content":"","_et_gb_content_width":""},"product_cat":[21],"product_tag":[],"_links":{"self":[{"href":"https:\/\/scholl-international.com\/hr\/wp-json\/wp\/v2\/product\/50"}],"collection":[{"href":"https:\/\/scholl-international.com\/hr\/wp-json\/wp\/v2\/product"}],"about":[{"href":"https:\/\/scholl-international.com\/hr\/wp-json\/wp\/v2\/types\/product"}],"replies":[{"embeddable":true,"href":"https:\/\/scholl-international.com\/hr\/wp-json\/wp\/v2\/comments?post=50"}],"wp:featuredmedia":[{"embeddable":true,"href":"https:\/\/scholl-international.com\/hr\/wp-json\/wp\/v2\/media\/80"}],"wp:attachment":[{"href":"https:\/\/scholl-international.com\/hr\/wp-json\/wp\/v2\/media?parent=50"}],"wp:term":[{"taxonomy":"product_cat","embeddable":true,"href":"https:\/\/scholl-international.com\/hr\/wp-json\/wp\/v2\/product_cat?post=50"},{"taxonomy":"product_tag","embeddable":true,"href":"https:\/\/scholl-international.com\/hr\/wp-json\/wp\/v2\/product_tag?post=50"}],"curies":[{"name":"wp","href":"https:\/\/api.w.org\/{rel}","templated":true}]}}