{"id":51,"date":"2023-05-11T11:47:18","date_gmt":"2023-05-11T11:47:18","guid":{"rendered":"http:\/\/scholl-international.com\/?post_type=product&#038;p=51"},"modified":"2023-05-11T11:47:35","modified_gmt":"2023-05-11T11:47:35","slug":"shock-2-cut-hochleistungspaste","status":"publish","type":"product","link":"https:\/\/scholl-international.com\/hr\/proizvod\/shock-2-cut-hochleistungspaste\/","title":{"rendered":"SHOCK 2 CUT"},"content":{"rendered":"<p class=\" translation-block\">Shock2Cut - najagresivnija pasta visokog sjaja koju smo ikada razvili!\nZa uklanjanje iznimno dubokih iritacija lakiranih povr\u0161ina.<\/p>\n<p>Vrhunska, visokou\u010dinkovita brusna pasta posebno je razvijena za zavr\u0161ne radove lakiranja na svje\u017eim i kori\u0161tenim lakiranim povr\u0161inama! Zahvaljuju\u0107i maksimalnoj i jedinstvenoj brzini uklanjanja, kao i izvrsnim svojstvima visokog sjaja, iznimno duboke iritacije laka mogu se ukloniti u nekoliko sekundi.<\/p>\n<p>Shock2Cut se mo\u017ee obraditi i na rotiraju\u0107im i na ekscentri\u010dnim ma\u0161inama za poliranje. Za optimalan rezultat preporu\u010dujemo obradu s na\u0161im inovativnim Sandwich-SpiderPad-om (crno\/bijeli), SpiderPad-om tamnoplavom kao i naran\u010dastom spu\u017evicom za poliranje<\/p>","protected":false},"excerpt":{"rendered":"<p class=\" translation-block\">Shock2Cut - najagresivnija pasta visokog sjaja koju smo ikada razvili!\nZa uklanjanje iznimno dubokih iritacija lakiranih povr\u0161ina.<\/p>\n<p>Vrhunska, visokou\u010dinkovita brusna pasta posebno je razvijena za zavr\u0161ne radove lakiranja na svje\u017eim i kori\u0161tenim lakiranim povr\u0161inama! Zahvaljuju\u0107i maksimalnoj i jedinstvenoj brzini uklanjanja, kao i izvrsnim svojstvima visokog sjaja, iznimno duboke iritacije laka mogu se ukloniti u nekoliko sekundi.<\/p>\n<p>Shock2Cut se mo\u017ee obraditi i na rotiraju\u0107im i na ekscentri\u010dnim ma\u0161inama za poliranje. Za optimalan rezultat preporu\u010dujemo obradu s na\u0161im inovativnim Sandwich-SpiderPad-om (crno\/bijeli), SpiderPad-om tamnoplavom kao i naran\u010dastom spu\u017evicom za poliranje<\/p>","protected":false},"featured_media":81,"comment_status":"open","ping_status":"closed","template":"","meta":{"_et_pb_use_builder":"","_et_pb_old_content":"","_et_gb_content_width":""},"product_cat":[21],"product_tag":[],"_links":{"self":[{"href":"https:\/\/scholl-international.com\/hr\/wp-json\/wp\/v2\/product\/51"}],"collection":[{"href":"https:\/\/scholl-international.com\/hr\/wp-json\/wp\/v2\/product"}],"about":[{"href":"https:\/\/scholl-international.com\/hr\/wp-json\/wp\/v2\/types\/product"}],"replies":[{"embeddable":true,"href":"https:\/\/scholl-international.com\/hr\/wp-json\/wp\/v2\/comments?post=51"}],"wp:featuredmedia":[{"embeddable":true,"href":"https:\/\/scholl-international.com\/hr\/wp-json\/wp\/v2\/media\/81"}],"wp:attachment":[{"href":"https:\/\/scholl-international.com\/hr\/wp-json\/wp\/v2\/media?parent=51"}],"wp:term":[{"taxonomy":"product_cat","embeddable":true,"href":"https:\/\/scholl-international.com\/hr\/wp-json\/wp\/v2\/product_cat?post=51"},{"taxonomy":"product_tag","embeddable":true,"href":"https:\/\/scholl-international.com\/hr\/wp-json\/wp\/v2\/product_tag?post=51"}],"curies":[{"name":"wp","href":"https:\/\/api.w.org\/{rel}","templated":true}]}}