{"id":52,"date":"2023-05-11T11:47:18","date_gmt":"2023-05-11T11:47:18","guid":{"rendered":"http:\/\/scholl-international.com\/?post_type=product&#038;p=52"},"modified":"2023-05-11T11:47:40","modified_gmt":"2023-05-11T11:47:40","slug":"s2-black-hochleistungspaste","status":"publish","type":"product","link":"https:\/\/scholl-international.com\/hr\/proizvod\/s2-black-hochleistungspaste\/","title":{"rendered":"S2 BLACK"},"content":{"rendered":"<p>Vrhunska, visokou\u010dinkovita pasta za poliranje posebno je razvijena za zavr\u0161ne radove lakiranja na svje\u017eim i kori\u0161tenim lakiranim povr\u0161inama! Zahvaljuju\u0107i maksimalnoj i jedinstvenoj brzini uklanjanja, kao i izvrsnim svojstvima visokog sjaja, iznimno duboke iritacije laka mogu se ukloniti u nekoliko sekundi.<\/p>\n<p>Visokou\u010dinkovita brusna pasta S2 BLACK mo\u017ee se obra\u0111ivati \u200b\u200bna rotiraju\u0107im i ekscentri\u010dnim ma\u0161inama za poliranje. Za optimalan rezultat preporu\u010dujemo obradu s na\u0161im inovativnim Sandwich-SpiderPadom, SpiderPad tamnoplavim kao i Premium Padom naran\u010dastim.<\/p>","protected":false},"excerpt":{"rendered":"<p>Vrhunska, visokou\u010dinkovita pasta za poliranje posebno je razvijena za zavr\u0161ne radove lakiranja na svje\u017eim i kori\u0161tenim lakiranim povr\u0161inama! Zahvaljuju\u0107i maksimalnoj i jedinstvenoj brzini uklanjanja, kao i izvrsnim svojstvima visokog sjaja, iznimno duboke iritacije laka mogu se ukloniti u nekoliko sekundi.<\/p>\n<p>Visokou\u010dinkovita brusna pasta S2 BLACK mo\u017ee se obra\u0111ivati \u200b\u200bna rotiraju\u0107im i ekscentri\u010dnim ma\u0161inama za poliranje. Za optimalan rezultat preporu\u010dujemo obradu s na\u0161im inovativnim Sandwich-SpiderPadom, SpiderPad tamnoplavim kao i Premium Padom naran\u010dastim.<\/p>","protected":false},"featured_media":82,"comment_status":"open","ping_status":"closed","template":"","meta":{"_et_pb_use_builder":"","_et_pb_old_content":"","_et_gb_content_width":""},"product_cat":[21],"product_tag":[],"_links":{"self":[{"href":"https:\/\/scholl-international.com\/hr\/wp-json\/wp\/v2\/product\/52"}],"collection":[{"href":"https:\/\/scholl-international.com\/hr\/wp-json\/wp\/v2\/product"}],"about":[{"href":"https:\/\/scholl-international.com\/hr\/wp-json\/wp\/v2\/types\/product"}],"replies":[{"embeddable":true,"href":"https:\/\/scholl-international.com\/hr\/wp-json\/wp\/v2\/comments?post=52"}],"wp:featuredmedia":[{"embeddable":true,"href":"https:\/\/scholl-international.com\/hr\/wp-json\/wp\/v2\/media\/82"}],"wp:attachment":[{"href":"https:\/\/scholl-international.com\/hr\/wp-json\/wp\/v2\/media?parent=52"}],"wp:term":[{"taxonomy":"product_cat","embeddable":true,"href":"https:\/\/scholl-international.com\/hr\/wp-json\/wp\/v2\/product_cat?post=52"},{"taxonomy":"product_tag","embeddable":true,"href":"https:\/\/scholl-international.com\/hr\/wp-json\/wp\/v2\/product_tag?post=52"}],"curies":[{"name":"wp","href":"https:\/\/api.w.org\/{rel}","templated":true}]}}