{"id":53,"date":"2023-05-11T11:47:18","date_gmt":"2023-05-11T11:47:18","guid":{"rendered":"http:\/\/scholl-international.com\/?post_type=product&#038;p=53"},"modified":"2023-05-11T11:47:44","modified_gmt":"2023-05-11T11:47:44","slug":"s3-gold-xxl-hochleistungspaste","status":"publish","type":"product","link":"https:\/\/scholl-international.com\/hr\/proizvod\/s3-gold-xxl-hochleistungspaste\/","title":{"rendered":"S3 GOLD XXL"},"content":{"rendered":"<p>Visokou\u010dinkovita pasta za poliranje S3 Gold posebno je razvijena za zavr\u0161ne radove na svje\u017eim lakiranim povr\u0161inama otpornim na ogrebotine i UV bojama. Zahvaljuju\u0107i jedinstvenoj tehnologiji inteligentnog pudera (iPT) koja se temelji na aluminijevom oksidu visoke \u010disto\u0107e, iritacije na zavr\u0161nom sloju sada se mogu jo\u0161 br\u017ee i lak\u0161e ispolirati. Ogromna stopa uklanjanja (rezanje), briljantna zrcalna zavr\u0161na obrada i jednostavno rukovanje visokou\u010dinkovitom pastom uvjerit \u0107e vas.<\/p>\n<p>Die Hochleistungs-Schleifpaste S3 Gold l\u00e4sst sich nahezu mit jeder unserer Polierscheiben (Pads) verarbeiten. Wir empfehlen auf allen Oberfl\u00e4chen den Einsatz des innovativen Sandwich-SpiderPads (schwarz\/wei\u00df) bzw. des harten SpiderPads navy-blau eine neue Generation von Schaumstoff-Polierscheiben. &#8222;Konsequent einfach&#8220; nur noch eine Paste und eine Polierscheibe f\u00fcr nahezu alle Lackfinish-Arbeiten auf frischen Lackoberfl\u00e4chen!<\/p>","protected":false},"excerpt":{"rendered":"<p>Visokou\u010dinkovita pasta za poliranje S3 Gold posebno je razvijena za zavr\u0161ne radove na svje\u017eim lakiranim povr\u0161inama otpornim na ogrebotine i UV bojama. Zahvaljuju\u0107i jedinstvenoj tehnologiji inteligentnog pudera (iPT) koja se temelji na aluminijevom oksidu visoke \u010disto\u0107e, iritacije na zavr\u0161nom sloju sada se mogu jo\u0161 br\u017ee i lak\u0161e ispolirati. Ogromna stopa uklanjanja (rezanje), briljantna zrcalna zavr\u0161na obrada i jednostavno rukovanje visokou\u010dinkovitom pastom uvjerit \u0107e vas.<\/p>\n<p>Die Hochleistungs-Schleifpaste S3 Gold l\u00e4sst sich nahezu mit jeder unserer Polierscheiben (Pads) verarbeiten. Wir empfehlen auf allen Oberfl\u00e4chen den Einsatz des innovativen Sandwich-SpiderPads (schwarz\/wei\u00df) bzw. des harten SpiderPads navy-blau eine neue Generation von Schaumstoff-Polierscheiben. &#8222;Konsequent einfach&#8220; nur noch eine Paste und eine Polierscheibe f\u00fcr nahezu alle Lackfinish-Arbeiten auf frischen Lackoberfl\u00e4chen!<\/p>","protected":false},"featured_media":83,"comment_status":"open","ping_status":"closed","template":"","meta":{"_et_pb_use_builder":"","_et_pb_old_content":"","_et_gb_content_width":""},"product_cat":[21],"product_tag":[],"_links":{"self":[{"href":"https:\/\/scholl-international.com\/hr\/wp-json\/wp\/v2\/product\/53"}],"collection":[{"href":"https:\/\/scholl-international.com\/hr\/wp-json\/wp\/v2\/product"}],"about":[{"href":"https:\/\/scholl-international.com\/hr\/wp-json\/wp\/v2\/types\/product"}],"replies":[{"embeddable":true,"href":"https:\/\/scholl-international.com\/hr\/wp-json\/wp\/v2\/comments?post=53"}],"wp:featuredmedia":[{"embeddable":true,"href":"https:\/\/scholl-international.com\/hr\/wp-json\/wp\/v2\/media\/83"}],"wp:attachment":[{"href":"https:\/\/scholl-international.com\/hr\/wp-json\/wp\/v2\/media?parent=53"}],"wp:term":[{"taxonomy":"product_cat","embeddable":true,"href":"https:\/\/scholl-international.com\/hr\/wp-json\/wp\/v2\/product_cat?post=53"},{"taxonomy":"product_tag","embeddable":true,"href":"https:\/\/scholl-international.com\/hr\/wp-json\/wp\/v2\/product_tag?post=53"}],"curies":[{"name":"wp","href":"https:\/\/api.w.org\/{rel}","templated":true}]}}