{"id":54,"date":"2023-05-11T11:47:19","date_gmt":"2023-05-11T11:47:19","guid":{"rendered":"http:\/\/scholl-international.com\/?post_type=product&#038;p=54"},"modified":"2023-05-11T11:47:49","modified_gmt":"2023-05-11T11:47:49","slug":"s17-hochleistungspaste","status":"publish","type":"product","link":"https:\/\/scholl-international.com\/hr\/proizvod\/s17-hochleistungspaste\/","title":{"rendered":"S17+"},"content":{"rendered":"<p>Univerzalna visokou\u010dinkovita pasta za poliranje S17+ mo\u017ee se koristiti i za nano\u0161enje na svje\u017eu boju i za uklanjanje ogrebotina na rabljenoj i istro\u0161enoj boji. Inteligentna tehnologija praha (iPT) osigurava maksimalno uklanjanje (rezanje) i savr\u0161en visoki sjaj uz minimalno stvaranje pra\u0161ine. Tragovi bru\u0161enja granulacije P2000 i sitnije mogu se lako ukloniti. Najprikladniji za sustave bezbojnih premaza otpornih na ogrebotine.<\/p>\n<p>U principu, S17+ se mo\u017ee obraditi s gotovo svim SCHOLL spu\u017evama za poliranje. Na\u0161a preporuka je kori\u0161tenje tvrdog, tamnoplavog SpiderPada na svje\u017ee lakiranim povr\u0161inama. Na rabljenim i vremenskim povr\u0161inama najbolji rezultati mogu se posti\u0107i s ljubi\u010dastim spu\u017evama za poliranje otvorenih pora.<\/p>","protected":false},"excerpt":{"rendered":"<p>Univerzalna visokou\u010dinkovita pasta za poliranje S17+ mo\u017ee se koristiti i za nano\u0161enje na svje\u017eu boju i za uklanjanje ogrebotina na rabljenoj i istro\u0161enoj boji. Inteligentna tehnologija praha (iPT) osigurava maksimalno uklanjanje (rezanje) i savr\u0161en visoki sjaj uz minimalno stvaranje pra\u0161ine. Tragovi bru\u0161enja granulacije P2000 i sitnije mogu se lako ukloniti. Najprikladniji za sustave bezbojnih premaza otpornih na ogrebotine.<\/p>\n<p>U principu, S17+ se mo\u017ee obraditi s gotovo svim SCHOLL spu\u017evama za poliranje. Na\u0161a preporuka je kori\u0161tenje tvrdog, tamnoplavog SpiderPada na svje\u017ee lakiranim povr\u0161inama. Na rabljenim i vremenskim povr\u0161inama najbolji rezultati mogu se posti\u0107i s ljubi\u010dastim spu\u017evama za poliranje otvorenih pora.<\/p>","protected":false},"featured_media":84,"comment_status":"open","ping_status":"closed","template":"","meta":{"_et_pb_use_builder":"","_et_pb_old_content":"","_et_gb_content_width":""},"product_cat":[21],"product_tag":[],"_links":{"self":[{"href":"https:\/\/scholl-international.com\/hr\/wp-json\/wp\/v2\/product\/54"}],"collection":[{"href":"https:\/\/scholl-international.com\/hr\/wp-json\/wp\/v2\/product"}],"about":[{"href":"https:\/\/scholl-international.com\/hr\/wp-json\/wp\/v2\/types\/product"}],"replies":[{"embeddable":true,"href":"https:\/\/scholl-international.com\/hr\/wp-json\/wp\/v2\/comments?post=54"}],"wp:featuredmedia":[{"embeddable":true,"href":"https:\/\/scholl-international.com\/hr\/wp-json\/wp\/v2\/media\/84"}],"wp:attachment":[{"href":"https:\/\/scholl-international.com\/hr\/wp-json\/wp\/v2\/media?parent=54"}],"wp:term":[{"taxonomy":"product_cat","embeddable":true,"href":"https:\/\/scholl-international.com\/hr\/wp-json\/wp\/v2\/product_cat?post=54"},{"taxonomy":"product_tag","embeddable":true,"href":"https:\/\/scholl-international.com\/hr\/wp-json\/wp\/v2\/product_tag?post=54"}],"curies":[{"name":"wp","href":"https:\/\/api.w.org\/{rel}","templated":true}]}}