{"id":56,"date":"2023-05-11T11:47:19","date_gmt":"2023-05-11T11:47:19","guid":{"rendered":"http:\/\/scholl-international.com\/?post_type=product&#038;p=56"},"modified":"2023-05-11T11:48:04","modified_gmt":"2023-05-11T11:48:04","slug":"s40-antischleier-schleifpaste","status":"publish","type":"product","link":"https:\/\/scholl-international.com\/hr\/proizvod\/s40-antischleier-schleifpaste\/","title":{"rendered":"S40"},"content":{"rendered":"<p>Mikrofina pasta za poliranje za trajno uklanjanje sitnih ogrebotina, zamu\u0107enja i holograma na tamnom laku vozila. S40 je posebno pogodan za zavr\u0161ne radove i ostavlja apsolutno briljantan i dubok zrcalni zavr\u0161etak. Jednostavna obrada ove vrhunske paste za poliranje \u0107e vas impresionirati.<\/p>\n<p>Preporu\u010dujemo obradu S40 SCHOLL naran\u010dastom spu\u017evicom za poliranje s finim porama. Ne smiju se koristiti izrazito mekani jastu\u010di\u0107i (crna spu\u017eva). Pasta se mo\u017ee obra\u0111ivati \u200b\u200bi rotiraju\u0107i i ekscentri\u010dni.<\/p>","protected":false},"excerpt":{"rendered":"<p>Mikrofina pasta za poliranje za trajno uklanjanje sitnih ogrebotina, zamu\u0107enja i holograma na tamnom laku vozila. S40 je posebno pogodan za zavr\u0161ne radove i ostavlja apsolutno briljantan i dubok zrcalni zavr\u0161etak. Jednostavna obrada ove vrhunske paste za poliranje \u0107e vas impresionirati.<\/p>\n<p>Preporu\u010dujemo obradu S40 SCHOLL naran\u010dastom spu\u017evicom za poliranje s finim porama. Ne smiju se koristiti izrazito mekani jastu\u010di\u0107i (crna spu\u017eva). Pasta se mo\u017ee obra\u0111ivati \u200b\u200bi rotiraju\u0107i i ekscentri\u010dni.<\/p>","protected":false},"featured_media":91,"comment_status":"open","ping_status":"closed","template":"","meta":{"_et_pb_use_builder":"","_et_pb_old_content":"","_et_gb_content_width":""},"product_cat":[21],"product_tag":[],"_links":{"self":[{"href":"https:\/\/scholl-international.com\/hr\/wp-json\/wp\/v2\/product\/56"}],"collection":[{"href":"https:\/\/scholl-international.com\/hr\/wp-json\/wp\/v2\/product"}],"about":[{"href":"https:\/\/scholl-international.com\/hr\/wp-json\/wp\/v2\/types\/product"}],"replies":[{"embeddable":true,"href":"https:\/\/scholl-international.com\/hr\/wp-json\/wp\/v2\/comments?post=56"}],"wp:featuredmedia":[{"embeddable":true,"href":"https:\/\/scholl-international.com\/hr\/wp-json\/wp\/v2\/media\/91"}],"wp:attachment":[{"href":"https:\/\/scholl-international.com\/hr\/wp-json\/wp\/v2\/media?parent=56"}],"wp:term":[{"taxonomy":"product_cat","embeddable":true,"href":"https:\/\/scholl-international.com\/hr\/wp-json\/wp\/v2\/product_cat?post=56"},{"taxonomy":"product_tag","embeddable":true,"href":"https:\/\/scholl-international.com\/hr\/wp-json\/wp\/v2\/product_tag?post=56"}],"curies":[{"name":"wp","href":"https:\/\/api.w.org\/{rel}","templated":true}]}}