{"id":57,"date":"2023-05-11T11:47:19","date_gmt":"2023-05-11T11:47:19","guid":{"rendered":"http:\/\/scholl-international.com\/?post_type=product&#038;p=57"},"modified":"2023-05-11T11:48:08","modified_gmt":"2023-05-11T11:48:08","slug":"a15-1-step-allround-polish","status":"publish","type":"product","link":"https:\/\/scholl-international.com\/hr\/proizvod\/a15-1-step-allround-polish\/","title":{"rendered":"A15+"},"content":{"rendered":"<p>Univerzalno sredstvo za poliranje za profesionalnu pripremu laka rabljenih vozila. Abrazivna zrnca aluminijeva oksida uklanjaju ogrebotine i znakove istro\u0161enosti na zavr\u0161nom sloju. Sinteti\u010dke i prirodne komponente voska zatvaraju tretirana podru\u010dja laka postojano mjesecima.<\/p>\n<p>U principu, ova univerzalna pasta za poliranje mo\u017ee se obraditi sa skoro svim SCHOLL spu\u017evama za poliranje. Za jako istro\u0161enu ili izgrebanu boju, preporu\u010damo kori\u0161tenje abrazivne spu\u017evice za poliranje Premium TopWool. U slu\u010daju umjereno jake iritacije laka treba koristiti ljubi\u010dastu spu\u017evicu za poliranje s grubim porama. Ako se pasta koristi za zavr\u0161ni zavr\u0161ni rad, ovdje se mo\u017ee koristiti super-meka crna SOFTouch spu\u017evica..<\/p>","protected":false},"excerpt":{"rendered":"<p>Univerzalno sredstvo za poliranje za profesionalnu pripremu laka rabljenih vozila. Abrazivna zrnca aluminijeva oksida uklanjaju ogrebotine i znakove istro\u0161enosti na zavr\u0161nom sloju. Sinteti\u010dke i prirodne komponente voska zatvaraju tretirana podru\u010dja laka postojano mjesecima.<\/p>\n<p>U principu, ova univerzalna pasta za poliranje mo\u017ee se obraditi sa skoro svim SCHOLL spu\u017evama za poliranje. Za jako istro\u0161enu ili izgrebanu boju, preporu\u010damo kori\u0161tenje abrazivne spu\u017evice za poliranje Premium TopWool. U slu\u010daju umjereno jake iritacije laka treba koristiti ljubi\u010dastu spu\u017evicu za poliranje s grubim porama. Ako se pasta koristi za zavr\u0161ni zavr\u0161ni rad, ovdje se mo\u017ee koristiti super-meka crna SOFTouch spu\u017evica..<\/p>","protected":false},"featured_media":92,"comment_status":"open","ping_status":"closed","template":"","meta":{"_et_pb_use_builder":"","_et_pb_old_content":"","_et_gb_content_width":""},"product_cat":[21,22],"product_tag":[],"_links":{"self":[{"href":"https:\/\/scholl-international.com\/hr\/wp-json\/wp\/v2\/product\/57"}],"collection":[{"href":"https:\/\/scholl-international.com\/hr\/wp-json\/wp\/v2\/product"}],"about":[{"href":"https:\/\/scholl-international.com\/hr\/wp-json\/wp\/v2\/types\/product"}],"replies":[{"embeddable":true,"href":"https:\/\/scholl-international.com\/hr\/wp-json\/wp\/v2\/comments?post=57"}],"wp:featuredmedia":[{"embeddable":true,"href":"https:\/\/scholl-international.com\/hr\/wp-json\/wp\/v2\/media\/92"}],"wp:attachment":[{"href":"https:\/\/scholl-international.com\/hr\/wp-json\/wp\/v2\/media?parent=57"}],"wp:term":[{"taxonomy":"product_cat","embeddable":true,"href":"https:\/\/scholl-international.com\/hr\/wp-json\/wp\/v2\/product_cat?post=57"},{"taxonomy":"product_tag","embeddable":true,"href":"https:\/\/scholl-international.com\/hr\/wp-json\/wp\/v2\/product_tag?post=57"}],"curies":[{"name":"wp","href":"https:\/\/api.w.org\/{rel}","templated":true}]}}