{"id":58,"date":"2023-05-11T11:47:20","date_gmt":"2023-05-11T11:47:20","guid":{"rendered":"http:\/\/scholl-international.com\/?post_type=product&#038;p=58"},"modified":"2023-05-11T11:48:13","modified_gmt":"2023-05-11T11:48:13","slug":"s30-mikro-hochleistungspaste","status":"publish","type":"product","link":"https:\/\/scholl-international.com\/hr\/proizvod\/s30-mikro-hochleistungspaste\/","title":{"rendered":"S30+"},"content":{"rendered":"<p>Visokou\u010dinkovita pasta za poliranje S30+ jamstvo je savr\u0161ene zavr\u0161ne obrade na tamnom laku automobila. Zahvaljuju\u0107i jedinstvenoj formulaciji koja se temelji na vrlo \u010distom i mikrofinom prahu aluminijevog oksida, mali znakovi istro\u0161enosti i ogrebotine na zavr\u0161nom sloju, kao i hologrami i zamagljenost od prethodnih procesa poliranja mogu se jednostavno i trajno ukloniti u samo jednom koraku.<\/p>\n<p>Die &#8222;easy-clean&#8220; Formulierung sorgt f\u00fcr beste Verarbeitungseigenschaften auf allen konventionellen und kratzfesten Lacksystemen. Der brillante Spiegelglanz unserer Premium Polierpaste wird Sie \u00fcberzeugen.<\/p>\n<p>U principu, S30+ pasta se mo\u017ee obraditi sa skoro svim SCHOLL spu\u017evama za poliranje. Op\u0107enito, preporu\u010dujemo kori\u0161tenje naran\u010daste spu\u017evice za poliranje ili NEO SpiderPad. Izrazito mekane spu\u017eve ne smiju se koristiti! Pasta se mo\u017ee obra\u0111ivati \u200b\u200bi rotiraju\u0107i i ekscentri\u010dno.<\/p>","protected":false},"excerpt":{"rendered":"<p>Visokou\u010dinkovita pasta za poliranje S30+ jamstvo je savr\u0161ene zavr\u0161ne obrade na tamnom laku automobila. Zahvaljuju\u0107i jedinstvenoj formulaciji koja se temelji na vrlo \u010distom i mikrofinom prahu aluminijevog oksida, mali znakovi istro\u0161enosti i ogrebotine na zavr\u0161nom sloju, kao i hologrami i zamagljenost od prethodnih procesa poliranja mogu se jednostavno i trajno ukloniti u samo jednom koraku.<\/p>\n<p>Die &#8222;easy-clean&#8220; Formulierung sorgt f\u00fcr beste Verarbeitungseigenschaften auf allen konventionellen und kratzfesten Lacksystemen. Der brillante Spiegelglanz unserer Premium Polierpaste wird Sie \u00fcberzeugen.<\/p>\n<p>U principu, S30+ pasta se mo\u017ee obraditi sa skoro svim SCHOLL spu\u017evama za poliranje. Op\u0107enito, preporu\u010dujemo kori\u0161tenje naran\u010daste spu\u017evice za poliranje ili NEO SpiderPad. Izrazito mekane spu\u017eve ne smiju se koristiti! Pasta se mo\u017ee obra\u0111ivati \u200b\u200bi rotiraju\u0107i i ekscentri\u010dno.<\/p>","protected":false},"featured_media":93,"comment_status":"open","ping_status":"closed","template":"","meta":{"_et_pb_use_builder":"","_et_pb_old_content":"","_et_gb_content_width":""},"product_cat":[21],"product_tag":[],"_links":{"self":[{"href":"https:\/\/scholl-international.com\/hr\/wp-json\/wp\/v2\/product\/58"}],"collection":[{"href":"https:\/\/scholl-international.com\/hr\/wp-json\/wp\/v2\/product"}],"about":[{"href":"https:\/\/scholl-international.com\/hr\/wp-json\/wp\/v2\/types\/product"}],"replies":[{"embeddable":true,"href":"https:\/\/scholl-international.com\/hr\/wp-json\/wp\/v2\/comments?post=58"}],"wp:featuredmedia":[{"embeddable":true,"href":"https:\/\/scholl-international.com\/hr\/wp-json\/wp\/v2\/media\/93"}],"wp:attachment":[{"href":"https:\/\/scholl-international.com\/hr\/wp-json\/wp\/v2\/media?parent=58"}],"wp:term":[{"taxonomy":"product_cat","embeddable":true,"href":"https:\/\/scholl-international.com\/hr\/wp-json\/wp\/v2\/product_cat?post=58"},{"taxonomy":"product_tag","embeddable":true,"href":"https:\/\/scholl-international.com\/hr\/wp-json\/wp\/v2\/product_tag?post=58"}],"curies":[{"name":"wp","href":"https:\/\/api.w.org\/{rel}","templated":true}]}}