{"id":60,"date":"2023-05-11T11:47:20","date_gmt":"2023-05-11T11:47:20","guid":{"rendered":"http:\/\/scholl-international.com\/?post_type=product&#038;p=60"},"modified":"2023-05-11T11:48:21","modified_gmt":"2023-05-11T11:48:21","slug":"sw30-supergloss-speed-wachs","status":"publish","type":"product","link":"https:\/\/scholl-international.com\/hr\/proizvod\/sw30-supergloss-speed-wachs\/","title":{"rendered":"SW30 SUPERGLOSS SPEED-WACHS"},"content":{"rendered":"<p>SW30 Speed-Wachs ist eine einzigartige und innovative Schnellversiegelung f\u00fcr gepflegte bzw. neuwertige Fahrzeuglacke. Mit minimalem Zeitaufwand wird Ihr Lack von leichten Verunreinigungen, Staub, Fingerabdr\u00fccken etc. befreit und gleichzeitig nachhaltig versiegelt. Modernste Polymertechnologie schlie\u00dft Mikrokratzer im Decklack und bildet einen hoch vernetzten Schutzfilm, der Ihr Fahrzeug \u00fcber Wochen vor Witterungseinfl\u00fcssen sch\u00fctzt. Einfach einspr\u00fchen, abwischen &#8211; fertig. Der brillante Spiegelglanz, der sich innerhalb weniger Sekunden einstellt, ist atemberaubend.<\/p>\n<p>SW30 ne sadr\u017ei ugljikovodike i lako se mo\u017ee koristiti za \u010di\u0161\u0107enje i njegu gotovo svih glatkih povr\u0161ina.<\/p>\n<p>SW30 auf die zu behandelnde Fl\u00e4che aufspr\u00fchen und mit dem roten, saumfreien MicroPLUS Finishtuch kreisf\u00f6rmig verteilen &#8211;\u00a0 fertig!<\/p>","protected":false},"excerpt":{"rendered":"<p>SW30 Speed-Wachs ist eine einzigartige und innovative Schnellversiegelung f\u00fcr gepflegte bzw. neuwertige Fahrzeuglacke. Mit minimalem Zeitaufwand wird Ihr Lack von leichten Verunreinigungen, Staub, Fingerabdr\u00fccken etc. befreit und gleichzeitig nachhaltig versiegelt. Modernste Polymertechnologie schlie\u00dft Mikrokratzer im Decklack und bildet einen hoch vernetzten Schutzfilm, der Ihr Fahrzeug \u00fcber Wochen vor Witterungseinfl\u00fcssen sch\u00fctzt. Einfach einspr\u00fchen, abwischen &#8211; fertig. Der brillante Spiegelglanz, der sich innerhalb weniger Sekunden einstellt, ist atemberaubend.<\/p>\n<p>SW30 ne sadr\u017ei ugljikovodike i lako se mo\u017ee koristiti za \u010di\u0161\u0107enje i njegu gotovo svih glatkih povr\u0161ina.<\/p>\n<p>SW30 auf die zu behandelnde Fl\u00e4che aufspr\u00fchen und mit dem roten, saumfreien MicroPLUS Finishtuch kreisf\u00f6rmig verteilen &#8211;\u00a0 fertig!<\/p>","protected":false},"featured_media":100,"comment_status":"open","ping_status":"closed","template":"","meta":{"_et_pb_use_builder":"","_et_pb_old_content":"","_et_gb_content_width":""},"product_cat":[22],"product_tag":[],"_links":{"self":[{"href":"https:\/\/scholl-international.com\/hr\/wp-json\/wp\/v2\/product\/60"}],"collection":[{"href":"https:\/\/scholl-international.com\/hr\/wp-json\/wp\/v2\/product"}],"about":[{"href":"https:\/\/scholl-international.com\/hr\/wp-json\/wp\/v2\/types\/product"}],"replies":[{"embeddable":true,"href":"https:\/\/scholl-international.com\/hr\/wp-json\/wp\/v2\/comments?post=60"}],"wp:featuredmedia":[{"embeddable":true,"href":"https:\/\/scholl-international.com\/hr\/wp-json\/wp\/v2\/media\/100"}],"wp:attachment":[{"href":"https:\/\/scholl-international.com\/hr\/wp-json\/wp\/v2\/media?parent=60"}],"wp:term":[{"taxonomy":"product_cat","embeddable":true,"href":"https:\/\/scholl-international.com\/hr\/wp-json\/wp\/v2\/product_cat?post=60"},{"taxonomy":"product_tag","embeddable":true,"href":"https:\/\/scholl-international.com\/hr\/wp-json\/wp\/v2\/product_tag?post=60"}],"curies":[{"name":"wp","href":"https:\/\/api.w.org\/{rel}","templated":true}]}}