{"id":62,"date":"2023-05-11T11:47:21","date_gmt":"2023-05-11T11:47:21","guid":{"rendered":"http:\/\/scholl-international.com\/?post_type=product&#038;p=62"},"modified":"2023-05-11T11:48:30","modified_gmt":"2023-05-11T11:48:30","slug":"vintage-premium-carnauba-wachs","status":"publish","type":"product","link":"https:\/\/scholl-international.com\/hr\/proizvod\/vintage-premium-carnauba-wachs\/","title":{"rendered":"VINTAGE PREMIUM CARNAUBA WAX"},"content":{"rendered":"<p>PREMIUM VINTAGE WAX je vosak vrhunske klase izra\u0111en ru\u010dno u malim serijama s maksimalnim udjelom od 30% visoko \u010distog brazilskog karnauba voska (cca. 60% volumena). Zbog jedinstvene formulacije, VINTAGE vosak se mo\u017ee nanositi na lak u debelom sloju. Ovaj kristalno \u010disti za\u0161titni sloj ostavlja apsolutno briljantan zrcalni zavr\u0161etak i \u0161titi boju od vremenskih utjecaja mnogo mjeseci.<\/p>","protected":false},"excerpt":{"rendered":"<p>PREMIUM VINTAGE WAX je vosak vrhunske klase izra\u0111en ru\u010dno u malim serijama s maksimalnim udjelom od 30% visoko \u010distog brazilskog karnauba voska (cca. 60% volumena). Zbog jedinstvene formulacije, VINTAGE vosak se mo\u017ee nanositi na lak u debelom sloju. Ovaj kristalno \u010disti za\u0161titni sloj ostavlja apsolutno briljantan zrcalni zavr\u0161etak i \u0161titi boju od vremenskih utjecaja mnogo mjeseci.<\/p>","protected":false},"featured_media":102,"comment_status":"open","ping_status":"closed","template":"","meta":{"_et_pb_use_builder":"","_et_pb_old_content":"","_et_gb_content_width":""},"product_cat":[22],"product_tag":[],"_links":{"self":[{"href":"https:\/\/scholl-international.com\/hr\/wp-json\/wp\/v2\/product\/62"}],"collection":[{"href":"https:\/\/scholl-international.com\/hr\/wp-json\/wp\/v2\/product"}],"about":[{"href":"https:\/\/scholl-international.com\/hr\/wp-json\/wp\/v2\/types\/product"}],"replies":[{"embeddable":true,"href":"https:\/\/scholl-international.com\/hr\/wp-json\/wp\/v2\/comments?post=62"}],"wp:featuredmedia":[{"embeddable":true,"href":"https:\/\/scholl-international.com\/hr\/wp-json\/wp\/v2\/media\/102"}],"wp:attachment":[{"href":"https:\/\/scholl-international.com\/hr\/wp-json\/wp\/v2\/media?parent=62"}],"wp:term":[{"taxonomy":"product_cat","embeddable":true,"href":"https:\/\/scholl-international.com\/hr\/wp-json\/wp\/v2\/product_cat?post=62"},{"taxonomy":"product_tag","embeddable":true,"href":"https:\/\/scholl-international.com\/hr\/wp-json\/wp\/v2\/product_tag?post=62"}],"curies":[{"name":"wp","href":"https:\/\/api.w.org\/{rel}","templated":true}]}}