{"id":63,"date":"2023-05-11T11:47:21","date_gmt":"2023-05-11T11:47:21","guid":{"rendered":"http:\/\/scholl-international.com\/?post_type=product&#038;p=63"},"modified":"2023-05-11T11:48:32","modified_gmt":"2023-05-11T11:48:32","slug":"c-rock-permanent-ceramic-coating-bundle","status":"publish","type":"product","link":"https:\/\/scholl-international.com\/hr\/proizvod\/c-rock-permanent-ceramic-coating-bundle\/","title":{"rendered":"C-ROCK PERMANENT CERAMIC COATING BUNDLE"},"content":{"rendered":"<p>Za\u0161titite svoje vozilo od vremenskih utjecaja uzrokovanih UV zra\u010denjem, korozije i prljav\u0161tine bilo koje vrste. C-ROCK trajni kerami\u010dki premaz nudi za\u0161titu od utjecaja okoli\u0161a u trajanju do 50 000 km i odr\u017eivo smanjuje nakupljanje prljav\u0161tine. Iznimno dugotrajna za\u0161tita s ocjenom tvrdo\u0107e 9H i izvrsnim u\u010dinkom perli (hidrofobnim) zajedno s formulom Easy Clean garantirano \u0107e vas osvojiti.<\/p>\n<p>Sadr\u017eaj:\n\n1 x C-ROCK Permanent Ceramic Coating 30 ml (10830)\n1 x Foam Applicator \u00d8 80mm\n5x Ceramic Microfiber Cloth 20\u00d720 cm<\/p>\n<ul>\n<li>1 x C-ROCK Permanent Ceramic Coating 30 ml (10830)<\/li>\n<li>1 x Schaum-Applicator \u00d8 80mm (22683)<\/li>\n<li>5 x Ceramic Microfasertuch 20\u00d720 cm (22483)<\/li>\n<\/ul>\n<div><\/div>","protected":false},"excerpt":{"rendered":"<p>Za\u0161titite svoje vozilo od vremenskih utjecaja uzrokovanih UV zra\u010denjem, korozije i prljav\u0161tine bilo koje vrste. C-ROCK trajni kerami\u010dki premaz nudi za\u0161titu od utjecaja okoli\u0161a u trajanju do 50 000 km i odr\u017eivo smanjuje nakupljanje prljav\u0161tine. Iznimno dugotrajna za\u0161tita s ocjenom tvrdo\u0107e 9H i izvrsnim u\u010dinkom perli (hidrofobnim) zajedno s formulom Easy Clean garantirano \u0107e vas osvojiti.<\/p>\n<p>Sadr\u017eaj:\n\n1 x C-ROCK Permanent Ceramic Coating 30 ml (10830)\n1 x Foam Applicator \u00d8 80mm\n5x Ceramic Microfiber Cloth 20\u00d720 cm<\/p>\n<p>1 x C-ROCK Permanent Ceramic Coating 30 ml (10830)<\/p>\n<div>\n<ul>\n<li>1 x Schaum-Applicator \u00d8 80mm (22683)<\/li>\n<li>5 x Ceramic Microfasertuch 20\u00d720 cm (22483)<\/li>\n<li>1 x Gebrauchsanweisung<\/li>\n<\/ul>\n<\/div>","protected":false},"featured_media":103,"comment_status":"open","ping_status":"closed","template":"","meta":{"_et_pb_use_builder":"","_et_pb_old_content":"","_et_gb_content_width":""},"product_cat":[22],"product_tag":[],"_links":{"self":[{"href":"https:\/\/scholl-international.com\/hr\/wp-json\/wp\/v2\/product\/63"}],"collection":[{"href":"https:\/\/scholl-international.com\/hr\/wp-json\/wp\/v2\/product"}],"about":[{"href":"https:\/\/scholl-international.com\/hr\/wp-json\/wp\/v2\/types\/product"}],"replies":[{"embeddable":true,"href":"https:\/\/scholl-international.com\/hr\/wp-json\/wp\/v2\/comments?post=63"}],"wp:featuredmedia":[{"embeddable":true,"href":"https:\/\/scholl-international.com\/hr\/wp-json\/wp\/v2\/media\/103"}],"wp:attachment":[{"href":"https:\/\/scholl-international.com\/hr\/wp-json\/wp\/v2\/media?parent=63"}],"wp:term":[{"taxonomy":"product_cat","embeddable":true,"href":"https:\/\/scholl-international.com\/hr\/wp-json\/wp\/v2\/product_cat?post=63"},{"taxonomy":"product_tag","embeddable":true,"href":"https:\/\/scholl-international.com\/hr\/wp-json\/wp\/v2\/product_tag?post=63"}],"curies":[{"name":"wp","href":"https:\/\/api.w.org\/{rel}","templated":true}]}}