{"id":64,"date":"2023-05-11T11:47:21","date_gmt":"2023-05-11T11:47:21","guid":{"rendered":"http:\/\/scholl-international.com\/?post_type=product&#038;p=64"},"modified":"2023-05-11T11:48:36","modified_gmt":"2023-05-11T11:48:36","slug":"the-rock-premium-carnauba-wachs","status":"publish","type":"product","link":"https:\/\/scholl-international.com\/hr\/proizvod\/the-rock-premium-carnauba-wachs\/","title":{"rendered":"THE ROCK PREMIUM CARNAUBA WAX"},"content":{"rendered":"<p>THE ROCK Premium Carnauba Wax je vrhunski vosak za njegu automobila koji se izra\u0111uje ru\u010dno u malim serijama. Sadr\u017ei 20% brazilskog karnauba voska visoke \u010disto\u0107e najvi\u0161e kvalitete (oko 40% volumena). Vosak ru\u010dno izra\u0111uju na\u0161i stru\u010dnjaci u Remsecku u Njema\u010dkoj u malim serijama od samo 10 litara. Zahvaljuju\u0107i svojoj jedinstvenoj formulaciji, THE ROCK Premium Carnauba Wax mo\u017ee se lako i bez napora nanijeti na boju u gustom sloju voska. Kristalno prozirni za\u0161titni sloj stvara apsolutno briljantan zrcalni zavr\u0161etak i \u0161titi boju od vremenskih utjecaja i ogrebotina mjesecima.<\/p>\n<p>Vozilo se mora oprati ShamPolom prije nano\u0161enja voska. Ogrebotine i znakove istro\u0161enosti na boji potrebno je ukloniti visokou\u010dinkovitom pastom S17+ ili visokou\u010dinkovitom brusnom pastom S3 Gold XXL.<\/p>","protected":false},"excerpt":{"rendered":"<p>THE ROCK Premium Carnauba Wax je vrhunski vosak za njegu automobila koji se izra\u0111uje ru\u010dno u malim serijama. Sadr\u017ei 20% brazilskog karnauba voska visoke \u010disto\u0107e najvi\u0161e kvalitete (oko 40% volumena). Vosak ru\u010dno izra\u0111uju na\u0161i stru\u010dnjaci u Remsecku u Njema\u010dkoj u malim serijama od samo 10 litara. Zahvaljuju\u0107i svojoj jedinstvenoj formulaciji, THE ROCK Premium Carnauba Wax mo\u017ee se lako i bez napora nanijeti na boju u gustom sloju voska. Kristalno prozirni za\u0161titni sloj stvara apsolutno briljantan zrcalni zavr\u0161etak i \u0161titi boju od vremenskih utjecaja i ogrebotina mjesecima.<\/p>\n<p>Vozilo se mora oprati ShamPolom prije nano\u0161enja voska. Ogrebotine i znakove istro\u0161enosti na boji potrebno je ukloniti visokou\u010dinkovitom pastom S17+ ili visokou\u010dinkovitom brusnom pastom S3 Gold XXL.<\/p>","protected":false},"featured_media":104,"comment_status":"open","ping_status":"closed","template":"","meta":{"_et_pb_use_builder":"","_et_pb_old_content":"","_et_gb_content_width":""},"product_cat":[23,22],"product_tag":[],"_links":{"self":[{"href":"https:\/\/scholl-international.com\/hr\/wp-json\/wp\/v2\/product\/64"}],"collection":[{"href":"https:\/\/scholl-international.com\/hr\/wp-json\/wp\/v2\/product"}],"about":[{"href":"https:\/\/scholl-international.com\/hr\/wp-json\/wp\/v2\/types\/product"}],"replies":[{"embeddable":true,"href":"https:\/\/scholl-international.com\/hr\/wp-json\/wp\/v2\/comments?post=64"}],"wp:featuredmedia":[{"embeddable":true,"href":"https:\/\/scholl-international.com\/hr\/wp-json\/wp\/v2\/media\/104"}],"wp:attachment":[{"href":"https:\/\/scholl-international.com\/hr\/wp-json\/wp\/v2\/media?parent=64"}],"wp:term":[{"taxonomy":"product_cat","embeddable":true,"href":"https:\/\/scholl-international.com\/hr\/wp-json\/wp\/v2\/product_cat?post=64"},{"taxonomy":"product_tag","embeddable":true,"href":"https:\/\/scholl-international.com\/hr\/wp-json\/wp\/v2\/product_tag?post=64"}],"curies":[{"name":"wp","href":"https:\/\/api.w.org\/{rel}","templated":true}]}}