{"id":65,"date":"2023-05-11T11:47:22","date_gmt":"2023-05-11T11:47:22","guid":{"rendered":"http:\/\/scholl-international.com\/?post_type=product&#038;p=65"},"modified":"2023-05-11T11:48:40","modified_gmt":"2023-05-11T11:48:40","slug":"sw20-premium-speed-wachs","status":"publish","type":"product","link":"https:\/\/scholl-international.com\/hr\/proizvod\/sw20-premium-speed-wachs\/","title":{"rendered":"SW20 PREMIUM SPEED-WACHS"},"content":{"rendered":"<p>SW20 Speed-Wachs ist eine einzigartige und innovative Schnellversiegelung f\u00fcr gepflegte bzw. neuwertige Fahrzeuglacke. Mit minimalem Zeitaufwand wird Ihr Lack von leichten Verunreinigungen, Staub, Fingerabdr\u00fccken etc. befreit und gleichzeitig nachhaltig versiegelt. Modernste Polymertechnologie schlie\u00dft Mikrokratzer im Decklack und bildet einen hoch vernetzten Schutzfilm, der Ihr Fahrzeug vor Witterungseinfl\u00fcssen sch\u00fctzt. Der Glanz, der sich innerhalb weniger Sekunden einstellt, ist beeindruckend. Einfach einspr\u00fchen, abwischen &#8211; fertig!<\/p>\n<p>SW20 ne sadr\u017ei ugljikovodike i silikonska ulja te se bez problema mo\u017ee koristiti za \u010di\u0161\u0107enje i njegu gotovo svih glatkih povr\u0161ina.<\/p>\n<p>SW20 auf die zu behandelnde Fl\u00e4che aufspr\u00fchen und mit dem roten, saumfreien MicroPLUS Finishtuch kreisf\u00f6rmig verteilen &#8211; fertig!<\/p>","protected":false},"excerpt":{"rendered":"<p>SW20 Speed-Wachs ist eine einzigartige und innovative Schnellversiegelung f\u00fcr gepflegte bzw. neuwertige Fahrzeuglacke. Mit minimalem Zeitaufwand wird Ihr Lack von leichten Verunreinigungen, Staub, Fingerabdr\u00fccken etc. befreit und gleichzeitig nachhaltig versiegelt. Modernste Polymertechnologie schlie\u00dft Mikrokratzer im Decklack und bildet einen hoch vernetzten Schutzfilm, der Ihr Fahrzeug vor Witterungseinfl\u00fcssen sch\u00fctzt. Der Glanz, der sich innerhalb weniger Sekunden einstellt, ist beeindruckend. Einfach einspr\u00fchen, abwischen &#8211; fertig!<\/p>\n<p>SW20 ne sadr\u017ei ugljikovodike i silikonska ulja te se bez problema mo\u017ee koristiti za \u010di\u0161\u0107enje i njegu gotovo svih glatkih povr\u0161ina.<\/p>\n<p>SW20 auf die zu behandelnde Fl\u00e4che aufspr\u00fchen und mit dem roten, saumfreien MicroPLUS Finishtuch kreisf\u00f6rmig verteilen &#8211; fertig!<\/p>","protected":false},"featured_media":105,"comment_status":"open","ping_status":"closed","template":"","meta":{"_et_pb_use_builder":"","_et_pb_old_content":"","_et_gb_content_width":""},"product_cat":[23,22],"product_tag":[],"_links":{"self":[{"href":"https:\/\/scholl-international.com\/hr\/wp-json\/wp\/v2\/product\/65"}],"collection":[{"href":"https:\/\/scholl-international.com\/hr\/wp-json\/wp\/v2\/product"}],"about":[{"href":"https:\/\/scholl-international.com\/hr\/wp-json\/wp\/v2\/types\/product"}],"replies":[{"embeddable":true,"href":"https:\/\/scholl-international.com\/hr\/wp-json\/wp\/v2\/comments?post=65"}],"wp:featuredmedia":[{"embeddable":true,"href":"https:\/\/scholl-international.com\/hr\/wp-json\/wp\/v2\/media\/105"}],"wp:attachment":[{"href":"https:\/\/scholl-international.com\/hr\/wp-json\/wp\/v2\/media?parent=65"}],"wp:term":[{"taxonomy":"product_cat","embeddable":true,"href":"https:\/\/scholl-international.com\/hr\/wp-json\/wp\/v2\/product_cat?post=65"},{"taxonomy":"product_tag","embeddable":true,"href":"https:\/\/scholl-international.com\/hr\/wp-json\/wp\/v2\/product_tag?post=65"}],"curies":[{"name":"wp","href":"https:\/\/api.w.org\/{rel}","templated":true}]}}