{"id":67,"date":"2023-05-11T11:47:22","date_gmt":"2023-05-11T11:47:22","guid":{"rendered":"http:\/\/scholl-international.com\/?post_type=product&#038;p=67"},"modified":"2023-05-11T11:50:00","modified_gmt":"2023-05-11T11:50:00","slug":"w9-2in1-lackversiegelung","status":"publish","type":"product","link":"https:\/\/scholl-international.com\/hr\/proizvod\/w9-2in1-lackversiegelung\/","title":{"rendered":"W9 2IN1 PREMIUM GLAZE WAX"},"content":{"rendered":"<p>U\u010dinkovita 2u1 formulacija W9 Premium Waxa temelji se na visokokvalitetnim komponentama biljnog i sinteti\u010dkog voska. U kombinaciji sa SCHOLL naran\u010dastom spu\u017evom za poliranje, lak je trajno zape\u010da\u0107en u samo jednom koraku, a hologrami i mikroogrebotine trajno su uklonjeni. Stupanj sjaja i u\u010dinak za\u0161tite laka koji se posti\u017ee je jedinstven.<\/p>\n<p>W9 &#8211; der Garant f\u00fcr effizientes Endfinish auf dunklen Lacken!<\/p>\n<p>Bei Lacken mit starken Gebrauchsspuren empfehlen wir vor dem Einsatz der W9 eine Lackvorreinigung mit einer SCHOLL Schleifpaste (&#8222;heavy&#8220; oder &#8222;medium&#8220; cut). Hologramme und Polierschleier lassen sich maschinell mit dem feinporigen Polierpad orange nachhaltig auspolieren. Die Poliermittelr\u00fcckst\u00e4nde einfach mit dem roten saumfreien MicroPLUS Finishtuch abwischen.<\/p>","protected":false},"excerpt":{"rendered":"<p>U\u010dinkovita 2u1 formulacija W9 Premium Waxa temelji se na visokokvalitetnim komponentama biljnog i sinteti\u010dkog voska. U kombinaciji sa SCHOLL naran\u010dastom spu\u017evom za poliranje, lak je trajno zape\u010da\u0107en u samo jednom koraku, a hologrami i mikroogrebotine trajno su uklonjeni. Stupanj sjaja i u\u010dinak za\u0161tite laka koji se posti\u017ee je jedinstven.<\/p>\n<p>W9 &#8211; der Garant f\u00fcr effizientes Endfinish auf dunklen Lacken!<\/p>\n<p>Bei Lacken mit starken Gebrauchsspuren empfehlen wir vor dem Einsatz der W9 eine Lackvorreinigung mit einer SCHOLL Schleifpaste (&#8222;heavy&#8220; oder &#8222;medium&#8220; cut). Hologramme und Polierschleier lassen sich maschinell mit dem feinporigen Polierpad orange nachhaltig auspolieren. Die Poliermittelr\u00fcckst\u00e4nde einfach mit dem roten saumfreien MicroPLUS Finishtuch abwischen.<\/p>","protected":false},"featured_media":114,"comment_status":"open","ping_status":"closed","template":"","meta":{"_et_pb_use_builder":"","_et_pb_old_content":"","_et_gb_content_width":""},"product_cat":[22],"product_tag":[],"_links":{"self":[{"href":"https:\/\/scholl-international.com\/hr\/wp-json\/wp\/v2\/product\/67"}],"collection":[{"href":"https:\/\/scholl-international.com\/hr\/wp-json\/wp\/v2\/product"}],"about":[{"href":"https:\/\/scholl-international.com\/hr\/wp-json\/wp\/v2\/types\/product"}],"replies":[{"embeddable":true,"href":"https:\/\/scholl-international.com\/hr\/wp-json\/wp\/v2\/comments?post=67"}],"wp:featuredmedia":[{"embeddable":true,"href":"https:\/\/scholl-international.com\/hr\/wp-json\/wp\/v2\/media\/114"}],"wp:attachment":[{"href":"https:\/\/scholl-international.com\/hr\/wp-json\/wp\/v2\/media?parent=67"}],"wp:term":[{"taxonomy":"product_cat","embeddable":true,"href":"https:\/\/scholl-international.com\/hr\/wp-json\/wp\/v2\/product_cat?post=67"},{"taxonomy":"product_tag","embeddable":true,"href":"https:\/\/scholl-international.com\/hr\/wp-json\/wp\/v2\/product_tag?post=67"}],"curies":[{"name":"wp","href":"https:\/\/api.w.org\/{rel}","templated":true}]}}