{"id":70,"date":"2023-05-11T11:47:23","date_gmt":"2023-05-11T11:47:23","guid":{"rendered":"http:\/\/scholl-international.com\/?post_type=product&#038;p=70"},"modified":"2023-05-11T11:50:16","modified_gmt":"2023-05-11T11:50:16","slug":"rim-7-felgenreiniger","status":"publish","type":"product","link":"https:\/\/scholl-international.com\/hr\/proizvod\/rim-7-felgenreiniger\/","title":{"rendered":"RIM 7 RIM CLEANING GEL"},"content":{"rendered":"<p>RIM-7 je inteligentno sredstvo za \u010di\u0161\u0107enje bez kiseline s promjenom boje za lako \u010di\u0161\u0107enje jako zaprljanih naplataka gotovo svih vrsta. Visoka viskoznost osigurava da sredstvo za \u010di\u0161\u0107enje djeluje tamo gdje se poprska i ne pobjegne. Inteligentni indikator prljav\u0161tine oboji gel za \u010di\u0161\u0107enje u ljubi\u010dastu nakon optimalnog vremena izlaganja (2-3 minute) i pokazuje korisniku da se rub mo\u017ee poprskati vodom. RIM-7 sna\u017eno protresite prije nano\u0161enja. Sada raspr\u0161ite felge po cijeloj povr\u0161ini s udaljenosti od cca 40 cm. Ostavite da djeluje otprilike 2 do 3 minute i zatim temeljito isperite jakim mlazom vode. U slu\u010daju tvrdokorne prljav\u0161tine, prije ispiranja o\u010distite ljubi\u010dastim SCHOLL aplikatorom. Za razliku od konvencionalnih, \u010desto jako kiselih sredstava za \u010di\u0161\u0107enje rubova, RIM-7 \u010disti izuzetno nje\u017eno zahvaljuju\u0107i svojoj pH-neutralnoj formulaciji. U slu\u010daju vrlo kvalitetnih ili egzoti\u010dnih naplataka, preporu\u010dujemo da provjerite kompatibilnost materijala na neupadljivom mjestu radi sigurnosti. Nikada nemojte koristiti RIM-7 na vru\u0107im naplatcima.<\/p>","protected":false},"excerpt":{"rendered":"<p>RIM-7 je inteligentno sredstvo za \u010di\u0161\u0107enje bez kiseline s promjenom boje za lako \u010di\u0161\u0107enje jako zaprljanih naplataka gotovo svih vrsta. Visoka viskoznost osigurava da sredstvo za \u010di\u0161\u0107enje djeluje tamo gdje se poprska i ne pobjegne. Inteligentni indikator prljav\u0161tine oboji gel za \u010di\u0161\u0107enje u ljubi\u010dastu nakon optimalnog vremena izlaganja (2-3 minute) i pokazuje korisniku da se rub mo\u017ee poprskati vodom. RIM-7 sna\u017eno protresite prije nano\u0161enja. Sada raspr\u0161ite felge po cijeloj povr\u0161ini s udaljenosti od cca 40 cm. Ostavite da djeluje otprilike 2 do 3 minute i zatim temeljito isperite jakim mlazom vode. U slu\u010daju tvrdokorne prljav\u0161tine, prije ispiranja o\u010distite ljubi\u010dastim SCHOLL aplikatorom. Za razliku od konvencionalnih, \u010desto jako kiselih sredstava za \u010di\u0161\u0107enje rubova, RIM-7 \u010disti izuzetno nje\u017eno zahvaljuju\u0107i svojoj pH-neutralnoj formulaciji. U slu\u010daju vrlo kvalitetnih ili egzoti\u010dnih naplataka, preporu\u010dujemo da provjerite kompatibilnost materijala na neupadljivom mjestu radi sigurnosti. Nikada nemojte koristiti RIM-7 na vru\u0107im naplatcima.<\/p>","protected":false},"featured_media":117,"comment_status":"open","ping_status":"closed","template":"","meta":{"_et_pb_use_builder":"","_et_pb_old_content":"","_et_gb_content_width":""},"product_cat":[24],"product_tag":[],"_links":{"self":[{"href":"https:\/\/scholl-international.com\/hr\/wp-json\/wp\/v2\/product\/70"}],"collection":[{"href":"https:\/\/scholl-international.com\/hr\/wp-json\/wp\/v2\/product"}],"about":[{"href":"https:\/\/scholl-international.com\/hr\/wp-json\/wp\/v2\/types\/product"}],"replies":[{"embeddable":true,"href":"https:\/\/scholl-international.com\/hr\/wp-json\/wp\/v2\/comments?post=70"}],"wp:featuredmedia":[{"embeddable":true,"href":"https:\/\/scholl-international.com\/hr\/wp-json\/wp\/v2\/media\/117"}],"wp:attachment":[{"href":"https:\/\/scholl-international.com\/hr\/wp-json\/wp\/v2\/media?parent=70"}],"wp:term":[{"taxonomy":"product_cat","embeddable":true,"href":"https:\/\/scholl-international.com\/hr\/wp-json\/wp\/v2\/product_cat?post=70"},{"taxonomy":"product_tag","embeddable":true,"href":"https:\/\/scholl-international.com\/hr\/wp-json\/wp\/v2\/product_tag?post=70"}],"curies":[{"name":"wp","href":"https:\/\/api.w.org\/{rel}","templated":true}]}}