{"id":71,"date":"2023-05-11T11:47:23","date_gmt":"2023-05-11T11:47:23","guid":{"rendered":"http:\/\/scholl-international.com\/?post_type=product&#038;p=71"},"modified":"2023-05-11T11:50:25","modified_gmt":"2023-05-11T11:50:25","slug":"skin-lederpflege-gel","status":"publish","type":"product","link":"https:\/\/scholl-international.com\/hr\/proizvod\/skin-lederpflege-gel\/","title":{"rendered":"SKIN LEATHER CARE GEL"},"content":{"rendered":"<p>SKIN je prirodni gel za njegu na bazi biljnih sirovina za sve vrste glatke ko\u017ee. SKIN ostavlja svilenkasto mat i prirodan sjaj, njeguje ko\u017eu i dugotrajno je zatvara. Prije njege glatke ko\u017ee preporu\u010damo temeljito i nje\u017eno \u010di\u0161\u0107enje jednim od na\u0161ih SPAM univerzalnih sredstava za \u010di\u0161\u0107enje. SKIN Leather Gel treba zatim nanijeti u tankom sloju s mekim, crnim aplikatorom za nano\u0161enje. Prirodni sastojci: mje\u0161avina suncokretovog i bademovog ulja te p\u010delinji vosak. Preporuka:. Ne koristiti na bar\u0161unu, antilopu ili alcantari.<\/p>","protected":false},"excerpt":{"rendered":"<p>SKIN je prirodni gel za njegu na bazi biljnih sirovina za sve vrste glatke ko\u017ee. SKIN ostavlja svilenkasto mat i prirodan sjaj, njeguje ko\u017eu i dugotrajno je zatvara. Prije njege glatke ko\u017ee preporu\u010damo temeljito i nje\u017eno \u010di\u0161\u0107enje jednim od na\u0161ih SPAM univerzalnih sredstava za \u010di\u0161\u0107enje. SKIN Leather Gel treba zatim nanijeti u tankom sloju s mekim, crnim aplikatorom za nano\u0161enje. Prirodni sastojci: mje\u0161avina suncokretovog i bademovog ulja te p\u010delinji vosak. Preporuka:. Ne koristiti na bar\u0161unu, antilopu ili alcantari.<\/p>","protected":false},"featured_media":122,"comment_status":"open","ping_status":"closed","template":"","meta":{"_et_pb_use_builder":"","_et_pb_old_content":"","_et_gb_content_width":""},"product_cat":[24],"product_tag":[],"_links":{"self":[{"href":"https:\/\/scholl-international.com\/hr\/wp-json\/wp\/v2\/product\/71"}],"collection":[{"href":"https:\/\/scholl-international.com\/hr\/wp-json\/wp\/v2\/product"}],"about":[{"href":"https:\/\/scholl-international.com\/hr\/wp-json\/wp\/v2\/types\/product"}],"replies":[{"embeddable":true,"href":"https:\/\/scholl-international.com\/hr\/wp-json\/wp\/v2\/comments?post=71"}],"wp:featuredmedia":[{"embeddable":true,"href":"https:\/\/scholl-international.com\/hr\/wp-json\/wp\/v2\/media\/122"}],"wp:attachment":[{"href":"https:\/\/scholl-international.com\/hr\/wp-json\/wp\/v2\/media?parent=71"}],"wp:term":[{"taxonomy":"product_cat","embeddable":true,"href":"https:\/\/scholl-international.com\/hr\/wp-json\/wp\/v2\/product_cat?post=71"},{"taxonomy":"product_tag","embeddable":true,"href":"https:\/\/scholl-international.com\/hr\/wp-json\/wp\/v2\/product_tag?post=71"}],"curies":[{"name":"wp","href":"https:\/\/api.w.org\/{rel}","templated":true}]}}