{"id":72,"date":"2023-05-11T11:47:23","date_gmt":"2023-05-11T11:47:23","guid":{"rendered":"http:\/\/scholl-international.com\/?post_type=product&#038;p=72"},"modified":"2023-05-11T11:50:30","modified_gmt":"2023-05-11T11:50:30","slug":"slime-reifen-dressing-gel","status":"publish","type":"product","link":"https:\/\/scholl-international.com\/hr\/proizvod\/slime-reifen-dressing-gel\/","title":{"rendered":"SLIME TIRE DRESSING GEL"},"content":{"rendered":"<p>Viskose Premium Glanzpflege f\u00fcr Reifen- und Gummioberfl\u00e4chen. SLIME zeichnet sich durch seine intensive und \u00fcber Wochen best\u00e4ndige Glanzgebung aus. Das Produkt ist frei von Kohlenwasserstoffen. SLIME &#8211; Reifen Dressing Gel trocknet innerhalb weniger Minuten ab und hinterl\u00e4sst keinen fettigen Schmierfilm. Wenden Sie SLIME nur auf dem gereinigten Fahrzeug an. Tragen Sie das Gel auf den schwarzen Applikations-Puck auf und verteilen Sie SLIME dann gleichm\u00e4\u00dfig auf dem Reifen. Fertig! Das Reifen Dressing Gel kann auch problemlos auf allen unlackierten Hartplastik- und Gummioberfl\u00e4chen aufgetragen werden.<\/p>","protected":false},"excerpt":{"rendered":"<p>Viskose Premium Glanzpflege f\u00fcr Reifen- und Gummioberfl\u00e4chen. SLIME zeichnet sich durch seine intensive und \u00fcber Wochen best\u00e4ndige Glanzgebung aus. Das Produkt ist frei von Kohlenwasserstoffen. SLIME &#8211; Reifen Dressing Gel trocknet innerhalb weniger Minuten ab und hinterl\u00e4sst keinen fettigen Schmierfilm. Wenden Sie SLIME nur auf dem gereinigten Fahrzeug an. Tragen Sie das Gel auf den schwarzen Applikations-Puck auf und verteilen Sie SLIME dann gleichm\u00e4\u00dfig auf dem Reifen. Fertig! Das Reifen Dressing Gel kann auch problemlos auf allen unlackierten Hartplastik- und Gummioberfl\u00e4chen aufgetragen werden.<\/p>","protected":false},"featured_media":123,"comment_status":"open","ping_status":"closed","template":"","meta":{"_et_pb_use_builder":"","_et_pb_old_content":"","_et_gb_content_width":""},"product_cat":[24],"product_tag":[],"_links":{"self":[{"href":"https:\/\/scholl-international.com\/hr\/wp-json\/wp\/v2\/product\/72"}],"collection":[{"href":"https:\/\/scholl-international.com\/hr\/wp-json\/wp\/v2\/product"}],"about":[{"href":"https:\/\/scholl-international.com\/hr\/wp-json\/wp\/v2\/types\/product"}],"replies":[{"embeddable":true,"href":"https:\/\/scholl-international.com\/hr\/wp-json\/wp\/v2\/comments?post=72"}],"wp:featuredmedia":[{"embeddable":true,"href":"https:\/\/scholl-international.com\/hr\/wp-json\/wp\/v2\/media\/123"}],"wp:attachment":[{"href":"https:\/\/scholl-international.com\/hr\/wp-json\/wp\/v2\/media?parent=72"}],"wp:term":[{"taxonomy":"product_cat","embeddable":true,"href":"https:\/\/scholl-international.com\/hr\/wp-json\/wp\/v2\/product_cat?post=72"},{"taxonomy":"product_tag","embeddable":true,"href":"https:\/\/scholl-international.com\/hr\/wp-json\/wp\/v2\/product_tag?post=72"}],"curies":[{"name":"wp","href":"https:\/\/api.w.org\/{rel}","templated":true}]}}