{"id":73,"date":"2023-05-11T11:47:24","date_gmt":"2023-05-11T11:47:24","guid":{"rendered":"http:\/\/scholl-international.com\/?post_type=product&#038;p=73"},"modified":"2023-05-11T11:50:33","modified_gmt":"2023-05-11T11:50:33","slug":"spam-universalreiniger","status":"publish","type":"product","link":"https:\/\/scholl-international.com\/hr\/proizvod\/spam-universalreiniger\/","title":{"rendered":"SPAM UNIVERSAL CLEANER"},"content":{"rendered":"<p>SPAM ist ein hochwirksamer und materialschonender Universalreiniger zur m\u00fchelosen Beseitigung unterschiedlichster Verschmutzungen auf nahezu allen Oberfl\u00e4chen im Kfz-, Boots-, Caravan-, M\u00f6bel- und Haushaltsbereich. Die &#8222;Ready To Use&#8220; &#8211; Formulierung hinterl\u00e4sst dabei einen angenehmen, frischen Duft.<\/p>\n<p>\u010cI\u0160\u0106ENJE POVR\u0160INA U INTERIJERU AUTOMOBILA: crvenu MicroPLUS zavr\u0161nu krpu po\u0161pricajte SPAM-om - obri\u0161ite cijele glatke unutarnje povr\u0161ine - zatim zavr\u0161nu krpu isperite vodom i ponovno obri\u0161ite povr\u0161inu!<\/p>\n<p>\u010cI\u0160\u0106ENJE TKANINE I OBLOGE: Duboku prljav\u0161tinu poprskajte SPAM-om - kru\u017enim pokretima istrljajte prljav\u0161tinu navla\u017eenom crvenom MicroPLUS krpom za zavr\u0161nu obradu - usisajte opu\u0161tenu prljav\u0161tinu usisava\u010dem ili ure\u0111ajem za raspr\u0161ivanje!<\/p>\n<p>Uklanjanje tvrdokorne prljav\u0161tine u unutra\u0161njosti vozila: Primjer: Uklanjanje tragova ogrebotina cipela na panelima vrata. Nanesite SPAM na DIRT ERASER Pad i obradite prljavo podru\u010dje dok se ne o\u010disti. Obri\u0161ite vla\u017enom crvenom MicroPLUS krpom za zavr\u0161nu obradu.<\/p>","protected":false},"excerpt":{"rendered":"<p>SPAM ist ein hochwirksamer und materialschonender Universalreiniger zur m\u00fchelosen Beseitigung unterschiedlichster Verschmutzungen auf nahezu allen Oberfl\u00e4chen im Kfz-, Boots-, Caravan-, M\u00f6bel- und Haushaltsbereich. Die &#8222;Ready To Use&#8220; &#8211; Formulierung hinterl\u00e4sst dabei einen angenehmen, frischen Duft.<\/p>\n<p>\u010cI\u0160\u0106ENJE POVR\u0160INA U INTERIJERU AUTOMOBILA: crvenu MicroPLUS zavr\u0161nu krpu po\u0161pricajte SPAM-om - obri\u0161ite cijele glatke unutarnje povr\u0161ine - zatim zavr\u0161nu krpu isperite vodom i ponovno obri\u0161ite povr\u0161inu!<\/p>\n<p>\u010cI\u0160\u0106ENJE TKANINE I OBLOGE: Duboku prljav\u0161tinu poprskajte SPAM-om - kru\u017enim pokretima istrljajte prljav\u0161tinu navla\u017eenom crvenom MicroPLUS krpom za zavr\u0161nu obradu - usisajte opu\u0161tenu prljav\u0161tinu usisava\u010dem ili ure\u0111ajem za raspr\u0161ivanje!<\/p>\n<p>Uklanjanje tvrdokorne prljav\u0161tine u unutra\u0161njosti vozila: Primjer: Uklanjanje tragova ogrebotina cipela na panelima vrata. Nanesite SPAM na DIRT ERASER Pad i obradite prljavo podru\u010dje dok se ne o\u010disti. Obri\u0161ite vla\u017enom crvenom MicroPLUS krpom za zavr\u0161nu obradu.<\/p>","protected":false},"featured_media":124,"comment_status":"open","ping_status":"closed","template":"","meta":{"_et_pb_use_builder":"","_et_pb_old_content":"","_et_gb_content_width":""},"product_cat":[24],"product_tag":[],"_links":{"self":[{"href":"https:\/\/scholl-international.com\/hr\/wp-json\/wp\/v2\/product\/73"}],"collection":[{"href":"https:\/\/scholl-international.com\/hr\/wp-json\/wp\/v2\/product"}],"about":[{"href":"https:\/\/scholl-international.com\/hr\/wp-json\/wp\/v2\/types\/product"}],"replies":[{"embeddable":true,"href":"https:\/\/scholl-international.com\/hr\/wp-json\/wp\/v2\/comments?post=73"}],"wp:featuredmedia":[{"embeddable":true,"href":"https:\/\/scholl-international.com\/hr\/wp-json\/wp\/v2\/media\/124"}],"wp:attachment":[{"href":"https:\/\/scholl-international.com\/hr\/wp-json\/wp\/v2\/media?parent=73"}],"wp:term":[{"taxonomy":"product_cat","embeddable":true,"href":"https:\/\/scholl-international.com\/hr\/wp-json\/wp\/v2\/product_cat?post=73"},{"taxonomy":"product_tag","embeddable":true,"href":"https:\/\/scholl-international.com\/hr\/wp-json\/wp\/v2\/product_tag?post=73"}],"curies":[{"name":"wp","href":"https:\/\/api.w.org\/{rel}","templated":true}]}}