{"id":74,"date":"2023-05-11T11:47:24","date_gmt":"2023-05-11T11:47:24","guid":{"rendered":"http:\/\/scholl-international.com\/?post_type=product&#038;p=74"},"modified":"2023-05-11T11:50:36","modified_gmt":"2023-05-11T11:50:36","slug":"shampol-premium-autoshampoo","status":"publish","type":"product","link":"https:\/\/scholl-international.com\/hr\/proizvod\/shampol-premium-autoshampoo\/","title":{"rendered":"SHAMPOL PREMIUM CAR SHAMPOO"},"content":{"rendered":"<p>ShamPol kombinira zna\u010dajke visokokvalitetnog \u0161ampona za automobile, sredstva za brtvljenje boje i sredstva za su\u0161enje u proizvod za jednu primjenu. Pjenu\u0161ava gel-formula lako uklanja prljav\u0161tinu s boja, kroma, stakla, plastike, guma, naplataka kao i krovova kabrioleta. Pranje automobila ShamPol-om nanosi fini polimerni za\u0161titni sloj na sve tretirane povr\u0161ine. Osim intenzivnog sjaja, ovaj sloj omogu\u0107uje otjecanje vodenog filma nakon ispiranja \u010distom vodom. U usporedbi s konvencionalnim auto-\u0161amponima, ShamPol znatno skra\u0107uje vrijeme potrebno za su\u0161enje va\u0161eg automobila.\n\nPrvo isperite cijeli automobil vodom. Zatim nanesite ShamPol Cleaning Gel izravno na dobro navla\u017eenu ljubi\u010dasti SCHOLL Spider Cleaning aplikator, odnosno na Premium Cleaning Glove i zatim operite cijeli automobil od vrha prema dolje. Spu\u017eve za \u010di\u0161\u0107enje redovito perite \u010distom vodom. Na kraju, velikodu\u0161no isperite automobil vodom i promatrajte otjecanje vodenog filma. Preostalu vodu najbolje je ukloniti kori\u0161tenjem plavog brisa\u010da za su\u0161enje automobila SCHOLL BLADE. Uzmite visoko upijaju\u0107u tamno sivu krpu za zavr\u0161nu obradu MicroPLUS kako biste obrisali i posljednje kapljice vode.<\/p>","protected":false},"excerpt":{"rendered":"<p>ShamPol kombinira zna\u010dajke visokokvalitetnog \u0161ampona za automobile, sredstva za brtvljenje boje i sredstva za su\u0161enje u proizvod za jednu primjenu. Pjenu\u0161ava gel-formula lako uklanja prljav\u0161tinu s boja, kroma, stakla, plastike, guma, naplataka kao i krovova kabrioleta. Pranje automobila ShamPol-om nanosi fini polimerni za\u0161titni sloj na sve tretirane povr\u0161ine. Osim intenzivnog sjaja, ovaj sloj omogu\u0107uje otjecanje vodenog filma nakon ispiranja \u010distom vodom. U usporedbi s konvencionalnim auto-\u0161amponima, ShamPol znatno skra\u0107uje vrijeme potrebno za su\u0161enje va\u0161eg automobila.\n\nPrvo isperite cijeli automobil vodom. Zatim nanesite ShamPol Cleaning Gel izravno na dobro navla\u017eenu ljubi\u010dasti SCHOLL Spider Cleaning aplikator, odnosno na Premium Cleaning Glove i zatim operite cijeli automobil od vrha prema dolje. Spu\u017eve za \u010di\u0161\u0107enje redovito perite \u010distom vodom. Na kraju, velikodu\u0161no isperite automobil vodom i promatrajte otjecanje vodenog filma. Preostalu vodu najbolje je ukloniti kori\u0161tenjem plavog brisa\u010da za su\u0161enje automobila SCHOLL BLADE. Uzmite visoko upijaju\u0107u tamno sivu krpu za zavr\u0161nu obradu MicroPLUS kako biste obrisali i posljednje kapljice vode.<\/p>","protected":false},"featured_media":125,"comment_status":"open","ping_status":"closed","template":"","meta":{"_et_pb_use_builder":"","_et_pb_old_content":"","_et_gb_content_width":""},"product_cat":[24],"product_tag":[],"_links":{"self":[{"href":"https:\/\/scholl-international.com\/hr\/wp-json\/wp\/v2\/product\/74"}],"collection":[{"href":"https:\/\/scholl-international.com\/hr\/wp-json\/wp\/v2\/product"}],"about":[{"href":"https:\/\/scholl-international.com\/hr\/wp-json\/wp\/v2\/types\/product"}],"replies":[{"embeddable":true,"href":"https:\/\/scholl-international.com\/hr\/wp-json\/wp\/v2\/comments?post=74"}],"wp:featuredmedia":[{"embeddable":true,"href":"https:\/\/scholl-international.com\/hr\/wp-json\/wp\/v2\/media\/125"}],"wp:attachment":[{"href":"https:\/\/scholl-international.com\/hr\/wp-json\/wp\/v2\/media?parent=74"}],"wp:term":[{"taxonomy":"product_cat","embeddable":true,"href":"https:\/\/scholl-international.com\/hr\/wp-json\/wp\/v2\/product_cat?post=74"},{"taxonomy":"product_tag","embeddable":true,"href":"https:\/\/scholl-international.com\/hr\/wp-json\/wp\/v2\/product_tag?post=74"}],"curies":[{"name":"wp","href":"https:\/\/api.w.org\/{rel}","templated":true}]}}