{"id":76,"date":"2023-05-11T11:47:25","date_gmt":"2023-05-11T11:47:25","guid":{"rendered":"http:\/\/scholl-international.com\/?post_type=product&#038;p=76"},"modified":"2023-05-11T11:50:46","modified_gmt":"2023-05-11T11:50:46","slug":"boost-motorversiegelung","status":"publish","type":"product","link":"https:\/\/scholl-international.com\/hr\/proizvod\/boost-motorversiegelung\/","title":{"rendered":"BOOST ENGINE DRESSING"},"content":{"rendered":"<p>BOOST ist eine hochwertige seidenmatte Glanzversiegelung f\u00fcr den gesamten Motorraum. Die zeitgem\u00e4\u00dfe BOOST-Formulierung verleiht behandelten Teilen einen urspr\u00fcnglichen und nat\u00fcrlichen seidenmatten Glanz und sch\u00fctzt den gesamten Motorraum dauerhaft vor Korrosion. Die innovative Motorversiegelung kann dabei auch auf leicht feuchten Motorfl\u00e4chen fleckenfrei appliziert werden. BOOST enth\u00e4lt keine gesundheitssch\u00e4dlichen Inhaltsstoffe und ist frei von Kohlenwasserstoffen. Den verschmutzten Motorraum gr\u00fcndlich mit SPAM Universal- bzw. RAPID Motorreiniger s\u00e4ubern. Anschlie\u00dfend BOOST gleichm\u00e4\u00dfig mit einem Pumpzerst\u00e4uber in den Motorraum spr\u00fchen und ca. 15 Minuten abtrocknen lassen &#8211; fertig! Ein Nachwischen der behandelten Fl\u00e4chen ist nicht notwendig!<\/p>","protected":false},"excerpt":{"rendered":"<p>BOOST ist eine hochwertige seidenmatte Glanzversiegelung f\u00fcr den gesamten Motorraum. Die zeitgem\u00e4\u00dfe BOOST-Formulierung verleiht behandelten Teilen einen urspr\u00fcnglichen und nat\u00fcrlichen seidenmatten Glanz und sch\u00fctzt den gesamten Motorraum dauerhaft vor Korrosion. Die innovative Motorversiegelung kann dabei auch auf leicht feuchten Motorfl\u00e4chen fleckenfrei appliziert werden. BOOST enth\u00e4lt keine gesundheitssch\u00e4dlichen Inhaltsstoffe und ist frei von Kohlenwasserstoffen. Den verschmutzten Motorraum gr\u00fcndlich mit SPAM Universal- bzw. RAPID Motorreiniger s\u00e4ubern. Anschlie\u00dfend BOOST gleichm\u00e4\u00dfig mit einem Pumpzerst\u00e4uber in den Motorraum spr\u00fchen und ca. 15 Minuten abtrocknen lassen &#8211; fertig! Ein Nachwischen der behandelten Fl\u00e4chen ist nicht notwendig!<\/p>","protected":false},"featured_media":132,"comment_status":"open","ping_status":"closed","template":"","meta":{"_et_pb_use_builder":"","_et_pb_old_content":"","_et_gb_content_width":""},"product_cat":[24],"product_tag":[],"_links":{"self":[{"href":"https:\/\/scholl-international.com\/hr\/wp-json\/wp\/v2\/product\/76"}],"collection":[{"href":"https:\/\/scholl-international.com\/hr\/wp-json\/wp\/v2\/product"}],"about":[{"href":"https:\/\/scholl-international.com\/hr\/wp-json\/wp\/v2\/types\/product"}],"replies":[{"embeddable":true,"href":"https:\/\/scholl-international.com\/hr\/wp-json\/wp\/v2\/comments?post=76"}],"wp:featuredmedia":[{"embeddable":true,"href":"https:\/\/scholl-international.com\/hr\/wp-json\/wp\/v2\/media\/132"}],"wp:attachment":[{"href":"https:\/\/scholl-international.com\/hr\/wp-json\/wp\/v2\/media?parent=76"}],"wp:term":[{"taxonomy":"product_cat","embeddable":true,"href":"https:\/\/scholl-international.com\/hr\/wp-json\/wp\/v2\/product_cat?post=76"},{"taxonomy":"product_tag","embeddable":true,"href":"https:\/\/scholl-international.com\/hr\/wp-json\/wp\/v2\/product_tag?post=76"}],"curies":[{"name":"wp","href":"https:\/\/api.w.org\/{rel}","templated":true}]}}