{"id":77,"date":"2023-05-11T11:47:25","date_gmt":"2023-05-11T11:47:25","guid":{"rendered":"http:\/\/scholl-international.com\/?post_type=product&#038;p=77"},"modified":"2023-05-11T11:50:49","modified_gmt":"2023-05-11T11:50:49","slug":"neo-polymer-versiegelung","status":"publish","type":"product","link":"https:\/\/scholl-international.com\/hr\/proizvod\/neo-polymer-versiegelung\/","title":{"rendered":"NEO POLYMER PROTECTION"},"content":{"rendered":"<p>NEO je jedinstvena, iznimno izdr\u017eljiva i polumat sjajna za\u0161tita na bazi polimera za gotovo sve vanjske povr\u0161ine vozila. Vizionarska formulacija s nevi\u0111enim rasponom upotrebe i beskompromisnom kvalitetom za\u0161tite. Prikladno za sljede\u0107e povr\u0161ine: boja, staklo, krom, guma i neobojeni plasti\u010dni dijelovi. NEO ne sadr\u017ei ugljikovodike i hlapljiva silikonska ulja.<\/p>\n<p>KORISTITI NA PRETHODNO O\u010cI\u0160\u0106ENIM POVR\u0160INAMA! GLATKE POVR\u0160INE: boja, staklo, krom Quick Finish: poprskajte NEO i obri\u0161ite crvenom MicroPLUS krpom za zavr\u0161nu obradu \u2013 gotovo! Vrhunski zavr\u0161etak: Nanesite NEO i ravnomjerno utrljajte NEO aplikatorom za nano\u0161enje i rasporedite. Pustite da se kratko osu\u0161i i zatim obri\u0161ite crvenom MicroPLUS krpom.<\/p>\n<p>STRUKTURIRANE I OTVORENE POVR\u0160INE: Plastika, gume Quick Finish: Poprskajte NEO i pustite da djeluje \u2013 gotovo! Premium Finish: Ravnomjerno raspr\u0161ite NEO i ostavite da djeluje kratko vrijeme. Rasporedite vi\u0161ak materijala pomo\u0107u NEO aplikatora za nano\u0161enje bez pritiskanja i ostavite da se osu\u0161i.<\/p>","protected":false},"excerpt":{"rendered":"<p>NEO je jedinstvena, iznimno izdr\u017eljiva i polumat sjajna za\u0161tita na bazi polimera za gotovo sve vanjske povr\u0161ine vozila. Vizionarska formulacija s nevi\u0111enim rasponom upotrebe i beskompromisnom kvalitetom za\u0161tite. Prikladno za sljede\u0107e povr\u0161ine: boja, staklo, krom, guma i neobojeni plasti\u010dni dijelovi. NEO ne sadr\u017ei ugljikovodike i hlapljiva silikonska ulja.<\/p>\n<p>KORISTITI NA PRETHODNO O\u010cI\u0160\u0106ENIM POVR\u0160INAMA! GLATKE POVR\u0160INE: boja, staklo, krom Quick Finish: poprskajte NEO i obri\u0161ite crvenom MicroPLUS krpom za zavr\u0161nu obradu \u2013 gotovo! Vrhunski zavr\u0161etak: Nanesite NEO i ravnomjerno utrljajte NEO aplikatorom za nano\u0161enje i rasporedite. Pustite da se kratko osu\u0161i i zatim obri\u0161ite crvenom MicroPLUS krpom.<\/p>\n<p>STRUKTURIRANE I OTVORENE POVR\u0160INE: Plastika, gume Quick Finish: Poprskajte NEO i pustite da djeluje \u2013 gotovo! Premium Finish: Ravnomjerno raspr\u0161ite NEO i ostavite da djeluje kratko vrijeme. Rasporedite vi\u0161ak materijala pomo\u0107u NEO aplikatora za nano\u0161enje bez pritiskanja i ostavite da se osu\u0161i.<\/p>","protected":false},"featured_media":133,"comment_status":"open","ping_status":"closed","template":"","meta":{"_et_pb_use_builder":"","_et_pb_old_content":"","_et_gb_content_width":""},"product_cat":[24],"product_tag":[],"_links":{"self":[{"href":"https:\/\/scholl-international.com\/hr\/wp-json\/wp\/v2\/product\/77"}],"collection":[{"href":"https:\/\/scholl-international.com\/hr\/wp-json\/wp\/v2\/product"}],"about":[{"href":"https:\/\/scholl-international.com\/hr\/wp-json\/wp\/v2\/types\/product"}],"replies":[{"embeddable":true,"href":"https:\/\/scholl-international.com\/hr\/wp-json\/wp\/v2\/comments?post=77"}],"wp:featuredmedia":[{"embeddable":true,"href":"https:\/\/scholl-international.com\/hr\/wp-json\/wp\/v2\/media\/133"}],"wp:attachment":[{"href":"https:\/\/scholl-international.com\/hr\/wp-json\/wp\/v2\/media?parent=77"}],"wp:term":[{"taxonomy":"product_cat","embeddable":true,"href":"https:\/\/scholl-international.com\/hr\/wp-json\/wp\/v2\/product_cat?post=77"},{"taxonomy":"product_tag","embeddable":true,"href":"https:\/\/scholl-international.com\/hr\/wp-json\/wp\/v2\/product_tag?post=77"}],"curies":[{"name":"wp","href":"https:\/\/api.w.org\/{rel}","templated":true}]}}