{"id":78,"date":"2023-05-11T11:47:25","date_gmt":"2023-05-11T11:47:25","guid":{"rendered":"http:\/\/scholl-international.com\/?post_type=product&#038;p=78"},"modified":"2023-05-11T11:50:56","modified_gmt":"2023-05-11T11:50:56","slug":"spiderpad-schwarz-weiss","status":"publish","type":"product","link":"https:\/\/scholl-international.com\/hr\/proizvod\/spiderpad-schwarz-weiss\/","title":{"rendered":"SANDWICH-SPIDERPAD BLACK\/WHITE"},"content":{"rendered":"<p>Inovativna spu\u017eva s kalibriranom povr\u0161inom i dvoslojnom strukturom, maksimalno uklanjanje uz nisko razvijanje topline na svje\u017eoj boji.<\/p>","protected":false},"excerpt":{"rendered":"<p>Inovativna spu\u017eva s kalibriranom povr\u0161inom i dvoslojnom strukturom, maksimalno uklanjanje uz nisko razvijanje topline na svje\u017eoj boji.<\/p>","protected":false},"featured_media":134,"comment_status":"open","ping_status":"closed","template":"","meta":{"_et_pb_use_builder":"","_et_pb_old_content":"","_et_gb_content_width":""},"product_cat":[25],"product_tag":[],"_links":{"self":[{"href":"https:\/\/scholl-international.com\/hr\/wp-json\/wp\/v2\/product\/78"}],"collection":[{"href":"https:\/\/scholl-international.com\/hr\/wp-json\/wp\/v2\/product"}],"about":[{"href":"https:\/\/scholl-international.com\/hr\/wp-json\/wp\/v2\/types\/product"}],"replies":[{"embeddable":true,"href":"https:\/\/scholl-international.com\/hr\/wp-json\/wp\/v2\/comments?post=78"}],"wp:featuredmedia":[{"embeddable":true,"href":"https:\/\/scholl-international.com\/hr\/wp-json\/wp\/v2\/media\/134"}],"wp:attachment":[{"href":"https:\/\/scholl-international.com\/hr\/wp-json\/wp\/v2\/media?parent=78"}],"wp:term":[{"taxonomy":"product_cat","embeddable":true,"href":"https:\/\/scholl-international.com\/hr\/wp-json\/wp\/v2\/product_cat?post=78"},{"taxonomy":"product_tag","embeddable":true,"href":"https:\/\/scholl-international.com\/hr\/wp-json\/wp\/v2\/product_tag?post=78"}],"curies":[{"name":"wp","href":"https:\/\/api.w.org\/{rel}","templated":true}]}}