{"id":88,"date":"2023-05-11T11:47:54","date_gmt":"2023-05-11T11:47:54","guid":{"rendered":"http:\/\/scholl-international.com\/?post_type=product&#038;p=88"},"modified":"2023-05-11T11:51:30","modified_gmt":"2023-05-11T11:51:30","slug":"premium-softouch-topwool-weiss","status":"publish","type":"product","link":"https:\/\/scholl-international.com\/hr\/proizvod\/premium-softouch-topwool-weiss\/","title":{"rendered":"PREMIUM SOFTOUCH-TOPWOOL WHITE"},"content":{"rendered":"<p>Vrhunski disk za poliranje izra\u0111en od 100%-tne vune za maksimalne performanse na te\u0161kim ogrebotinama i oste\u0107enim gelcoat povr\u0161inama<\/p>","protected":false},"excerpt":{"rendered":"<p>Vrhunski disk za poliranje izra\u0111en od 100%-tne vune za maksimalne performanse na te\u0161kim ogrebotinama i oste\u0107enim gelcoat povr\u0161inama<\/p>","protected":false},"featured_media":143,"comment_status":"open","ping_status":"closed","template":"","meta":{"_et_pb_use_builder":"","_et_pb_old_content":"","_et_gb_content_width":""},"product_cat":[25],"product_tag":[],"_links":{"self":[{"href":"https:\/\/scholl-international.com\/hr\/wp-json\/wp\/v2\/product\/88"}],"collection":[{"href":"https:\/\/scholl-international.com\/hr\/wp-json\/wp\/v2\/product"}],"about":[{"href":"https:\/\/scholl-international.com\/hr\/wp-json\/wp\/v2\/types\/product"}],"replies":[{"embeddable":true,"href":"https:\/\/scholl-international.com\/hr\/wp-json\/wp\/v2\/comments?post=88"}],"wp:featuredmedia":[{"embeddable":true,"href":"https:\/\/scholl-international.com\/hr\/wp-json\/wp\/v2\/media\/143"}],"wp:attachment":[{"href":"https:\/\/scholl-international.com\/hr\/wp-json\/wp\/v2\/media?parent=88"}],"wp:term":[{"taxonomy":"product_cat","embeddable":true,"href":"https:\/\/scholl-international.com\/hr\/wp-json\/wp\/v2\/product_cat?post=88"},{"taxonomy":"product_tag","embeddable":true,"href":"https:\/\/scholl-international.com\/hr\/wp-json\/wp\/v2\/product_tag?post=88"}],"curies":[{"name":"wp","href":"https:\/\/api.w.org\/{rel}","templated":true}]}}